{"id":7239,"date":"2025-11-22T07:02:05","date_gmt":"2025-11-22T07:02:05","guid":{"rendered":"https:\/\/rockkofertas.com.es\/index.php\/producto\/b0d2hmvqky-2\/"},"modified":"2025-11-22T07:02:05","modified_gmt":"2025-11-22T07:02:05","slug":"b0d2hmvqky-2","status":"publish","type":"product","link":"https:\/\/rockkofertas.com.es\/index.php\/producto\/b0d2hmvqky-2\/","title":{"rendered":"B0D2HMVQKY"},"content":{"rendered":"<p>&#8211; \u2705\u3010Innovadora tecnolog\u00eda de vac\u00edo\u3011- La Licuadora port\u00e1til AMZCHEF cuenta con una avanzada tecnolog\u00eda de vac\u00edo que crea un potente sellado de 55kPa, minimizando la oxidaci\u00f3n para mantener su zumo fresco y nutritivo durante m\u00e1s tiempo. Esta tecnolog\u00eda preserva los sabores naturales y las vitaminas, evitando la separaci\u00f3n y la formaci\u00f3n de espuma para una bebida m\u00e1s suave. Primero el vac\u00edo, luego la mezcla: Menos burbujas, mejor textura<br \/>\n&#8211; \u2705\u3010Estructura mejorada de 10 cuchillas\u3011- Nuestra batidora port\u00e1til con USB cuenta con un cabezal mejorado de 10 cuchillas, que giran a unas impresionantes 18.000 RPM. Este avanzado dise\u00f1o incorpora una estructura de flujo turbulento tridimensional, lo que garantiza una mezcla completa desde todos los \u00e1ngulos. No se deja ning\u00fan rinc\u00f3n sin tocar, lo que da como resultado una mezcla homog\u00e9nea y uniforme en cada uso.<br \/>\n&#8211; \u2705\u3010Puerto de carga impermeable Tipo-C\u3011- Puede cargar su batidora en cualquier momento y en cualquier lugar utilizando su ordenador, banco de energ\u00eda o cargador, asegur\u00e1ndose de que su batidora peque\u00f1a portatil para batidos y smoothies tenga suficiente energ\u00eda para satisfacer sus necesidades. El dise\u00f1o resistente al agua a\u00f1ade una capa adicional de comodidad y durabilidad, por lo que es perfecta tanto para uso dom\u00e9stico como para aventuras sobre la marcha.<br \/>\n&#8211; \u2705\u3010Sin BPA, apto para lavavajillas\u3011- Nuestra mini batidora de vaso est\u00e1 fabricada con material Tritan, lo que garantiza que est\u00e1 libre de BPA para una experiencia de bebida saludable. Su dise\u00f1o f\u00e1cil de desmontar y limpiar permite un mantenimiento sin complicaciones. Simplemente enjuague el conjunto de cuchillas bajo el grifo y coloque el recipiente en el lavavajillas.<br \/>\n&#8211; \u2705\u3010Dise\u00f1o abatible, disfrute de un sorbo suave\u3011- La batidora de vaso portatil cuenta con un pr\u00e1ctico dise\u00f1o de tapa abatible, lo que le permite disfrutar de un sorbo suave directamente de la taza. Con una capacidad de 380 ml y un peso de s\u00f3lo 1 libra, es f\u00e1cil de llevar en cualquier ocasi\u00f3n, ya sea para hacer ejercicio, viajar, acampar, pescar, trabajar o relajarse en casa.<\/p>\n","protected":false},"excerpt":{"rendered":"<p>AMZCHEF Batidora de Vaso Portatil &#8211; Mini Batidora al Vac\u00edo para Batidos y Smoothies &#8211; Gran Poder de Corte con 10 Cuchillas &#8211; Licuadora Portatil para Deportes, Viajes, Senderismo (Tipo-C, Libre de BPA)<br \/>#Publicidad <span class=\"read-more\"><a class=\"more-link btn btn-transparent\" href=\"https:\/\/rockkofertas.com.es\/index.php\/producto\/b0d2hmvqky-2\/\">Leer m\u00e1s&#8230;<\/a><\/span><\/p>\n","protected":false},"featured_media":7238,"comment_status":"open","ping_status":"closed","template":"","meta":[],"product_cat":[15],"product_tag":[],"class_list":{"0":"post-7239","1":"product","2":"type-product","3":"status-publish","4":"has-post-thumbnail","6":"product_cat-sin-categorizar","8":"first","9":"instock","10":"shipping-taxable","11":"product-type-external"},"_links":{"self":[{"href":"https:\/\/rockkofertas.com.es\/index.php\/wp-json\/wp\/v2\/product\/7239","targetHints":{"allow":["GET"]}}],"collection":[{"href":"https:\/\/rockkofertas.com.es\/index.php\/wp-json\/wp\/v2\/product"}],"about":[{"href":"https:\/\/rockkofertas.com.es\/index.php\/wp-json\/wp\/v2\/types\/product"}],"replies":[{"embeddable":true,"href":"https:\/\/rockkofertas.com.es\/index.php\/wp-json\/wp\/v2\/comments?post=7239"}],"wp:featuredmedia":[{"embeddable":true,"href":"https:\/\/rockkofertas.com.es\/index.php\/wp-json\/wp\/v2\/media\/7238"}],"wp:attachment":[{"href":"https:\/\/rockkofertas.com.es\/index.php\/wp-json\/wp\/v2\/media?parent=7239"}],"wp:term":[{"taxonomy":"product_cat","embeddable":true,"href":"https:\/\/rockkofertas.com.es\/index.php\/wp-json\/wp\/v2\/product_cat?post=7239"},{"taxonomy":"product_tag","embeddable":true,"href":"https:\/\/rockkofertas.com.es\/index.php\/wp-json\/wp\/v2\/product_tag?post=7239"}],"curies":[{"name":"wp","href":"https:\/\/api.w.org\/{rel}","templated":true}]}}