{"id":7233,"date":"2025-11-21T21:48:18","date_gmt":"2025-11-21T21:48:18","guid":{"rendered":"https:\/\/rockkofertas.com.es\/index.php\/producto\/b0bdkjfrx4\/"},"modified":"2025-11-21T21:48:18","modified_gmt":"2025-11-21T21:48:18","slug":"b0bdkjfrx4","status":"publish","type":"product","link":"https:\/\/rockkofertas.com.es\/index.php\/producto\/b0bdkjfrx4\/","title":{"rendered":"B0BDKJFRX4"},"content":{"rendered":"<p>&#8211; [Compatibilidad]: Dise\u00f1ado para iPad 11.\u00aa Generaci\u00f3n 2025 (A16) (Modelos: A3354, A3355, A3356), 11 pulgadas; y iPad 10.\u00aa Generaci\u00f3n 2022, 10,9 pulgadas (Modelos: A2696, A2757, A2777). No compatible con iPad Air 11&#8243; ni iPad Pro 11&#8243; (modelos 2024\/2025). Por favor, confirme el n\u00famero de modelo antes de realizar la compra.<br \/>\n&#8211; [Dureza extrema]: Vidrio templado con dureza 9H que ofrece protecci\u00f3n eficaz contra ara\u00f1azos, ca\u00eddas e impactos, manteniendo la pantalla de su iPad siempre segura y limpia.<br \/>\n&#8211; [Alta definici\u00f3n]: Transparencia del 99,99 % para una visualizaci\u00f3n clara y n\u00edtida; capa oleof\u00f3bica que reduce huellas, manchas y residuos de grasa, manteniendo la pantalla impecable.<br \/>\n&#8211; [Sensibilidad precisa]: Grosor ultrafino de solo 0,33 mm que garantiza una respuesta t\u00e1ctil r\u00e1pida y fluida; totalmente compatible con Face ID y Apple Pencil, conservando la sensaci\u00f3n original de la pantalla.<br \/>\n&#8211; [Instalaci\u00f3n sencilla]: Corte preciso y adhesivo de silicona avanzado para una colocaci\u00f3n sin burbujas en segundos. Se retira f\u00e1cilmente sin dejar residuos.<\/p>\n","protected":false},"excerpt":{"rendered":"<p>ProCase 2 Piezas Protector de Pantalla para iPad 11\u00aa Gen A16 2025 A3354 A3355 &amp; iPad 10\u00aa Gen 10.9&#8243; 2022 \u2013 Cristal Templado Transparente, Alta Sensibilidad y Protecci\u00f3n Antirayaduras<br \/>#Publicidad <span class=\"read-more\"><a class=\"more-link btn btn-transparent\" href=\"https:\/\/rockkofertas.com.es\/index.php\/producto\/b0bdkjfrx4\/\">Leer m\u00e1s&#8230;<\/a><\/span><\/p>\n","protected":false},"featured_media":7232,"comment_status":"open","ping_status":"closed","template":"","meta":[],"product_cat":[15],"product_tag":[],"class_list":{"0":"post-7233","1":"product","2":"type-product","3":"status-publish","4":"has-post-thumbnail","6":"product_cat-sin-categorizar","8":"first","9":"instock","10":"shipping-taxable","11":"product-type-external"},"_links":{"self":[{"href":"https:\/\/rockkofertas.com.es\/index.php\/wp-json\/wp\/v2\/product\/7233","targetHints":{"allow":["GET"]}}],"collection":[{"href":"https:\/\/rockkofertas.com.es\/index.php\/wp-json\/wp\/v2\/product"}],"about":[{"href":"https:\/\/rockkofertas.com.es\/index.php\/wp-json\/wp\/v2\/types\/product"}],"replies":[{"embeddable":true,"href":"https:\/\/rockkofertas.com.es\/index.php\/wp-json\/wp\/v2\/comments?post=7233"}],"wp:featuredmedia":[{"embeddable":true,"href":"https:\/\/rockkofertas.com.es\/index.php\/wp-json\/wp\/v2\/media\/7232"}],"wp:attachment":[{"href":"https:\/\/rockkofertas.com.es\/index.php\/wp-json\/wp\/v2\/media?parent=7233"}],"wp:term":[{"taxonomy":"product_cat","embeddable":true,"href":"https:\/\/rockkofertas.com.es\/index.php\/wp-json\/wp\/v2\/product_cat?post=7233"},{"taxonomy":"product_tag","embeddable":true,"href":"https:\/\/rockkofertas.com.es\/index.php\/wp-json\/wp\/v2\/product_tag?post=7233"}],"curies":[{"name":"wp","href":"https:\/\/api.w.org\/{rel}","templated":true}]}}