{"id":7231,"date":"2025-11-21T21:47:53","date_gmt":"2025-11-21T21:47:53","guid":{"rendered":"https:\/\/rockkofertas.com.es\/index.php\/producto\/b0btphnshg\/"},"modified":"2025-11-21T21:47:53","modified_gmt":"2025-11-21T21:47:53","slug":"b0btphnshg","status":"publish","type":"product","link":"https:\/\/rockkofertas.com.es\/index.php\/producto\/b0btphnshg\/","title":{"rendered":"B0BTPHNSHG"},"content":{"rendered":"<p>&#8211; Medici\u00f3n del Consumo de Energ\u00eda: Con el medidor de consumo interno, enchufe wifi mide el consumo de energ\u00eda y tambi\u00e9n realiza un registro a largo plazo. Nuestro enchufe inal\u00e1mbrico admite la corriente m\u00e1xima de 16A y la potencia m\u00e1xima de 3680W. Con la aplicaci\u00f3n, puede ver claramente cu\u00e1nta energ\u00eda han consumido los dispositivos de alta potencia. Esto puede ahorrar un 10% de electricidad.<br \/>\n&#8211; Funci\u00f3n de Temporizador: Con la aplicaci\u00f3n puede controlar sus dispositivos el\u00e9ctricos de acuerdo con sus deseos. De esta manera, siempre tiene un control total sobre el consumo de todos los dispositivos y tambi\u00e9n evita tiempos de espera innecesarios.<br \/>\n&#8211; Control de Voz: Inicie un nuevo dispositivo en la aplicaci\u00f3n Smart Life y luego busque a trav\u00e9s de una aplicaci\u00f3n de terceros o, alternativamente, mediante un comando de voz. El conjunto de enchufes de Alexa se agrega luego al \u00e1rea de la casa inteligente y se puede encender o apagar all\u00ed o mediante un comando de voz.<br \/>\n&#8211; Dispositivos grupales y Family Share: Tambi\u00e9n puede integrar todos los dispositivos el\u00e9ctricos como l\u00e1mparas, bombillas, tiras de LED, ventiladores y fabricantes de carcasas en su hogar inteligente utilizando los enchufes inteligentes. Tambi\u00e9n puede compartir el control con su familia usando la funci\u00f3n para compartir dispositivos<br \/>\n&#8211; Garant\u00eda de seguridad: Con las certificaciones CE, WEEE y RoHS, el enchufe inteligente est\u00e1 hecho de material ign\u00edfugo PC-V0 de alta calidad, chips inteligentes avanzados y lat\u00f3n niquelado, con la funci\u00f3n de protecci\u00f3n contra sobrecalentamiento y sobretensi\u00f3n para proteger su seguridad tambi\u00e9n ya que al mismo tiempo protegen los dispositivos electr\u00f3nicos de da\u00f1os.<\/p>\n","protected":false},"excerpt":{"rendered":"<p>GHome Smart Enchufe Inteligente,Smart Alexa Plug Compatible con Alexa Google Home,Control Remoto por APP,Mide el Consumo de Energ\u00eda Temporizador de Control de Voz, SOLO en Wi-Fi de 2.4 GHz,4pcs Blanco<br \/>#Publicidad <span class=\"read-more\"><a class=\"more-link btn btn-transparent\" href=\"https:\/\/rockkofertas.com.es\/index.php\/producto\/b0btphnshg\/\">Leer m\u00e1s&#8230;<\/a><\/span><\/p>\n","protected":false},"featured_media":7230,"comment_status":"open","ping_status":"closed","template":"","meta":[],"product_cat":[15],"product_tag":[],"class_list":{"0":"post-7231","1":"product","2":"type-product","3":"status-publish","4":"has-post-thumbnail","6":"product_cat-sin-categorizar","8":"first","9":"instock","10":"shipping-taxable","11":"product-type-external"},"_links":{"self":[{"href":"https:\/\/rockkofertas.com.es\/index.php\/wp-json\/wp\/v2\/product\/7231","targetHints":{"allow":["GET"]}}],"collection":[{"href":"https:\/\/rockkofertas.com.es\/index.php\/wp-json\/wp\/v2\/product"}],"about":[{"href":"https:\/\/rockkofertas.com.es\/index.php\/wp-json\/wp\/v2\/types\/product"}],"replies":[{"embeddable":true,"href":"https:\/\/rockkofertas.com.es\/index.php\/wp-json\/wp\/v2\/comments?post=7231"}],"wp:featuredmedia":[{"embeddable":true,"href":"https:\/\/rockkofertas.com.es\/index.php\/wp-json\/wp\/v2\/media\/7230"}],"wp:attachment":[{"href":"https:\/\/rockkofertas.com.es\/index.php\/wp-json\/wp\/v2\/media?parent=7231"}],"wp:term":[{"taxonomy":"product_cat","embeddable":true,"href":"https:\/\/rockkofertas.com.es\/index.php\/wp-json\/wp\/v2\/product_cat?post=7231"},{"taxonomy":"product_tag","embeddable":true,"href":"https:\/\/rockkofertas.com.es\/index.php\/wp-json\/wp\/v2\/product_tag?post=7231"}],"curies":[{"name":"wp","href":"https:\/\/api.w.org\/{rel}","templated":true}]}}