{"id":7229,"date":"2025-11-21T21:37:17","date_gmt":"2025-11-21T21:37:17","guid":{"rendered":"https:\/\/rockkofertas.com.es\/index.php\/producto\/b0d36dnpxn\/"},"modified":"2025-11-21T21:37:17","modified_gmt":"2025-11-21T21:37:17","slug":"b0d36dnpxn","status":"publish","type":"product","link":"https:\/\/rockkofertas.com.es\/index.php\/producto\/b0d36dnpxn\/","title":{"rendered":"B0D36DNPXN"},"content":{"rendered":"<p>&#8211; SIMPLIFICA TU COCINA: Con las sartenes y cazos Ingenio, transforma tu forma de cocinar. Gracias a su mango extra\u00edble y su pr\u00e1ctico sistema de un solo clic, ahora puedes cocinar en el fuego, pasar al horno, servir directamente en la mesa y guardar en la nevera. Todo en un mismo recipiente.<br \/>\n&#8211; AHORRO DE ESPACIO: Apila las sartenes y cazos para conseguir un almacenamiento compacto. Mayor espacio y orden en tu cocina.<br \/>\n&#8211; MANGO EXTRA\u00cdBLE SEGURO: El mango extra\u00edble, seguro y patentado, soporta hasta 10 kg y cuenta con una garant\u00eda de 10 a\u00f1os<br \/>\n&#8211; RESISTENCIA ANTIRRAYADURAS: Su revestimiento antiadherente y antirrayaduras de titanio 2X, reforzado con cristal ultraduro, dura hasta 2veces m\u00e1s que el est\u00e1ndar de Tefal. Es un antiadherente seguro, libre de PFOA, plomo y cadmio<br \/>\n&#8211; INDICADOR DE CALOR: La innovadora zona Thermo-Signal cambia de color cuando alcanza la temperatura ideal para cocinar, asegurando un dorado \u00f3ptimo y jugosidad en tus recetas en todo momento.<\/p>\n","protected":false},"excerpt":{"rendered":"<p>Tefal Ingenio Emotion &#8211; Juego de 3 Sartenes 22\/24\/28 cm + Mango extra\u00edble, Apto inducci\u00f3n, antiadherentes, revestimiento titanio, Thermo-signal, apto lavavajillas y horno<br \/>#Publicidad <span class=\"read-more\"><a class=\"more-link btn btn-transparent\" href=\"https:\/\/rockkofertas.com.es\/index.php\/producto\/b0d36dnpxn\/\">Leer m\u00e1s&#8230;<\/a><\/span><\/p>\n","protected":false},"featured_media":7228,"comment_status":"open","ping_status":"closed","template":"","meta":[],"product_cat":[15],"product_tag":[],"class_list":{"0":"post-7229","1":"product","2":"type-product","3":"status-publish","4":"has-post-thumbnail","6":"product_cat-sin-categorizar","8":"first","9":"instock","10":"shipping-taxable","11":"product-type-external"},"_links":{"self":[{"href":"https:\/\/rockkofertas.com.es\/index.php\/wp-json\/wp\/v2\/product\/7229","targetHints":{"allow":["GET"]}}],"collection":[{"href":"https:\/\/rockkofertas.com.es\/index.php\/wp-json\/wp\/v2\/product"}],"about":[{"href":"https:\/\/rockkofertas.com.es\/index.php\/wp-json\/wp\/v2\/types\/product"}],"replies":[{"embeddable":true,"href":"https:\/\/rockkofertas.com.es\/index.php\/wp-json\/wp\/v2\/comments?post=7229"}],"wp:featuredmedia":[{"embeddable":true,"href":"https:\/\/rockkofertas.com.es\/index.php\/wp-json\/wp\/v2\/media\/7228"}],"wp:attachment":[{"href":"https:\/\/rockkofertas.com.es\/index.php\/wp-json\/wp\/v2\/media?parent=7229"}],"wp:term":[{"taxonomy":"product_cat","embeddable":true,"href":"https:\/\/rockkofertas.com.es\/index.php\/wp-json\/wp\/v2\/product_cat?post=7229"},{"taxonomy":"product_tag","embeddable":true,"href":"https:\/\/rockkofertas.com.es\/index.php\/wp-json\/wp\/v2\/product_tag?post=7229"}],"curies":[{"name":"wp","href":"https:\/\/api.w.org\/{rel}","templated":true}]}}