{"id":7227,"date":"2025-11-21T21:30:21","date_gmt":"2025-11-21T21:30:21","guid":{"rendered":"https:\/\/rockkofertas.com.es\/index.php\/producto\/b0f1d1q22z\/"},"modified":"2025-11-21T21:30:21","modified_gmt":"2025-11-21T21:30:21","slug":"b0f1d1q22z","status":"publish","type":"product","link":"https:\/\/rockkofertas.com.es\/index.php\/producto\/b0f1d1q22z\/","title":{"rendered":"B0F1D1Q22Z"},"content":{"rendered":"<p>&#8211; Actualizar de regalo mejorada del kit de cigarrillo electr\u00f3nico:sin nicotina2 x cabezal de vaporizador de repuesto de 0.3Ohm,1 x Gent Mod, 1 x vaporizador Gent 2ml TF, 1 x tubo Galss de repuesto,1 x cable micro-USB. Juego de cigarrillos electr\u00f3nicos perfecto y completo de Manvap. No Nicotina<br \/>\n&#8211; Bater\u00eda recargable de larga duraci\u00f3n&#8211;El e-cigarrillo incorporado 2200mAh recargable de bater\u00eda de litio de alta calidad, bater\u00eda de litio de alta calidad que le da una larga vida al cigarrillo electr\u00f3nico. Le brinda un tiempo de vapor potente, duradero y duradero. El puerto USB externo. Forma peque\u00f1a y exquisita para que usted pueda usarla en cualquier momento y en cualquier lugar. No Nicotina<br \/>\n&#8211; Dise\u00f1o de moda y pantalla HD OLED&#8211; La pantalla grande y clara muestra el nivel de vatios y la resistencia del atomizador en tiempo real y el estado de la bater\u00eda, cuyo bot\u00f3n \u00ab+\u00bb \u00ab-\u00bb facilita el control del vataje, con una precisi\u00f3n de 1W por pasos. Simplemente puede llenar el e-l\u00edquido desde arriba y no tiene que desenroscar el vaporizador del cigarrillo electr\u00f3nico.No Nicotina<br \/>\n&#8211; Para encender o apagar, pulse el bot\u00f3n de encendido 5 veces r\u00e1pidamente. Manual de cinco pa\u00edses en espa\u00f1ol, franc\u00e9s, italiano, alem\u00e1n e ingl\u00e9s. \u2709Si tiene alg\u00fan problema, cont\u00e1ctenos. Haremos todo lo posible para ofrecer el 100% de satisfacci\u00f3n del<br \/>\n&#8211; Diversas protecciones de seguridad Protecci\u00f3n contra sobrecargas, protecci\u00f3n contra cortocircuitos, protecci\u00f3n contra baja tensi\u00f3n, protecci\u00f3n contra sobrecalentamiento, protecci\u00f3n contra alta y baja resistencia. Seguro y confiable. Presione el bot\u00f3n de disparo en el lateral cinco veces r\u00e1pidamente para iniciar el dispositivo.No Nicotina<\/p>\n","protected":false},"excerpt":{"rendered":"<p>Cigarrillo Electronico de Vapor Vaper Kit Manvap\u00ae Gent 80W Cigarro Electronico -Vaporizador completo Recargable 2200mAh OLED Pantalla con 0.3Ohm Atomizaci\u00f3n sin nicotina<br \/>#Publicidad <span class=\"read-more\"><a class=\"more-link btn btn-transparent\" href=\"https:\/\/rockkofertas.com.es\/index.php\/producto\/b0f1d1q22z\/\">Leer m\u00e1s&#8230;<\/a><\/span><\/p>\n","protected":false},"featured_media":7226,"comment_status":"open","ping_status":"closed","template":"","meta":[],"product_cat":[15],"product_tag":[],"class_list":{"0":"post-7227","1":"product","2":"type-product","3":"status-publish","4":"has-post-thumbnail","6":"product_cat-sin-categorizar","8":"first","9":"instock","10":"shipping-taxable","11":"product-type-external"},"_links":{"self":[{"href":"https:\/\/rockkofertas.com.es\/index.php\/wp-json\/wp\/v2\/product\/7227","targetHints":{"allow":["GET"]}}],"collection":[{"href":"https:\/\/rockkofertas.com.es\/index.php\/wp-json\/wp\/v2\/product"}],"about":[{"href":"https:\/\/rockkofertas.com.es\/index.php\/wp-json\/wp\/v2\/types\/product"}],"replies":[{"embeddable":true,"href":"https:\/\/rockkofertas.com.es\/index.php\/wp-json\/wp\/v2\/comments?post=7227"}],"wp:featuredmedia":[{"embeddable":true,"href":"https:\/\/rockkofertas.com.es\/index.php\/wp-json\/wp\/v2\/media\/7226"}],"wp:attachment":[{"href":"https:\/\/rockkofertas.com.es\/index.php\/wp-json\/wp\/v2\/media?parent=7227"}],"wp:term":[{"taxonomy":"product_cat","embeddable":true,"href":"https:\/\/rockkofertas.com.es\/index.php\/wp-json\/wp\/v2\/product_cat?post=7227"},{"taxonomy":"product_tag","embeddable":true,"href":"https:\/\/rockkofertas.com.es\/index.php\/wp-json\/wp\/v2\/product_tag?post=7227"}],"curies":[{"name":"wp","href":"https:\/\/api.w.org\/{rel}","templated":true}]}}