{"id":7225,"date":"2025-11-21T21:24:06","date_gmt":"2025-11-21T21:24:06","guid":{"rendered":"https:\/\/rockkofertas.com.es\/index.php\/producto\/b0f8bbg9l9\/"},"modified":"2025-11-21T21:24:06","modified_gmt":"2025-11-21T21:24:06","slug":"b0f8bbg9l9","status":"publish","type":"product","link":"https:\/\/rockkofertas.com.es\/index.php\/producto\/b0f8bbg9l9\/","title":{"rendered":"B0F8BBG9L9"},"content":{"rendered":"<p>&#8211; Cambio de Juego para Tatuadores y Principiantes: Yowell H1 termocopiadora tattoo con 588g es tan ligera como una botella de agua y con un tama\u00f1o de 29.2&#215;6.2&#215;4.2cm, s\u00f3lo un 30% del tama\u00f1o de las m\u00e1quinas de transferencia de tatuajes tradicionales. La Impresora tattoo es muy delgado y ocupa muy poco espacio en un mostrador o una mesa. Impresora tatuajes se desliza en tu mochila como un cuaderno de bocetos, listo para ir all\u00e1 donde te lleve la inspiraci\u00f3n. La plantilla de tatuaje viene con 10 hojas de papel de transferencia, \u00a1transfiere tu idea en arte nada m\u00e1s sacarla de la caja!<br \/>\n&#8211; 2025 Funci\u00f3n Antiarrugas Mejorada para Transferencia Precisa: Con funci\u00f3n antiarrugas, la impresora termica tattoo transfiere impecablemente incluso los dise\u00f1os m\u00e1s intrincados al papel de la plantilla, ahorrando mucho tiempo y esfuerzo. Ya no hay que preocuparse de dibujar a mano y estropear una l\u00ednea. Cada plantilla sale perfectamente alineada y sin manchas ni atascos, lo que es crucial cuando se trata de precisi\u00f3n en el tatuaje.<br \/>\n&#8211; Alta Compatibilidad: Para smartphones\/tablets, la termocopiadora cuenta con una avanzada capacidad de conexi\u00f3n Bluetooth, perfectamente compatible con sistemas Android\/iOS. Una vez conectado con Bluetooth, puedes imprimir plantillas de tatuajes en la aplicaci\u00f3n \u201cTattoo Go\u201d en cualquier momento y lugar. Para PC, la impresora para tatuajes tambi\u00e9n es compatible con Windows\/Mac OS\/Chrome OS\/Linux, s\u00f3lo tiene que conectar a trav\u00e9s del cable USB y descargar el controlador en primer lugar.<br \/>\n&#8211; Bater\u00eda Mejorada de 2000mAh: La termocopiadora tatuaje se ha mejorado el rendimiento de su bater\u00eda para mejorar la vida de la bater\u00eda para imprimir m\u00e1s papeles, en comparaci\u00f3n con las impresoras de 1200mAh. La tattoo printer puede funcionar 200 horas con una carga completa e imprimir 240 piezas de papel para tatuajes. Una herramienta vers\u00e1til que aumenta la eficacia en cualquier estudio o instalaci\u00f3n m\u00f3vil.<br \/>\n&#8211; F\u00e1cil de Usar: Con s\u00f3lo unos botones, la impresora termica tatuaje le permite transferir r\u00e1pidamente dise\u00f1os a papel de estarcido con precisi\u00f3n. App es super claro y f\u00e1cil de utilizar, con detalles precisos sobre el tama\u00f1o y la capacidad de cambiar el tama\u00f1o antes de imprimir. Dulce compa\u00f1\u00eda de tatuaje para los artistas del tatuaje o principiantes en el estudio del tatuaje, en casa o actividades al aire libre.<br \/>\n&#8211; Asistencia 24\/7: Nosotros, el equipo de Yowell, respaldamos plenamente nuestro producto y le ofrecemos asesoramiento t\u00e9cnico y asistencia en cualquier momento si lo necesita. Como profesional tattoo machine, Yowell H1 termocopiadora tattoo se someten a rigurosas pruebas para garantizar su excelente calidad antes de ser entregados en su domicilio. Si tiene alguna duda al utilizarlo, consulte a nuestro equipo t\u00e9cnico en cualquier momento.<\/p>\n","protected":false},"excerpt":{"rendered":"<p>Yowell H1 Termocopiadora Tattoo, Impresora Tattoo, Impresora Tatuajes con 10pcs Papel, Impresora Termica Tattoo para Smartphone PC, Termocopiadora Tatuaje para Artistas del Tatuaje y Principiantes<br \/>#Publicidad <span class=\"read-more\"><a class=\"more-link btn btn-transparent\" href=\"https:\/\/rockkofertas.com.es\/index.php\/producto\/b0f8bbg9l9\/\">Leer m\u00e1s&#8230;<\/a><\/span><\/p>\n","protected":false},"featured_media":7224,"comment_status":"open","ping_status":"closed","template":"","meta":[],"product_cat":[15],"product_tag":[],"class_list":{"0":"post-7225","1":"product","2":"type-product","3":"status-publish","4":"has-post-thumbnail","6":"product_cat-sin-categorizar","8":"first","9":"instock","10":"shipping-taxable","11":"product-type-external"},"_links":{"self":[{"href":"https:\/\/rockkofertas.com.es\/index.php\/wp-json\/wp\/v2\/product\/7225","targetHints":{"allow":["GET"]}}],"collection":[{"href":"https:\/\/rockkofertas.com.es\/index.php\/wp-json\/wp\/v2\/product"}],"about":[{"href":"https:\/\/rockkofertas.com.es\/index.php\/wp-json\/wp\/v2\/types\/product"}],"replies":[{"embeddable":true,"href":"https:\/\/rockkofertas.com.es\/index.php\/wp-json\/wp\/v2\/comments?post=7225"}],"wp:featuredmedia":[{"embeddable":true,"href":"https:\/\/rockkofertas.com.es\/index.php\/wp-json\/wp\/v2\/media\/7224"}],"wp:attachment":[{"href":"https:\/\/rockkofertas.com.es\/index.php\/wp-json\/wp\/v2\/media?parent=7225"}],"wp:term":[{"taxonomy":"product_cat","embeddable":true,"href":"https:\/\/rockkofertas.com.es\/index.php\/wp-json\/wp\/v2\/product_cat?post=7225"},{"taxonomy":"product_tag","embeddable":true,"href":"https:\/\/rockkofertas.com.es\/index.php\/wp-json\/wp\/v2\/product_tag?post=7225"}],"curies":[{"name":"wp","href":"https:\/\/api.w.org\/{rel}","templated":true}]}}