{"id":7223,"date":"2025-11-21T20:46:41","date_gmt":"2025-11-21T20:46:41","guid":{"rendered":"https:\/\/rockkofertas.com.es\/index.php\/producto\/b0fmk9mxhg-2\/"},"modified":"2025-11-21T20:46:41","modified_gmt":"2025-11-21T20:46:41","slug":"b0fmk9mxhg-2","status":"publish","type":"product","link":"https:\/\/rockkofertas.com.es\/index.php\/producto\/b0fmk9mxhg-2\/","title":{"rendered":"B0FMK9MXHG"},"content":{"rendered":"<p>&#8211; \ud83d\udccc\u3010\ud835\ude4d\ud835\ude5a\ud835\ude58\ud835\ude6a\ud835\ude5a\ud835\ude67\ud835\ude59\ud835\ude64 \ud835\ude4e\ud835\ude64\ud835\ude57\ud835\ude67\ud835\ude5a \ud835\ude3e\ud835\ude64\ud835\ude62\ud835\ude65\ud835\ude56\ud835\ude69\ud835\ude5e\ud835\ude57\ud835\ude5e\ud835\ude61\ud835\ude5e\ud835\ude59\ud835\ude56\ud835\ude59\u3011 \u2460 Su veh\u00edculo debe soportar Carplay cableado original o Android Auto \u2461 No es compatible con CarPlay inal\u00e1mbrico original \u2462 iPhone: Requiere iOS 10.0 o superior. Tel\u00e9fono Android: Requiere Android 11+. Huawei y Xiaomi no son compatibles \u2463 No disponible para BMW y Tesla \u2464 \ud835\ude49\ud835\ude64 \ud835\ude68\ud835\ude5a \ud835\ude56\ud835\ude65\ud835\ude64\ud835\ude6e\ud835\ude56 \ud835\ude69\ud835\ude5a\ud835\ude62\ud835\ude65\ud835\ude64\ud835\ude67\ud835\ude56\ud835\ude61\ud835\ude62\ud835\ude5a\ud835\ude63\ud835\ude69\ud835\ude5a \ud835\ude5e\ud835\ude64\ud835\ude68 26<br \/>\n&#8211; \ud83d\ude95\u3010\ud835\ude44\ud835\ude62\ud835\ude65\ud835\ude64\ud835\ude67\ud835\ude69\ud835\ude56\ud835\ude63\ud835\ude69\ud835\ude5a: \ud835\ude3e\ud835\ude64\ud835\ude63\ud835\ude5b\ud835\ude5e\ud835\ude5c\ud835\ude6a\ud835\ude67\ud835\ude56\ud835\ude58\ud835\ude5e\u00f3\ud835\ude63 \ud835\ude59\ud835\ude5a\ud835\ude61 \ud835\ude4b\ud835\ude67\ud835\ude64\ud835\ude69\ud835\ude64\ud835\ude58\ud835\ude64\ud835\ude61\ud835\ude64 \ud835\ude3c\ud835\ude63\ud835\ude59\ud835\ude67\ud835\ude64\ud835\ude5e\ud835\ude59 \ud835\ude3c\ud835\ude6a\ud835\ude69\ud835\ude64\u3011 De forma predeterminada, el AI Box funciona en modo A-pple CarPlay. Si su veh\u00edculo solo soporta Android Auto, tendr\u00e1 que cambiar el protocolo manualmente. Simplemente utilice la herramienta incluida para presionar y mantener pulsado el bot\u00f3n de restablecimiento (el primer puerto peque\u00f1o) en el adaptador durante 3 segundos. Un indicador azul brillante confirmar\u00e1 que el protocolo ha sido cambiado con \u00e9xito<br \/>\n&#8211; \ud83c\udfa5\u3010\ud835\ude3f\ud835\ude5a\ud835\ude68\ud835\ude58\ud835\ude56\ud835\ude67\ud835\ude5c\ud835\ude56\ud835\ude67 \ud835\ude62\u00e1\ud835\ude68 \ud835\ude3c\ud835\ude65\ud835\ude61\ud835\ude5e\ud835\ude58\ud835\ude56\ud835\ude58\ud835\ude5e\ud835\ude64\ud835\ude63\ud835\ude5a\ud835\ude68 \ud835\ude42\ud835\ude67\ud835\ude56\ud835\ude69\ud835\ude6a\ud835\ude5e\ud835\ude69\ud835\ude56\ud835\ude62\ud835\ude5a\ud835\ude63\ud835\ude69\ud835\ude5a\u3011 Preinstalado con Netflix, YouTube y m\u00e1s, puede transmitir su contenido favorito directamente en la pantalla de su coche sin dispositivos adicionales. Adem\u00e1s, puedes descargar f\u00e1cilmente m\u00e1s aplicaciones de Google Play, personalizando tu experiencia de entretenimiento en el coche para que cada viaje sea m\u00e1s agradable<br \/>\n&#8211; \u2728\u3010\ud835\ude3e\ud835\ude64\ud835\ude63\ud835\ude69\ud835\ude67\ud835\ude64\ud835\ude61 \ud835\ude4d\ud835\ude5a\ud835\ude62\ud835\ude64\ud835\ude69\ud835\ude64 \ud835\ude44\ud835\ude63\ud835\ude58\ud835\ude61\ud835\ude6a\ud835\ude5e\ud835\ude59\ud835\ude64\u3011 El control remoto incluido permite a los pasajeros en los asientos delanteros o traseros navegar f\u00e1cilmente, reproducir medios y ajustar la configuraci\u00f3n. Al permitir a otros administrar el entretenimiento, el conductor puede mantenerse enfocado en la carretera, mejorando la comodidad y promoviendo un entorno de conducci\u00f3n m\u00e1s seguro (Nota: la funcionalidad remota est\u00e1 limitada dentro de las aplicaciones de Netflix y YouTube debido a sus permisos)<br \/>\n&#8211; \ud83d\udd0c\u3010\ud835\ude3e\ud835\ude64\ud835\ude63\ud835\ude5b\ud835\ude5e\ud835\ude5c\ud835\ude6a\ud835\ude67\ud835\ude56\ud835\ude58\ud835\ude5e\u00f3\ud835\ude63 \ud835\ude5a\ud835\ude63 3 \ud835\ude4b\ud835\ude56\ud835\ude68\ud835\ude64\ud835\ude68: \ud835\ude4b\ud835\ude61\ud835\ude6a\ud835\ude5c-\ud835\ude4b\ud835\ude56\ud835\ude5e\ud835\ude67-\ud835\ude4b\ud835\ude61\ud835\ude56\ud835\ude6e\u3011 \u2460 Cambiar el sistema del coche al protocolo Apple CarPlay \u2461 Conecte la caja m\u00e1gica en el puerto USB de su coche. \u2462 Empareje su tel\u00e9fono a trav\u00e9s de Bluetooth \/ WiFi: es r\u00e1pido y sencillo. \u00a1Disfruta de una conexi\u00f3n autom\u00e1tica sin problemas cada vez que conduces! No hay m\u00e1s problemas de configuraci\u00f3n<br \/>\n&#8211; \ud83d\ude97\u3010\ud835\ude4d\ud835\ude5a\ud835\ude65\ud835\ude67\ud835\ude64\ud835\ude59\ud835\ude6a\ud835\ude58\ud835\ude58\ud835\ude5e\u00f3\ud835\ude63 \ud835\ude59\ud835\ude5a \ud835\ude50\ud835\ude63\ud835\ude5e\ud835\ude59\ud835\ude56\ud835\ude59\ud835\ude5a\ud835\ude68 \ud835\ude50\ud835\ude4e\ud835\ude3d\u3011 El adaptador inal\u00e1mbrico A-pple CarPlay permite la reproducci\u00f3n de pel\u00edculas y m\u00fasica fuera de l\u00ednea desde una unidad USB, perfecto para \u00e1reas remotas o viajes largos. Comparte f\u00e1cilmente la diversi\u00f3n con tus pasajeros y di adi\u00f3s para se\u00f1alar ansiedad. Tu entretenimiento, siempre listo<br \/>\n&#8211; \ud83d\udcf2\u3010\ud835\ude40\ud835\ude63\ud835\ude61\ud835\ude56\ud835\ude58\ud835\ude5a \ud835\ude40\ud835\ude68\ud835\ude65\ud835\ude5a\ud835\ude5f\ud835\ude64 \ud835\ude65\ud835\ude56\ud835\ude67\ud835\ude56 \ud835\ude5e\ud835\ude4a\ud835\ude4e \ud835\ude6e \ud835\ude3c\ud835\ude63\ud835\ude59\ud835\ude67\ud835\ude64\ud835\ude5e\ud835\ude59 \ud835\ude3e\ud835\ude56\ud835\ude67\u3011 La caja LAMTTO 3 EN 1 AI cuenta con espejo de pantalla, lo que le permite proyectar la pantalla de su smartphone en la pantalla del coche para compartir f\u00e1cilmente fotos, v\u00eddeos y contenido de redes sociales<br \/>\n&#8211; \ud83d\udca1\u3010\ud835\ude52\ud835\ude5e\ud835\ude41\ud835\ude5e \ud835\ude59\ud835\ude5a \ud835\ude3f\ud835\ude64\ud835\ude57\ud835\ude61\ud835\ude5a \ud835\ude3d\ud835\ude56\ud835\ude63\ud835\ude59\ud835\ude56: 2.4\ud835\ude42\ud835\ude43\ud835\ude6f \ud835\ude6e 5\ud835\ude42\ud835\ude43\ud835\ude6f\u3011 Una banda se conecta al punto de acceso de su tel\u00e9fono para aplicaciones de streaming como Netflix, YouTube y TikTok, mientras que la otra mantiene una conexi\u00f3n estable para Apple CarPlay o Android Auto, sin necesidad de ca\u00eddas o reconexiones. Cambia f\u00e1cilmente entre CarPlay y tus aplicaciones favoritas sin interrupciones. Una experiencia suave y fiable en cada momento<br \/>\n&#8211; \u3010Respecto al Audio\u3011 Al conectar Bluetooth, apague otros dispositivos para evitar interferencias. Recomendamos usar Bluetooth para conectar al est\u00e9reo del auto, ya que es m\u00e1s estable que AUX y FM. Adem\u00e1s, AUX y FM pueden sufrir interferencias el\u00e9ctricas, por lo que Bluetooth es preferible. Para una transmisi\u00f3n clara con FM, sintonice una frecuencia libre y mant\u00e9ngala igual que la radio del auto<br \/>\n&#8211; \u3010Sobre el Rendimiento\u3011Si tiene problemas con interrupciones durante el uso del software, compruebe primero, si el cable de datos est\u00e1 suelto durante la conexi\u00f3n y si existe un suministro de corriente demasiado alto. Adem\u00e1s, puede realizar una actualizaci\u00f3n OTA de un solo clic directamente en la \u00abSystem Update\u00bb en Carplay para obtener un rendimiento m\u00e1s estable<\/p>\n","protected":false},"excerpt":{"rendered":"<p>LAMTTO Wireless Magic AI Box 3 In 1 CarPlay Adaptador Bulit-in Youtube Netflix Adaptador de V\u00eddeo Multimedia con Unidad USB, WiFi de Doble Banda para Coches con CarPlay\/Android Auto Cableado OEM<br \/>#Publicidad <span class=\"read-more\"><a class=\"more-link btn btn-transparent\" href=\"https:\/\/rockkofertas.com.es\/index.php\/producto\/b0fmk9mxhg-2\/\">Leer m\u00e1s&#8230;<\/a><\/span><\/p>\n","protected":false},"featured_media":7222,"comment_status":"open","ping_status":"closed","template":"","meta":[],"product_cat":[15],"product_tag":[],"class_list":{"0":"post-7223","1":"product","2":"type-product","3":"status-publish","4":"has-post-thumbnail","6":"product_cat-sin-categorizar","8":"first","9":"instock","10":"shipping-taxable","11":"product-type-external"},"_links":{"self":[{"href":"https:\/\/rockkofertas.com.es\/index.php\/wp-json\/wp\/v2\/product\/7223","targetHints":{"allow":["GET"]}}],"collection":[{"href":"https:\/\/rockkofertas.com.es\/index.php\/wp-json\/wp\/v2\/product"}],"about":[{"href":"https:\/\/rockkofertas.com.es\/index.php\/wp-json\/wp\/v2\/types\/product"}],"replies":[{"embeddable":true,"href":"https:\/\/rockkofertas.com.es\/index.php\/wp-json\/wp\/v2\/comments?post=7223"}],"wp:featuredmedia":[{"embeddable":true,"href":"https:\/\/rockkofertas.com.es\/index.php\/wp-json\/wp\/v2\/media\/7222"}],"wp:attachment":[{"href":"https:\/\/rockkofertas.com.es\/index.php\/wp-json\/wp\/v2\/media?parent=7223"}],"wp:term":[{"taxonomy":"product_cat","embeddable":true,"href":"https:\/\/rockkofertas.com.es\/index.php\/wp-json\/wp\/v2\/product_cat?post=7223"},{"taxonomy":"product_tag","embeddable":true,"href":"https:\/\/rockkofertas.com.es\/index.php\/wp-json\/wp\/v2\/product_tag?post=7223"}],"curies":[{"name":"wp","href":"https:\/\/api.w.org\/{rel}","templated":true}]}}