{"id":7221,"date":"2025-11-21T20:00:54","date_gmt":"2025-11-21T20:00:54","guid":{"rendered":"https:\/\/rockkofertas.com.es\/index.php\/producto\/b0b1sj7ysk\/"},"modified":"2025-11-21T20:00:54","modified_gmt":"2025-11-21T20:00:54","slug":"b0b1sj7ysk","status":"publish","type":"product","link":"https:\/\/rockkofertas.com.es\/index.php\/producto\/b0b1sj7ysk\/","title":{"rendered":"B0B1SJ7YSK"},"content":{"rendered":"<p>&#8211; Con estos auriculares In Ear JBL LIVE PRO 2 TWS, equipados con drivers din\u00e1micos de 11 mm, podr\u00e1s disfrutar de forma inal\u00e1mbrica de la m\u00fasica y de tus llamadas gracias al potente sonido JBL<br \/>\n&#8211; La cancelaci\u00f3n de ruido elimina los ruidos de fuera para disfrutar de un sonido envolvente mientras que si eliges el modo Smart Ambient podr\u00e1s concentrarte en lo que te rodea sin quitarte los cascos<br \/>\n&#8211; Disfruta de hasta 40h de bater\u00eda (10h en los auriculares + 30h en el estuche), y si quieres m\u00e1s, 15 minutos de carga a\u00f1aden otras 4 horas de reproducci\u00f3n<br \/>\n&#8211; Los tubos ovalados con extremos de silicona ofrecen comodidad en cualquier situaci\u00f3n y una est\u00e9tica m\u00e1s limpia. Y, con su certificaci\u00f3n IPX5, no tendr\u00e1s que preocuparte si llueves o vas al gym<br \/>\n&#8211; Contenido de env\u00edo: 1x JBL Auriculares Live Pro 2 TWS In Ear inal\u00e1mbricos, 3x tama\u00f1os de almohadilla, 1x estuche de carga, 1x cable de carga USB tipo C, 1x funda de carga, en negro<\/p>\n","protected":false},"excerpt":{"rendered":"<p>JBL Live Pro 2 TWS Auriculares In Ear Bluetooth con cancelaci\u00f3n de ruido, 40h de bater\u00eda, 6 micr\u00f3fonos, control t\u00e1ctil, resistentes al agua IPX5, Dual Connect &amp; Sync, color negro<br \/>\n#Publicidad <span class=\"read-more\"><a class=\"more-link btn btn-transparent\" href=\"https:\/\/rockkofertas.com.es\/index.php\/producto\/b0b1sj7ysk\/\">Leer m\u00e1s&#8230;<\/a><\/span><\/p>\n","protected":false},"featured_media":7220,"comment_status":"open","ping_status":"closed","template":"","meta":[],"product_cat":[15],"product_tag":[],"class_list":{"0":"post-7221","1":"product","2":"type-product","3":"status-publish","4":"has-post-thumbnail","6":"product_cat-sin-categorizar","8":"first","9":"instock","10":"shipping-taxable","11":"product-type-external"},"_links":{"self":[{"href":"https:\/\/rockkofertas.com.es\/index.php\/wp-json\/wp\/v2\/product\/7221","targetHints":{"allow":["GET"]}}],"collection":[{"href":"https:\/\/rockkofertas.com.es\/index.php\/wp-json\/wp\/v2\/product"}],"about":[{"href":"https:\/\/rockkofertas.com.es\/index.php\/wp-json\/wp\/v2\/types\/product"}],"replies":[{"embeddable":true,"href":"https:\/\/rockkofertas.com.es\/index.php\/wp-json\/wp\/v2\/comments?post=7221"}],"wp:featuredmedia":[{"embeddable":true,"href":"https:\/\/rockkofertas.com.es\/index.php\/wp-json\/wp\/v2\/media\/7220"}],"wp:attachment":[{"href":"https:\/\/rockkofertas.com.es\/index.php\/wp-json\/wp\/v2\/media?parent=7221"}],"wp:term":[{"taxonomy":"product_cat","embeddable":true,"href":"https:\/\/rockkofertas.com.es\/index.php\/wp-json\/wp\/v2\/product_cat?post=7221"},{"taxonomy":"product_tag","embeddable":true,"href":"https:\/\/rockkofertas.com.es\/index.php\/wp-json\/wp\/v2\/product_tag?post=7221"}],"curies":[{"name":"wp","href":"https:\/\/api.w.org\/{rel}","templated":true}]}}