{"id":7213,"date":"2025-11-21T14:35:09","date_gmt":"2025-11-21T14:35:09","guid":{"rendered":"https:\/\/rockkofertas.com.es\/index.php\/producto\/b0dfy9t3m2-4\/"},"modified":"2025-11-21T14:35:09","modified_gmt":"2025-11-21T14:35:09","slug":"b0dfy9t3m2-4","status":"publish","type":"product","link":"https:\/\/rockkofertas.com.es\/index.php\/producto\/b0dfy9t3m2-4\/","title":{"rendered":"B0DFY9T3M2"},"content":{"rendered":"<p>&#8211; Versatilidad 4-EN-1: Con 4 tipos de accesorios esta picadora de carne Todo-en-Uno puede hacerse cargo de todas sus necesidades de cocina. 4 Accesorios incluyen: Picadora de Carne, Rellenadora de Salchichas, Kubbe Maker, Rallador para Queso Fresco, Verduras, ahorrando espacio en la cocina y satisfaciendo sus diversas necesidades culinarias<br \/>\n&#8211; F\u00e1cil de usar &#8211; Simplemente coloque la carne en la tolva y enci\u00e9ndala para moler. El potente motor de 300 W tritura a una velocidad de 1,5 kg por minuto (placa de trituraci\u00f3n de 7 mm). En comparaci\u00f3n con el procesamiento manual de alimentos, la picadora de carne el\u00e9ctrica reduce el riesgo de lesiones en los dedos, ahorr\u00e1ndole tiempo y esfuerzo, y facilitando su uso a los principiantes.<br \/>\n&#8211; Dise\u00f1o seguro y cuidado: El bot\u00f3n de bloqueo y la protecci\u00f3n contra sobrecarga proporcionan seguridad para su uso. Con un sistema de termostato, un disyuntor autom\u00e1tico incorporado para la protecci\u00f3n puede evitar que el motor se sobrecaliente.Pulse la funci\u00f3n de bot\u00f3n \u00abReverse\u00bb para desatascar la m\u00e1quina.Consejo: Evite moler carne con huesos,tendones o piel para evitar que se atasque.<br \/>\n&#8211; Fabricada con precisi\u00f3n y calidad: Construida con una duradera carcasa de acero inoxidable 18\/8 de grado alimentario y material ABS, nuestra picadora de carne el\u00e9ctrica est\u00e1 dise\u00f1ada para la longevidad y la facilidad de limpieza. El dise\u00f1o \u00fanico de los orificios de disipaci\u00f3n de calor: 20 en la parte inferior, 14 en el lateral ayudan a prevenir el sobrecalentamiento, mejorando la durabilidad del motor.<br \/>\n&#8211; Incluye: 4 placas de acero inoxidable, 2 cuchillas de acero inoxidable, 1 rellenador de salchichas, 3 cuchillas para cortar, triturar y moler, todas las piezas se pueden desmontar para lavarlas a mano, lavar a mano y limpiar con un pa\u00f1o para evitar la oxidaci\u00f3n de las piezas de aleaci\u00f3n. Cuchillas y placas aptas para lavavajillas<\/p>\n","protected":false},"excerpt":{"rendered":"<p>AAOBOSI Picadora de Carne, 4-En-1 Picadora de Carne El\u00e9ctrica [2800W Max] con 3 Cuchillas para Cortar, 2 Cuchillas para Desmenuzar, 4 Platos, Rellenador de Salchichas, Kit Kubbe, Acero Inoxidable<br \/>#Publicidad <span class=\"read-more\"><a class=\"more-link btn btn-transparent\" href=\"https:\/\/rockkofertas.com.es\/index.php\/producto\/b0dfy9t3m2-4\/\">Leer m\u00e1s&#8230;<\/a><\/span><\/p>\n","protected":false},"featured_media":7212,"comment_status":"open","ping_status":"closed","template":"","meta":[],"product_cat":[15],"product_tag":[],"class_list":{"0":"post-7213","1":"product","2":"type-product","3":"status-publish","4":"has-post-thumbnail","6":"product_cat-sin-categorizar","8":"first","9":"instock","10":"shipping-taxable","11":"product-type-external"},"_links":{"self":[{"href":"https:\/\/rockkofertas.com.es\/index.php\/wp-json\/wp\/v2\/product\/7213","targetHints":{"allow":["GET"]}}],"collection":[{"href":"https:\/\/rockkofertas.com.es\/index.php\/wp-json\/wp\/v2\/product"}],"about":[{"href":"https:\/\/rockkofertas.com.es\/index.php\/wp-json\/wp\/v2\/types\/product"}],"replies":[{"embeddable":true,"href":"https:\/\/rockkofertas.com.es\/index.php\/wp-json\/wp\/v2\/comments?post=7213"}],"wp:featuredmedia":[{"embeddable":true,"href":"https:\/\/rockkofertas.com.es\/index.php\/wp-json\/wp\/v2\/media\/7212"}],"wp:attachment":[{"href":"https:\/\/rockkofertas.com.es\/index.php\/wp-json\/wp\/v2\/media?parent=7213"}],"wp:term":[{"taxonomy":"product_cat","embeddable":true,"href":"https:\/\/rockkofertas.com.es\/index.php\/wp-json\/wp\/v2\/product_cat?post=7213"},{"taxonomy":"product_tag","embeddable":true,"href":"https:\/\/rockkofertas.com.es\/index.php\/wp-json\/wp\/v2\/product_tag?post=7213"}],"curies":[{"name":"wp","href":"https:\/\/api.w.org\/{rel}","templated":true}]}}