{"id":7211,"date":"2025-11-21T14:34:32","date_gmt":"2025-11-21T14:34:32","guid":{"rendered":"https:\/\/rockkofertas.com.es\/index.php\/producto\/b0fqc32qkn\/"},"modified":"2025-11-21T14:34:32","modified_gmt":"2025-11-21T14:34:32","slug":"b0fqc32qkn","status":"publish","type":"product","link":"https:\/\/rockkofertas.com.es\/index.php\/producto\/b0fqc32qkn\/","title":{"rendered":"B0FQC32QKN"},"content":{"rendered":"<p>&#8211; Tacto satinado lujoso: TESQ ofrece fundas de almohada de sat\u00e9n con efecto sedoso, proporcionando una comodidad refinada. Cada noche, acarician suavemente tu piel mientras cuidan tu cabello y epidermis. F\u00e1ciles de cuidar, mantienen su tacto lujoso incluso despu\u00e9s de un uso prolongado, lo que le da la sensaci\u00f3n de dormir en un hotel de alta gama y despertarse con una agradable sensaci\u00f3n de bienestar<\/p>\n","protected":false},"excerpt":{"rendered":"<p>TESQ &#8211; Fundas de almohada de sat\u00e9n con efecto seda, funda de sat\u00e9n refrescante, ultra suave para el cabello y la piel, 50 x 70 cm, lavable, transpirable, suave para dormir, color blanco<br \/>#Publicidad <span class=\"read-more\"><a class=\"more-link btn btn-transparent\" href=\"https:\/\/rockkofertas.com.es\/index.php\/producto\/b0fqc32qkn\/\">Leer m\u00e1s&#8230;<\/a><\/span><\/p>\n","protected":false},"featured_media":7210,"comment_status":"open","ping_status":"closed","template":"","meta":[],"product_cat":[15],"product_tag":[],"class_list":{"0":"post-7211","1":"product","2":"type-product","3":"status-publish","4":"has-post-thumbnail","6":"product_cat-sin-categorizar","8":"first","9":"instock","10":"shipping-taxable","11":"product-type-external"},"_links":{"self":[{"href":"https:\/\/rockkofertas.com.es\/index.php\/wp-json\/wp\/v2\/product\/7211","targetHints":{"allow":["GET"]}}],"collection":[{"href":"https:\/\/rockkofertas.com.es\/index.php\/wp-json\/wp\/v2\/product"}],"about":[{"href":"https:\/\/rockkofertas.com.es\/index.php\/wp-json\/wp\/v2\/types\/product"}],"replies":[{"embeddable":true,"href":"https:\/\/rockkofertas.com.es\/index.php\/wp-json\/wp\/v2\/comments?post=7211"}],"wp:featuredmedia":[{"embeddable":true,"href":"https:\/\/rockkofertas.com.es\/index.php\/wp-json\/wp\/v2\/media\/7210"}],"wp:attachment":[{"href":"https:\/\/rockkofertas.com.es\/index.php\/wp-json\/wp\/v2\/media?parent=7211"}],"wp:term":[{"taxonomy":"product_cat","embeddable":true,"href":"https:\/\/rockkofertas.com.es\/index.php\/wp-json\/wp\/v2\/product_cat?post=7211"},{"taxonomy":"product_tag","embeddable":true,"href":"https:\/\/rockkofertas.com.es\/index.php\/wp-json\/wp\/v2\/product_tag?post=7211"}],"curies":[{"name":"wp","href":"https:\/\/api.w.org\/{rel}","templated":true}]}}