{"id":7209,"date":"2025-11-21T12:00:53","date_gmt":"2025-11-21T12:00:53","guid":{"rendered":"https:\/\/rockkofertas.com.es\/index.php\/producto\/b084w4ypvj\/"},"modified":"2025-11-21T12:00:53","modified_gmt":"2025-11-21T12:00:53","slug":"b084w4ypvj","status":"publish","type":"product","link":"https:\/\/rockkofertas.com.es\/index.php\/producto\/b084w4ypvj\/","title":{"rendered":"B084W4YPVJ"},"content":{"rendered":"<p>&#8211; Sistema compacto y vers\u00e1til de radio digital (DAB+), FM, reproductor de CD, recepci\u00f3n Bluetooth, MP3 a trav\u00e9s de USB (incluida la funci\u00f3n de carga), entrada AUX para fuentes externas\/alarma de radio, temporizador de apagado y memoria favorita<br \/>\n&#8211; La radio digital DAB+ permite una radio potente y sin ruido con una recepci\u00f3n extremadamente robusta. Las emisoras de radio FM anal\u00f3gicas cl\u00e1sicas se pueden recibir con la misma fiabilidad<br \/>\n&#8211; Sonido est\u00e9reo Dos altavoces de 5 vatios en combinaci\u00f3n con la caja de madera Bass Reflex proporcionan un sonido rico y n\u00edtido\/ Manejo intuitivo en el dispositivo o mediante el mando a distancia<br \/>\n&#8211; Caracter\u00edsticas y conexiones Pantalla a color regulable de 2,4 pulgadas, memoria de estaci\u00f3n (20x DAB+\/20x FM), temporizador de apagado, temporizador de despertador\/USB (funci\u00f3n de reproducci\u00f3n y carga de MP3), entrada AUX, conector para auriculares<br \/>\n&#8211; Contenido y dimensiones del env\u00edo DIGITRADIO 371 CD BT, mando a distancia, manual de usuario, dimensiones (ancho x alto x profundidad) 34,5 x 12,3 x 21 cm<br \/>\n&#8211; El dispositivo solo puede funcionar en las condiciones ambientales especificadas<\/p>\n","protected":false},"excerpt":{"rendered":"<p>TechniSat DIGITRADIO 371 CD BT &#8211; Radio Digital est\u00e9reo (Dab+, FM, Reproductor Bluetooth, Pantalla en Color, USB, AUX, Toma de Auriculares, Despertador, 10 vatios, Mando a Distancia) Negro<br \/>\n#Publicidad <span class=\"read-more\"><a class=\"more-link btn btn-transparent\" href=\"https:\/\/rockkofertas.com.es\/index.php\/producto\/b084w4ypvj\/\">Leer m\u00e1s&#8230;<\/a><\/span><\/p>\n","protected":false},"featured_media":7208,"comment_status":"open","ping_status":"closed","template":"","meta":[],"product_cat":[15],"product_tag":[],"class_list":{"0":"post-7209","1":"product","2":"type-product","3":"status-publish","4":"has-post-thumbnail","6":"product_cat-sin-categorizar","8":"first","9":"instock","10":"shipping-taxable","11":"product-type-external"},"_links":{"self":[{"href":"https:\/\/rockkofertas.com.es\/index.php\/wp-json\/wp\/v2\/product\/7209","targetHints":{"allow":["GET"]}}],"collection":[{"href":"https:\/\/rockkofertas.com.es\/index.php\/wp-json\/wp\/v2\/product"}],"about":[{"href":"https:\/\/rockkofertas.com.es\/index.php\/wp-json\/wp\/v2\/types\/product"}],"replies":[{"embeddable":true,"href":"https:\/\/rockkofertas.com.es\/index.php\/wp-json\/wp\/v2\/comments?post=7209"}],"wp:featuredmedia":[{"embeddable":true,"href":"https:\/\/rockkofertas.com.es\/index.php\/wp-json\/wp\/v2\/media\/7208"}],"wp:attachment":[{"href":"https:\/\/rockkofertas.com.es\/index.php\/wp-json\/wp\/v2\/media?parent=7209"}],"wp:term":[{"taxonomy":"product_cat","embeddable":true,"href":"https:\/\/rockkofertas.com.es\/index.php\/wp-json\/wp\/v2\/product_cat?post=7209"},{"taxonomy":"product_tag","embeddable":true,"href":"https:\/\/rockkofertas.com.es\/index.php\/wp-json\/wp\/v2\/product_tag?post=7209"}],"curies":[{"name":"wp","href":"https:\/\/api.w.org\/{rel}","templated":true}]}}