{"id":7205,"date":"2025-11-21T08:41:39","date_gmt":"2025-11-21T08:41:39","guid":{"rendered":"https:\/\/rockkofertas.com.es\/index.php\/producto\/b0c8vf369k\/"},"modified":"2025-11-21T08:41:39","modified_gmt":"2025-11-21T08:41:39","slug":"b0c8vf369k","status":"publish","type":"product","link":"https:\/\/rockkofertas.com.es\/index.php\/producto\/b0c8vf369k\/","title":{"rendered":"B0C8VF369K"},"content":{"rendered":"<p>&#8211; \ud83c\udfc6OMEGA 3 PREMIUM: Nuestro Omega 3 se obtiene del Aceite de Pescado que proviene de la pesca sostenible de la sardina y de la caballa del mar Mediterr\u00e1neo y del oc\u00e9ano Atl\u00e1ntico de Andaluc\u00eda. Aceite destilado molecularmente para purificar y eliminar los posibles metales pesados y otros contaminantes que pueda haber en el entorno mar\u00edtimo. Nuestra forma Natural garantiza una mejor absorci\u00f3n, y una mayor biodisponibilidad y eficacia.<br \/>\n&#8211; \u2705 PROTEGE EL ORGANISMO: El Omega 3 contiene \u00c1cidos Grasos Esenciales conocidos como EPA (\u00c1cido eicosapentaenoico) y DHA (\u00c1cido docosahexaenoico). Colesterol, triglic\u00e9ridos y presi\u00f3n sangu\u00ednea. El EPA y el DHA contribuyen al funcionamiento normal del Coraz\u00f3n. El DHA contribuye a mantener el funcionamiento normal del cerebro y, adem\u00e1s, contribuye al mantenimiento de la visi\u00f3n en condiciones normales, seg\u00fan la Autoridad Europea de Seguridad Alimentaria (EFSA).<br \/>\n&#8211; \u2b50 F\u00d3RMULA \u00daNICA: F\u00f3rmula de alta Concentraci\u00f3n con 50% de EPA y 25% de DHA. Adem\u00e1s, tambi\u00e9n aporta Vitamina E, un Potente Antioxidante contra el Estr\u00e9s Oxidativo de las C\u00e9lulas del organismo. Suministro de 180 Perlas Blandas con alta dosificaci\u00f3n f\u00e1ciles de tragar. La Dosis Diaria recomendada aporta hasta 2000 mg de Aceite de Pescado, del cual 1000mg son de EPA y 500mg de DHA. Tomar de 1 a 2 c\u00e1psulas con las comidas. Hasta 6 Meses.<br \/>\n&#8211; \ud83d\udc1f100% NATURAL LIBRE DE METALES PESADOS. Libre de gluten, lactosa y transg\u00e9nicos. Sin Aditivos como el estearato de magnesio (Sales magn\u00e9sicas de \u00e1cidos grasos) ni di\u00f3xido de silicio.<br \/>\n&#8211; \ud83c\udf0d Fabricado en Espa\u00f1a. RGSAA 26.024094\/GR (AECOSAN). Cumpliendo la normativa GMP para garantizar la calidad y seguridad de los productos elaborados. Consigue Asesoramiento, Regalos, Ofertas y Ebook Gratis en la web Masinmune.<\/p>\n","protected":false},"excerpt":{"rendered":"<p>Omega 3 2000 mg de Aceite de Pescado Concentrado &#8211; 1000 mg EPA + 500 mg DHA &#8211; 180 C\u00e1psulas &#8211; \u00c1cidos Grasos + Vitamina E \u2013 Fish Oil &#8211; Salud del Coraz\u00f3n, Vista y Cerebro &#8211; Masinmune<br \/>#Publicidad <span class=\"read-more\"><a class=\"more-link btn btn-transparent\" href=\"https:\/\/rockkofertas.com.es\/index.php\/producto\/b0c8vf369k\/\">Leer m\u00e1s&#8230;<\/a><\/span><\/p>\n","protected":false},"featured_media":7204,"comment_status":"open","ping_status":"closed","template":"","meta":[],"product_cat":[15],"product_tag":[],"class_list":{"0":"post-7205","1":"product","2":"type-product","3":"status-publish","4":"has-post-thumbnail","6":"product_cat-sin-categorizar","8":"first","9":"instock","10":"shipping-taxable","11":"product-type-external"},"_links":{"self":[{"href":"https:\/\/rockkofertas.com.es\/index.php\/wp-json\/wp\/v2\/product\/7205","targetHints":{"allow":["GET"]}}],"collection":[{"href":"https:\/\/rockkofertas.com.es\/index.php\/wp-json\/wp\/v2\/product"}],"about":[{"href":"https:\/\/rockkofertas.com.es\/index.php\/wp-json\/wp\/v2\/types\/product"}],"replies":[{"embeddable":true,"href":"https:\/\/rockkofertas.com.es\/index.php\/wp-json\/wp\/v2\/comments?post=7205"}],"wp:featuredmedia":[{"embeddable":true,"href":"https:\/\/rockkofertas.com.es\/index.php\/wp-json\/wp\/v2\/media\/7204"}],"wp:attachment":[{"href":"https:\/\/rockkofertas.com.es\/index.php\/wp-json\/wp\/v2\/media?parent=7205"}],"wp:term":[{"taxonomy":"product_cat","embeddable":true,"href":"https:\/\/rockkofertas.com.es\/index.php\/wp-json\/wp\/v2\/product_cat?post=7205"},{"taxonomy":"product_tag","embeddable":true,"href":"https:\/\/rockkofertas.com.es\/index.php\/wp-json\/wp\/v2\/product_tag?post=7205"}],"curies":[{"name":"wp","href":"https:\/\/api.w.org\/{rel}","templated":true}]}}