{"id":7203,"date":"2025-11-21T06:33:52","date_gmt":"2025-11-21T06:33:52","guid":{"rendered":"https:\/\/rockkofertas.com.es\/index.php\/producto\/b0dzgx64p9\/"},"modified":"2025-11-21T06:33:52","modified_gmt":"2025-11-21T06:33:52","slug":"b0dzgx64p9","status":"publish","type":"product","link":"https:\/\/rockkofertas.com.es\/index.php\/producto\/b0dzgx64p9\/","title":{"rendered":"B0DZGX64P9"},"content":{"rendered":"<p>&#8211; \u30104K Dashcam Frontal\u3011Esta camara coche con resoluci\u00f3n 4K de ultra alta definici\u00f3n, a trav\u00e9s del gran angular de 170 \u00b0 puede capturar claramente la matr\u00edcula y los detalles de la carretera, para garantizar que todos los \u00e1ngulos est\u00e9n cubiertos, para que pueda conducir con seguridad en la carretera.<br \/>\n&#8211; \u3010Pantalla IPS de 2.99&#8243;\u3011La Dash cam coche tiene una pantalla IPS de 2.99&#8243;, el dise\u00f1o en pulgadas asegura que no bloquear\u00e1 su visi\u00f3n y ver\u00e1 claramente el estado de la grabadora de coche el estado de grabaci\u00f3n y la conexi\u00f3n Wi-Fi, permiti\u00e9ndole tener una mejor visi\u00f3n de su conducci\u00f3n.<br \/>\n&#8211; \u3010Control APP y Conexi\u00f3n 5GHz Wi-Fi\u3011Esta camara vigilancia coche ofrece control 5G APP, el \u00abViidure\u00bb APP est\u00e1 disponible para iOS y Android (APP se puede descargar desde Google o Apple Store). Puedes conectarte f\u00e1cilmente al WiFi integrado para descargar v\u00eddeos, cambiar la configuraci\u00f3n y compartir tus momentos con familiares y amigos.<br \/>\n&#8211; \u3010S\u00faper Visi\u00f3n Nocturna\u3011La dashcam 4K tiene una lente de cristal de alta calidad de 6 capas con una gran apertura F\/1,8 combinada con la tecnolog\u00eda WDR para adaptarse a entornos con poca luz, no solo para capturar fotos n\u00edtidas de matr\u00edculas y se\u00f1ales de tr\u00e1fico en exteriores, sino tambi\u00e9n para grabar v\u00eddeo con claridad por la noche.<br \/>\n&#8211; \u3010Grabaci\u00f3n en Bucle y G Sensor\u3011La funci\u00f3n de grabaci\u00f3n en bucle de esta dash cam sobrescribir\u00e1 autom\u00e1ticamente el archivo de v\u00eddeo m\u00e1s antiguo, evitando que la dashcam deje de grabar cuando la tarjeta de memoria SD est\u00e9 llena. Built-in G-sensor, cuando detecta una colisi\u00f3n camara coche grabadora autom\u00e1ticamente bloquea y guarda el v\u00eddeo correspondiente, evitando que las pruebas importantes de las reclamaciones de accidentes de ser eliminado.<br \/>\n&#8211; \u3010Modo Aparcamiento\u3011Camara coche soporta vigilancia de aparcamiento 24 horas, lo que es posible con el hardwire-kit Type-C (compra adicional, no incluido), camara para coche viene con una tarjeta de memoria de 64G (hasta 256 tarjetas de memoria) y un lector de tarjetas USB.<\/p>\n","protected":false},"excerpt":{"rendered":"<p>Dashcam, 4K WiFi Dash CAM Coche, Camara Coche con Pantalla IPS de 2.99&#8243;, Camara Coche Grabadora con Tarjeta 64G, Super Visi\u00f3n, Gran 170\u00b0, Sensor G, App, Monitor de Aparcamiento, Grabaci\u00f3n de Bucle<br \/>#Publicidad <span class=\"read-more\"><a class=\"more-link btn btn-transparent\" href=\"https:\/\/rockkofertas.com.es\/index.php\/producto\/b0dzgx64p9\/\">Leer m\u00e1s&#8230;<\/a><\/span><\/p>\n","protected":false},"featured_media":7202,"comment_status":"open","ping_status":"closed","template":"","meta":[],"product_cat":[15],"product_tag":[],"class_list":{"0":"post-7203","1":"product","2":"type-product","3":"status-publish","4":"has-post-thumbnail","6":"product_cat-sin-categorizar","8":"first","9":"instock","10":"shipping-taxable","11":"product-type-external"},"_links":{"self":[{"href":"https:\/\/rockkofertas.com.es\/index.php\/wp-json\/wp\/v2\/product\/7203","targetHints":{"allow":["GET"]}}],"collection":[{"href":"https:\/\/rockkofertas.com.es\/index.php\/wp-json\/wp\/v2\/product"}],"about":[{"href":"https:\/\/rockkofertas.com.es\/index.php\/wp-json\/wp\/v2\/types\/product"}],"replies":[{"embeddable":true,"href":"https:\/\/rockkofertas.com.es\/index.php\/wp-json\/wp\/v2\/comments?post=7203"}],"wp:featuredmedia":[{"embeddable":true,"href":"https:\/\/rockkofertas.com.es\/index.php\/wp-json\/wp\/v2\/media\/7202"}],"wp:attachment":[{"href":"https:\/\/rockkofertas.com.es\/index.php\/wp-json\/wp\/v2\/media?parent=7203"}],"wp:term":[{"taxonomy":"product_cat","embeddable":true,"href":"https:\/\/rockkofertas.com.es\/index.php\/wp-json\/wp\/v2\/product_cat?post=7203"},{"taxonomy":"product_tag","embeddable":true,"href":"https:\/\/rockkofertas.com.es\/index.php\/wp-json\/wp\/v2\/product_tag?post=7203"}],"curies":[{"name":"wp","href":"https:\/\/api.w.org\/{rel}","templated":true}]}}