{"id":7201,"date":"2025-11-21T04:00:45","date_gmt":"2025-11-21T04:00:45","guid":{"rendered":"https:\/\/rockkofertas.com.es\/index.php\/producto\/b0d5qq2vqp\/"},"modified":"2025-11-21T04:00:45","modified_gmt":"2025-11-21T04:00:45","slug":"b0d5qq2vqp","status":"publish","type":"product","link":"https:\/\/rockkofertas.com.es\/index.php\/producto\/b0d5qq2vqp\/","title":{"rendered":"B0D5QQ2VQP"},"content":{"rendered":"<p>&#8211; \u3010Material\u3011EXTERIOR: 65 % poli\u00e9ster, 35 % algod\u00f3n. MANGA: 100 % poli\u00e9ster. Las blusas de mujer est\u00e1n hechas de material de alta calidad, liviano, suave, liso y agradable para la piel, lo que le ofrece una experiencia de uso c\u00f3moda.<br \/>\n&#8211; \u3010Estilo\u3011La blusa de manga larga presenta un ajuste holgado, un tejido de gofre, un aspecto de color s\u00f3lido, una camiseta de encaje, un dise\u00f1o de pliegues frontales y una camisa ragl\u00e1n.<br \/>\n&#8211; \u3010Ocasi\u00f3n\u3011Estas blusas de encaje de manga larga son perfectas para uso diario informal, fiestas, vacaciones, moda callejera, escuela, oficina, trabajo, compras, citas, salidas y discotecas. Estas camisas de manga larga son ideales para invierno, oto\u00f1o y primavera.<br \/>\n&#8211; \u3010Moda\u3011Esta blusa para mujer se puede combinar f\u00e1cilmente de manera elegante o informal. Perfecto para combinar con chaquetas\/pantalones\/jeans\/leggings\/faldas\/botas o zapatillas para un look chic.<br \/>\n&#8211; Compra sin riesgos: si tiene alguna pregunta o problema, \u00a1no dude en contactarnos! Le ofreceremos una soluci\u00f3n satisfactoria.<\/p>\n","protected":false},"excerpt":{"rendered":"<p>Cuptacc Camisa de Manga Larga para Mujer Cuello Redondo Top con Encaje en Las Mangas T-Shirt Casual Unicolor T\u00fanica Blusas Moda Blanco, Grande L 42-44<br \/>\n#Publicidad <span class=\"read-more\"><a class=\"more-link btn btn-transparent\" href=\"https:\/\/rockkofertas.com.es\/index.php\/producto\/b0d5qq2vqp\/\">Leer m\u00e1s&#8230;<\/a><\/span><\/p>\n","protected":false},"featured_media":7200,"comment_status":"open","ping_status":"closed","template":"","meta":[],"product_cat":[15],"product_tag":[],"class_list":{"0":"post-7201","1":"product","2":"type-product","3":"status-publish","4":"has-post-thumbnail","6":"product_cat-sin-categorizar","8":"first","9":"instock","10":"shipping-taxable","11":"product-type-external"},"_links":{"self":[{"href":"https:\/\/rockkofertas.com.es\/index.php\/wp-json\/wp\/v2\/product\/7201","targetHints":{"allow":["GET"]}}],"collection":[{"href":"https:\/\/rockkofertas.com.es\/index.php\/wp-json\/wp\/v2\/product"}],"about":[{"href":"https:\/\/rockkofertas.com.es\/index.php\/wp-json\/wp\/v2\/types\/product"}],"replies":[{"embeddable":true,"href":"https:\/\/rockkofertas.com.es\/index.php\/wp-json\/wp\/v2\/comments?post=7201"}],"wp:featuredmedia":[{"embeddable":true,"href":"https:\/\/rockkofertas.com.es\/index.php\/wp-json\/wp\/v2\/media\/7200"}],"wp:attachment":[{"href":"https:\/\/rockkofertas.com.es\/index.php\/wp-json\/wp\/v2\/media?parent=7201"}],"wp:term":[{"taxonomy":"product_cat","embeddable":true,"href":"https:\/\/rockkofertas.com.es\/index.php\/wp-json\/wp\/v2\/product_cat?post=7201"},{"taxonomy":"product_tag","embeddable":true,"href":"https:\/\/rockkofertas.com.es\/index.php\/wp-json\/wp\/v2\/product_tag?post=7201"}],"curies":[{"name":"wp","href":"https:\/\/api.w.org\/{rel}","templated":true}]}}