{"id":7199,"date":"2025-11-21T00:00:56","date_gmt":"2025-11-21T00:00:56","guid":{"rendered":"https:\/\/rockkofertas.com.es\/index.php\/producto\/b07yh19k5n\/"},"modified":"2025-11-21T00:00:56","modified_gmt":"2025-11-21T00:00:56","slug":"b07yh19k5n","status":"publish","type":"product","link":"https:\/\/rockkofertas.com.es\/index.php\/producto\/b07yh19k5n\/","title":{"rendered":"B07YH19K5N"},"content":{"rendered":"<p>&#8211; Estuche estilizado para un almacenamiento organizado<br \/>\n&#8211; Dise\u00f1o escalonado y barras de acero inoxidable en las tablas para f\u00e1cil itar la selecci\u00f3n<br \/>\n&#8211; Tablas de doble cara con base antideslizante y superficies de corte texturizadas que no estropean los cuchillos<br \/>\n&#8211; El estuche mantiene las tablas separadas para permitir la circulaci\u00f3n de aire<br \/>\n&#8211; Tama\u00f1o de la tabla: 24 x 34 cm<\/p>\n","protected":false},"excerpt":{"rendered":"<p>Joseph Joseph Folio Juego de 4 tablas de picar codificadas por colores, Estuche estilizado para un almacenamiento organizado, Grande &#8211; Grafito<br \/>\n#Publicidad <span class=\"read-more\"><a class=\"more-link btn btn-transparent\" href=\"https:\/\/rockkofertas.com.es\/index.php\/producto\/b07yh19k5n\/\">Leer m\u00e1s&#8230;<\/a><\/span><\/p>\n","protected":false},"featured_media":7198,"comment_status":"open","ping_status":"closed","template":"","meta":[],"product_cat":[15],"product_tag":[],"class_list":{"0":"post-7199","1":"product","2":"type-product","3":"status-publish","4":"has-post-thumbnail","6":"product_cat-sin-categorizar","8":"first","9":"instock","10":"shipping-taxable","11":"product-type-external"},"_links":{"self":[{"href":"https:\/\/rockkofertas.com.es\/index.php\/wp-json\/wp\/v2\/product\/7199","targetHints":{"allow":["GET"]}}],"collection":[{"href":"https:\/\/rockkofertas.com.es\/index.php\/wp-json\/wp\/v2\/product"}],"about":[{"href":"https:\/\/rockkofertas.com.es\/index.php\/wp-json\/wp\/v2\/types\/product"}],"replies":[{"embeddable":true,"href":"https:\/\/rockkofertas.com.es\/index.php\/wp-json\/wp\/v2\/comments?post=7199"}],"wp:featuredmedia":[{"embeddable":true,"href":"https:\/\/rockkofertas.com.es\/index.php\/wp-json\/wp\/v2\/media\/7198"}],"wp:attachment":[{"href":"https:\/\/rockkofertas.com.es\/index.php\/wp-json\/wp\/v2\/media?parent=7199"}],"wp:term":[{"taxonomy":"product_cat","embeddable":true,"href":"https:\/\/rockkofertas.com.es\/index.php\/wp-json\/wp\/v2\/product_cat?post=7199"},{"taxonomy":"product_tag","embeddable":true,"href":"https:\/\/rockkofertas.com.es\/index.php\/wp-json\/wp\/v2\/product_tag?post=7199"}],"curies":[{"name":"wp","href":"https:\/\/api.w.org\/{rel}","templated":true}]}}