{"id":7195,"date":"2025-11-20T20:10:25","date_gmt":"2025-11-20T20:10:25","guid":{"rendered":"https:\/\/rockkofertas.com.es\/index.php\/producto\/b0fh6w1vk7-2\/"},"modified":"2025-11-20T20:10:25","modified_gmt":"2025-11-20T20:10:25","slug":"b0fh6w1vk7-2","status":"publish","type":"product","link":"https:\/\/rockkofertas.com.es\/index.php\/producto\/b0fh6w1vk7-2\/","title":{"rendered":"B0FH6W1VK7"},"content":{"rendered":"<p>&#8211; 550W HyperCore Pro Motor sin Escobillas: La aspiradora sin cable est\u00e1 equipada con un nuevo motor HyperCore Pro de 550 W sin escobillas con tecnolog\u00eda especial de reducci\u00f3n de ruido (&lt;62 dB) para un funcionamiento silencioso que no molestar\u00e1 a su familia ni a sus mascotas. La potencia de aspiraci\u00f3n m\u00e1xima de la aspiradora, de hasta 48 kPa, elimina la suciedad m\u00e1s incrustada y las part\u00edculas m\u00e1s dif\u00edciles de alfombras, suelos y grietas para una limpieza potente y constante.<br \/>\n&#8211; DualCore Sistema de Gesti\u00f3n de la Bater\u00eda: Aspirador sin cable adopta una placa de protecci\u00f3n de doble n\u00facleo y una tecnolog\u00eda de equilibrado din\u00e1mico de la carga para optimizar la gesti\u00f3n de la bater\u00eda y garantizar una potencia de succi\u00f3n estable. Admite varios modos de limpieza: Modo Suelo (70 minutos), Modo Alfombra (40 minutos), Modo Turbo (20 minutos), que satisface las necesidades de limpieza de diferentes familias y le permite limpiar sin preocupaciones.<br \/>\n&#8211; Excelente Filtraci\u00f3n: Aspirador est\u00e1 equipado con tecnolog\u00eda de aire MultiVortex, que separa eficazmente el polvo y el aire mediante una fuerza centr\u00edfuga 7 veces mayor, y un sistema de filtraci\u00f3n de 8 capas que captura con precisi\u00f3n el polvo microsc\u00f3pico con una eficacia de filtraci\u00f3n del 99,99%, eliminando f\u00e1cilmente el polvo, el polen y los al\u00e9rgenos. El innovador dise\u00f1o \u0397epa de carb\u00f3n activado permite la filtraci\u00f3n secundaria del aire en la salida de aire, creando un ambiente sano y fresco en el hogar.<br \/>\n&#8211; Pantalla Interactiva Inteligente LED: Escoba aspiradora sin cable est\u00e1 equipado con una pantalla t\u00e1ctil LED HD inteligente que puede manejarse con una sola mano, lo que facilita el ajuste de la potencia de succi\u00f3n, la supervisi\u00f3n del estado de la bater\u00eda y el seguimiento preciso del progreso de la limpieza. Con 9 funciones de monitorizaci\u00f3n inteligente, como la advertencia de error de carga, la monitorizaci\u00f3n de la temperatura, el recordatorio de polvo lleno y el recordatorio de atasco, puede realizar un seguimiento del estado del dispositivo, localizar los problemas y disfrutar de una experiencia de limpieza eficiente e inteligente.<br \/>\n&#8211; Doble Sistema Antienredos: Aspirador vertical cuenta con una innovadora estructura de cerdas y peine en forma de V que reduce los enredos y maneja f\u00e1cilmente el pelo largo y el de las mascotas. El cepillo motorizado para suelos se puede orientar con flexibilidad para llegar debajo de las camas, los huecos de los armarios y otros rincones oscuros, mientras que las 6 luces LED integradas no dejan lugar a que se esconda el polvo.<br \/>\n&#8211; Accesorios de Limpieza Multi-Scene:Aspiradora est\u00e1 equipado con una amplia gama de accesorios de limpieza para satisfacer las necesidades de limpieza de toda la casa en m\u00faltiples escenarios: el cepillo para sof\u00e1s est\u00e1 especialmente dise\u00f1ado para sof\u00e1s, eliminando f\u00e1cilmente el pelo de las mascotas y las migas de los aperitivos; el cepillo 2 en 1 se puede cambiar entre un cepillo para pelusas cortas y una boquilla de succi\u00f3n dura y ancha para adaptarse a diferentes superficies; y la boquilla para hendiduras penetra profundamente en las grietas de los muebles, con la succi\u00f3n que aumenta la presi\u00f3n para garantizar que no haya lugar para que se escondan el polvo y los pelos.<\/p>\n","protected":false},"excerpt":{"rendered":"<p>VACTechPro 48000Pa\/550W\/70Min Aspiradora sin Cable, 1.6L Escoba Aspirador sin Cable con Filtraci\u00f3n de 8 Capas, S\u00faper Silencioso Aspirador Vertical con Cepillo Antienredos, Aspiradora, Rojo Oscuro<br \/>#Publicidad <span class=\"read-more\"><a class=\"more-link btn btn-transparent\" href=\"https:\/\/rockkofertas.com.es\/index.php\/producto\/b0fh6w1vk7-2\/\">Leer m\u00e1s&#8230;<\/a><\/span><\/p>\n","protected":false},"featured_media":7194,"comment_status":"open","ping_status":"closed","template":"","meta":[],"product_cat":[15],"product_tag":[],"class_list":{"0":"post-7195","1":"product","2":"type-product","3":"status-publish","4":"has-post-thumbnail","6":"product_cat-sin-categorizar","8":"first","9":"instock","10":"shipping-taxable","11":"product-type-external"},"_links":{"self":[{"href":"https:\/\/rockkofertas.com.es\/index.php\/wp-json\/wp\/v2\/product\/7195","targetHints":{"allow":["GET"]}}],"collection":[{"href":"https:\/\/rockkofertas.com.es\/index.php\/wp-json\/wp\/v2\/product"}],"about":[{"href":"https:\/\/rockkofertas.com.es\/index.php\/wp-json\/wp\/v2\/types\/product"}],"replies":[{"embeddable":true,"href":"https:\/\/rockkofertas.com.es\/index.php\/wp-json\/wp\/v2\/comments?post=7195"}],"wp:featuredmedia":[{"embeddable":true,"href":"https:\/\/rockkofertas.com.es\/index.php\/wp-json\/wp\/v2\/media\/7194"}],"wp:attachment":[{"href":"https:\/\/rockkofertas.com.es\/index.php\/wp-json\/wp\/v2\/media?parent=7195"}],"wp:term":[{"taxonomy":"product_cat","embeddable":true,"href":"https:\/\/rockkofertas.com.es\/index.php\/wp-json\/wp\/v2\/product_cat?post=7195"},{"taxonomy":"product_tag","embeddable":true,"href":"https:\/\/rockkofertas.com.es\/index.php\/wp-json\/wp\/v2\/product_tag?post=7195"}],"curies":[{"name":"wp","href":"https:\/\/api.w.org\/{rel}","templated":true}]}}