{"id":7187,"date":"2025-11-20T20:01:22","date_gmt":"2025-11-20T20:01:22","guid":{"rendered":"https:\/\/rockkofertas.com.es\/index.php\/producto\/b07dsz49zb\/"},"modified":"2025-11-20T20:01:22","modified_gmt":"2025-11-20T20:01:22","slug":"b07dsz49zb","status":"publish","type":"product","link":"https:\/\/rockkofertas.com.es\/index.php\/producto\/b07dsz49zb\/","title":{"rendered":"B07DSZ49ZB"},"content":{"rendered":"<p>&#8211; Ense\u00f1e sus credenciales de moda con este vers\u00e1til par de pendientes de aro en ba\u00f1o de oro rosa<br \/>\n&#8211; Inspiradas en el s\u00edmbolo cl\u00e1sico del ojo turco, las piezas incorporan el protector talism\u00e1n decorado con pav\u00e9 transparente, azul y negro<br \/>\n&#8211; Los motivos de ojo turco, que cuelgan de unos aros en pav\u00e9 transparente cl\u00e1sico, pueden retirarse si se desea<br \/>\n&#8211; Sin duda a\u00f1adir\u00e1n un glamour desenfadado y rom\u00e1ntico incluso al atuendo m\u00e1s informal<\/p>\n","protected":false},"excerpt":{"rendered":"<p>Swarovski Pendientes de aro Symbolica, Ojo turco, Azules, Ba\u00f1o tono oro rosa<br \/>\n#Publicidad <span class=\"read-more\"><a class=\"more-link btn btn-transparent\" href=\"https:\/\/rockkofertas.com.es\/index.php\/producto\/b07dsz49zb\/\">Leer m\u00e1s&#8230;<\/a><\/span><\/p>\n","protected":false},"featured_media":7186,"comment_status":"open","ping_status":"closed","template":"","meta":[],"product_cat":[15],"product_tag":[],"class_list":{"0":"post-7187","1":"product","2":"type-product","3":"status-publish","4":"has-post-thumbnail","6":"product_cat-sin-categorizar","8":"first","9":"instock","10":"shipping-taxable","11":"product-type-external"},"_links":{"self":[{"href":"https:\/\/rockkofertas.com.es\/index.php\/wp-json\/wp\/v2\/product\/7187","targetHints":{"allow":["GET"]}}],"collection":[{"href":"https:\/\/rockkofertas.com.es\/index.php\/wp-json\/wp\/v2\/product"}],"about":[{"href":"https:\/\/rockkofertas.com.es\/index.php\/wp-json\/wp\/v2\/types\/product"}],"replies":[{"embeddable":true,"href":"https:\/\/rockkofertas.com.es\/index.php\/wp-json\/wp\/v2\/comments?post=7187"}],"wp:featuredmedia":[{"embeddable":true,"href":"https:\/\/rockkofertas.com.es\/index.php\/wp-json\/wp\/v2\/media\/7186"}],"wp:attachment":[{"href":"https:\/\/rockkofertas.com.es\/index.php\/wp-json\/wp\/v2\/media?parent=7187"}],"wp:term":[{"taxonomy":"product_cat","embeddable":true,"href":"https:\/\/rockkofertas.com.es\/index.php\/wp-json\/wp\/v2\/product_cat?post=7187"},{"taxonomy":"product_tag","embeddable":true,"href":"https:\/\/rockkofertas.com.es\/index.php\/wp-json\/wp\/v2\/product_tag?post=7187"}],"curies":[{"name":"wp","href":"https:\/\/api.w.org\/{rel}","templated":true}]}}