{"id":7185,"date":"2025-11-20T19:33:58","date_gmt":"2025-11-20T19:33:58","guid":{"rendered":"https:\/\/rockkofertas.com.es\/index.php\/producto\/b0d31r7csl\/"},"modified":"2025-11-20T19:33:58","modified_gmt":"2025-11-20T19:33:58","slug":"b0d31r7csl","status":"publish","type":"product","link":"https:\/\/rockkofertas.com.es\/index.php\/producto\/b0d31r7csl\/","title":{"rendered":"B0D31R7CSL"},"content":{"rendered":"<p>&#8211; TETINA DE F\u00c1CIL ACEPTACI\u00d3N: 94% de aceptaci\u00f3n gracias a su superficie de SkinSoftTM Silicone de tacto sedoso para una sensaci\u00f3n similar a la piel de la madre, adem\u00e1s con tetina plana y flexible que imita el pez\u00f3n de la madre cuando amamanta<br \/>\n&#8211; FORMA ERGON\u00d3MICA y F\u00c1CIL DE SUJETAR: Para que las manos peque\u00f1itas puedan sostenerlo f\u00e1cilmente y permite a tu beb\u00e9 beber de forma independiente cuando crezca<br \/>\n&#8211; F\u00c1CIL DE LIMPIAR: Recipiente de boca ancha y todas las piezas son f\u00e1ciles de desmontar y limpiar<br \/>\n&#8211; MATERIALES LIBRES DE BPA Y BPS: Este producto MAM est\u00e1 fabricado con materiales libres de BPA y BPS<br \/>\n&#8211; PRODUCTO DESARROLLADO CON EXPERTOS M\u00c9DICOS<\/p>\n","protected":false},"excerpt":{"rendered":"<p>MAM Pack 2 Biberones, 2-4 Meses, 270ml, con Tetina 2 de Flujo Medio de Silicona de F\u00e1cil Aceptaci\u00f3n, F\u00e1cil de Sostener, F\u00e1cil de Limpiar, MAM Easy Active, Rosa Brillante, Pack de 2uds<br \/>#Publicidad <span class=\"read-more\"><a class=\"more-link btn btn-transparent\" href=\"https:\/\/rockkofertas.com.es\/index.php\/producto\/b0d31r7csl\/\">Leer m\u00e1s&#8230;<\/a><\/span><\/p>\n","protected":false},"featured_media":7184,"comment_status":"open","ping_status":"closed","template":"","meta":[],"product_cat":[15],"product_tag":[],"class_list":{"0":"post-7185","1":"product","2":"type-product","3":"status-publish","4":"has-post-thumbnail","6":"product_cat-sin-categorizar","8":"first","9":"instock","10":"shipping-taxable","11":"product-type-external"},"_links":{"self":[{"href":"https:\/\/rockkofertas.com.es\/index.php\/wp-json\/wp\/v2\/product\/7185","targetHints":{"allow":["GET"]}}],"collection":[{"href":"https:\/\/rockkofertas.com.es\/index.php\/wp-json\/wp\/v2\/product"}],"about":[{"href":"https:\/\/rockkofertas.com.es\/index.php\/wp-json\/wp\/v2\/types\/product"}],"replies":[{"embeddable":true,"href":"https:\/\/rockkofertas.com.es\/index.php\/wp-json\/wp\/v2\/comments?post=7185"}],"wp:featuredmedia":[{"embeddable":true,"href":"https:\/\/rockkofertas.com.es\/index.php\/wp-json\/wp\/v2\/media\/7184"}],"wp:attachment":[{"href":"https:\/\/rockkofertas.com.es\/index.php\/wp-json\/wp\/v2\/media?parent=7185"}],"wp:term":[{"taxonomy":"product_cat","embeddable":true,"href":"https:\/\/rockkofertas.com.es\/index.php\/wp-json\/wp\/v2\/product_cat?post=7185"},{"taxonomy":"product_tag","embeddable":true,"href":"https:\/\/rockkofertas.com.es\/index.php\/wp-json\/wp\/v2\/product_tag?post=7185"}],"curies":[{"name":"wp","href":"https:\/\/api.w.org\/{rel}","templated":true}]}}