{"id":7181,"date":"2025-11-20T19:19:32","date_gmt":"2025-11-20T19:19:32","guid":{"rendered":"https:\/\/rockkofertas.com.es\/index.php\/producto\/b00nvmio02\/"},"modified":"2025-11-20T19:19:32","modified_gmt":"2025-11-20T19:19:32","slug":"b00nvmio02","status":"publish","type":"product","link":"https:\/\/rockkofertas.com.es\/index.php\/producto\/b00nvmio02\/","title":{"rendered":"B00NVMIO02"},"content":{"rendered":"<p>&#8211; La marca #1 entre los m\u00e9dicos(1): El term\u00f3metro de o\u00eddo Braun ThermoScan 7 est\u00e1 cl\u00ednicamente validado y ofrece una precisi\u00f3n en la que puede confiar para que pueda controlar su salud en casa con total confianza<br \/>\n&#8211; TECNOLOG\u00cdA AGE PRECISION: La definici\u00f3n de fiebre cambia con la edad(2) a medida que el beb\u00e9 pasa de reci\u00e9n nacido a ni\u00f1o peque\u00f1o; Nuestro algoritmo patentado le ayuda a comprender los resultados ajustando el c\u00f3digo de colores en funci\u00f3n de la edad de su hijo: el verde indica que no hay fiebre, el amarillo indica que hay fiebre y el rojo indica fiebre alta<br \/>\n&#8211; EXACTITUD EN LA QUE PUEDE CONFIAR: Se ha demostrado cl\u00ednicamente que es tan exacta como las mediciones rectales en reci\u00e9n nacidos(3)<br \/>\n&#8211; INDICADOR DE ESTABILIDAD EXACTEMP: Precisi\u00f3n simplificada gracias a la tecnolog\u00eda f\u00e1cil de usar que utiliza una luz y un pitido para confirmar una posici\u00f3n estable y ayudar a asegurar una lectura precisa<br \/>\n&#8211; RESULTADOS FIABLES: El o\u00eddo es el mejor sitio para medir la fiebre, ya que permite reflejar con mayor exactitud la temperatura corporal central(4); Nuestro term\u00f3metro est\u00e1 dise\u00f1ado con una punta precalentada (34 \u00baC) que se aproxima a su propia temperatura corporal, lo que minimiza el efecto de enfriamiento que se puede producir y garantiza unos resultados precisos en todo momento<br \/>\n&#8211; LISTO PARA USAR: Viene equipado con 2 pilas AA y un soporte protector para guardarlo de forma segura; Para asegurar la precisi\u00f3n del dispositivo y mantener la lente limpia y sin obstrucciones, se incluyen 21 protectores desechables Hygiene Caps de Braun; Ello hace que sea seguro, eficaz y listo para usar en toda la familia<\/p>\n","protected":false},"excerpt":{"rendered":"<p>Braun ThermoScan 7 Term\u00f3metro de o\u00eddo , Tecnolog\u00eda Age Precision , Pantalla digital codificada por colores , Apto para beb\u00e9s y ni\u00f1os peque\u00f1os , La marca #1 entre los m\u00e9dicos(1)<br \/>#Publicidad <span class=\"read-more\"><a class=\"more-link btn btn-transparent\" href=\"https:\/\/rockkofertas.com.es\/index.php\/producto\/b00nvmio02\/\">Leer m\u00e1s&#8230;<\/a><\/span><\/p>\n","protected":false},"featured_media":7180,"comment_status":"open","ping_status":"closed","template":"","meta":[],"product_cat":[15],"product_tag":[],"class_list":{"0":"post-7181","1":"product","2":"type-product","3":"status-publish","4":"has-post-thumbnail","6":"product_cat-sin-categorizar","8":"first","9":"instock","10":"shipping-taxable","11":"product-type-external"},"_links":{"self":[{"href":"https:\/\/rockkofertas.com.es\/index.php\/wp-json\/wp\/v2\/product\/7181","targetHints":{"allow":["GET"]}}],"collection":[{"href":"https:\/\/rockkofertas.com.es\/index.php\/wp-json\/wp\/v2\/product"}],"about":[{"href":"https:\/\/rockkofertas.com.es\/index.php\/wp-json\/wp\/v2\/types\/product"}],"replies":[{"embeddable":true,"href":"https:\/\/rockkofertas.com.es\/index.php\/wp-json\/wp\/v2\/comments?post=7181"}],"wp:featuredmedia":[{"embeddable":true,"href":"https:\/\/rockkofertas.com.es\/index.php\/wp-json\/wp\/v2\/media\/7180"}],"wp:attachment":[{"href":"https:\/\/rockkofertas.com.es\/index.php\/wp-json\/wp\/v2\/media?parent=7181"}],"wp:term":[{"taxonomy":"product_cat","embeddable":true,"href":"https:\/\/rockkofertas.com.es\/index.php\/wp-json\/wp\/v2\/product_cat?post=7181"},{"taxonomy":"product_tag","embeddable":true,"href":"https:\/\/rockkofertas.com.es\/index.php\/wp-json\/wp\/v2\/product_tag?post=7181"}],"curies":[{"name":"wp","href":"https:\/\/api.w.org\/{rel}","templated":true}]}}