{"id":7177,"date":"2025-11-20T16:01:33","date_gmt":"2025-11-20T16:01:33","guid":{"rendered":"https:\/\/rockkofertas.com.es\/index.php\/producto\/b0dbdgmnx5\/"},"modified":"2025-11-20T16:01:33","modified_gmt":"2025-11-20T16:01:33","slug":"b0dbdgmnx5","status":"publish","type":"product","link":"https:\/\/rockkofertas.com.es\/index.php\/producto\/b0dbdgmnx5\/","title":{"rendered":"B0DBDGMNX5"},"content":{"rendered":"<p>&#8211; Tela Comoda: Aseniza camisetas de pijama para mujer est\u00e1n hechas de 95% algod\u00f3n y los pantalones est\u00e1n hechos de 95% poli\u00e9ster, la tela es suave, transpirable y c\u00f3moda al tacto. \u00a1Es un pijama de alta calidad especialmente dise\u00f1ado para oto\u00f1o e invierno!<br \/>\n&#8211; Dise\u00f1o elegante:Top con cuello redondo y botones en la parte delantera + pantalones de manga larga + pantalones con bolsillo + cintura el\u00e1stica con cord\u00f3n. Adecuado para la mayor\u00eda de las mujeres.<br \/>\n&#8211; Adecuado para cualquier edad:Este pijama para mujer presenta un dise\u00f1o simple de color s\u00f3lido y elementos de pantalones a cuadros. Los colores generales son relativamente atrevidos, incluidos el rosa, el morado y el gris, adecuados para los j\u00f3venes, as\u00ed como el negro y el azul, adecuados para las mujeres trabajadoras. \u00a1Son adecuados para cualquier grupo de edad!<br \/>\n&#8211; Conjunto de pijama:Este conjunto de pijama para mujer de oto\u00f1o e invierno incluye una camiseta de manga larga y pantalones con cord\u00f3n. Hay dos piezas en todo el paquete. \u00a1Es la mejor opci\u00f3n para el oto\u00f1o y el invierno!<br \/>\n&#8211; Consejos:Se recomienda poner los conjuntos de pijama de mujer en una bolsa de lavander\u00eda para lavar a mano o a m\u00e1quina. Aseniza fabrica cada prenda de dormir con mimo, con el objetivo de ofrecer el mejor producto a todos los clientes. Si tiene alguna pregunta, \u00a1no dude en contactarnos!<\/p>\n","protected":false},"excerpt":{"rendered":"<p>Aseniza Pijamas Invierno Algod\u00f3n Manga Larga Conjunto Pijama Cuadros Ropa de Dormir para Mujer con Top y Pantalones Largo 2 Pieza (1055-Rosa,M)<br \/>\n#Publicidad <span class=\"read-more\"><a class=\"more-link btn btn-transparent\" href=\"https:\/\/rockkofertas.com.es\/index.php\/producto\/b0dbdgmnx5\/\">Leer m\u00e1s&#8230;<\/a><\/span><\/p>\n","protected":false},"featured_media":7176,"comment_status":"open","ping_status":"closed","template":"","meta":[],"product_cat":[15],"product_tag":[],"class_list":{"0":"post-7177","1":"product","2":"type-product","3":"status-publish","4":"has-post-thumbnail","6":"product_cat-sin-categorizar","8":"first","9":"instock","10":"shipping-taxable","11":"product-type-external"},"_links":{"self":[{"href":"https:\/\/rockkofertas.com.es\/index.php\/wp-json\/wp\/v2\/product\/7177","targetHints":{"allow":["GET"]}}],"collection":[{"href":"https:\/\/rockkofertas.com.es\/index.php\/wp-json\/wp\/v2\/product"}],"about":[{"href":"https:\/\/rockkofertas.com.es\/index.php\/wp-json\/wp\/v2\/types\/product"}],"replies":[{"embeddable":true,"href":"https:\/\/rockkofertas.com.es\/index.php\/wp-json\/wp\/v2\/comments?post=7177"}],"wp:featuredmedia":[{"embeddable":true,"href":"https:\/\/rockkofertas.com.es\/index.php\/wp-json\/wp\/v2\/media\/7176"}],"wp:attachment":[{"href":"https:\/\/rockkofertas.com.es\/index.php\/wp-json\/wp\/v2\/media?parent=7177"}],"wp:term":[{"taxonomy":"product_cat","embeddable":true,"href":"https:\/\/rockkofertas.com.es\/index.php\/wp-json\/wp\/v2\/product_cat?post=7177"},{"taxonomy":"product_tag","embeddable":true,"href":"https:\/\/rockkofertas.com.es\/index.php\/wp-json\/wp\/v2\/product_tag?post=7177"}],"curies":[{"name":"wp","href":"https:\/\/api.w.org\/{rel}","templated":true}]}}