{"id":7175,"date":"2025-11-20T12:01:43","date_gmt":"2025-11-20T12:01:43","guid":{"rendered":"https:\/\/rockkofertas.com.es\/index.php\/producto\/b0d9wk4xsw\/"},"modified":"2025-11-20T12:01:43","modified_gmt":"2025-11-20T12:01:43","slug":"b0d9wk4xsw","status":"publish","type":"product","link":"https:\/\/rockkofertas.com.es\/index.php\/producto\/b0d9wk4xsw\/","title":{"rendered":"B0D9WK4XSW"},"content":{"rendered":"<p>&#8211; PANTALLA DE F\u00c1CIL LECTURA: Gran pantalla retroiluminada monocrom\u00e1tica FullDot de 1,8&#8243; (4,6 cm), ofrece una claridad y un brillo impresionantes, garantiza que el texto y los n\u00fameros sean claros y legibles incluso con poca luz<br \/>\n&#8211; BOTONES GRANDES: Los botones grandes, iluminados y claramente marcados proporcionan una f\u00e1cil visibilidad y marcaci\u00f3n, los botones de respuesta y finalizaci\u00f3n de llamada de colores extragrandes facilitan sus llamadas<br \/>\n&#8211; VOLUMEN MEJORADO: Nunca se pierda una palabra con el receptor de alto volumen que puede alcanzar hasta el doble de volumen que los tel\u00e9fonos DECT Panasonic est\u00e1ndar (p. ej., la serie KX-TG68)<br \/>\n&#8211; LLAMADA FAVORITA: Reconozca instant\u00e1neamente las llamadas de hasta 3 contactos con la tecla de llamada favorita que tambi\u00e9n permite marcar y devolver llamadas (requiere la funci\u00f3n de llamada de llamada favorita) ID)<br \/>\n&#8211; COMPATIBILIDAD CON AUD\u00cdFONOS: Certificado ETS 300 381 para personas mayores y con problemas de audici\u00f3n, optimizado para aud\u00edfonos con bobina de inducci\u00f3n para minimizar la interferencia de ruido<br \/>\n&#8211; BLOQUEO DE LLAMADAS: Evite llamadas no deseadas con las funciones de Bloqueo autom\u00e1tico de llamadas y Bloqueo de llamadas molestas (requiere identificaci\u00f3n de llamadas)<br \/>\n&#8211; COMPATIBILIDAD DE UBICACI\u00d3N: Adecuado para Alemania, Suiza, Espa\u00f1a, Portugal, Italia, Francia, B\u00e9lgica, Pa\u00edses Bajos, Grecia<\/p>\n","protected":false},"excerpt":{"rendered":"<p>Panasonic KX-TGU110EXB Tel\u00e9fono Inal\u00e1mbrico Digital, Unidad Base y 1 Auriculares, Pantalla LCD, Botones Grandes, Llamada Favorita, Compatible con Aud\u00edfonos, Negro<br \/>\n#Publicidad <span class=\"read-more\"><a class=\"more-link btn btn-transparent\" href=\"https:\/\/rockkofertas.com.es\/index.php\/producto\/b0d9wk4xsw\/\">Leer m\u00e1s&#8230;<\/a><\/span><\/p>\n","protected":false},"featured_media":7174,"comment_status":"open","ping_status":"closed","template":"","meta":[],"product_cat":[15],"product_tag":[],"class_list":{"0":"post-7175","1":"product","2":"type-product","3":"status-publish","4":"has-post-thumbnail","6":"product_cat-sin-categorizar","8":"first","9":"instock","10":"shipping-taxable","11":"product-type-external"},"_links":{"self":[{"href":"https:\/\/rockkofertas.com.es\/index.php\/wp-json\/wp\/v2\/product\/7175","targetHints":{"allow":["GET"]}}],"collection":[{"href":"https:\/\/rockkofertas.com.es\/index.php\/wp-json\/wp\/v2\/product"}],"about":[{"href":"https:\/\/rockkofertas.com.es\/index.php\/wp-json\/wp\/v2\/types\/product"}],"replies":[{"embeddable":true,"href":"https:\/\/rockkofertas.com.es\/index.php\/wp-json\/wp\/v2\/comments?post=7175"}],"wp:featuredmedia":[{"embeddable":true,"href":"https:\/\/rockkofertas.com.es\/index.php\/wp-json\/wp\/v2\/media\/7174"}],"wp:attachment":[{"href":"https:\/\/rockkofertas.com.es\/index.php\/wp-json\/wp\/v2\/media?parent=7175"}],"wp:term":[{"taxonomy":"product_cat","embeddable":true,"href":"https:\/\/rockkofertas.com.es\/index.php\/wp-json\/wp\/v2\/product_cat?post=7175"},{"taxonomy":"product_tag","embeddable":true,"href":"https:\/\/rockkofertas.com.es\/index.php\/wp-json\/wp\/v2\/product_tag?post=7175"}],"curies":[{"name":"wp","href":"https:\/\/api.w.org\/{rel}","templated":true}]}}