{"id":7173,"date":"2025-11-20T09:45:14","date_gmt":"2025-11-20T09:45:14","guid":{"rendered":"https:\/\/rockkofertas.com.es\/index.php\/producto\/b0frgg34zf\/"},"modified":"2025-11-20T09:45:14","modified_gmt":"2025-11-20T09:45:14","slug":"b0frgg34zf","status":"publish","type":"product","link":"https:\/\/rockkofertas.com.es\/index.php\/producto\/b0frgg34zf\/","title":{"rendered":"B0FRGG34ZF"},"content":{"rendered":"<p>&#8211; \ud83c\udf19 SUE\u00d1O PROFUNDO Y REPARADOR \u2013 Las tiras bucales DICLOS ayudan a mantener la boca cerrada durante el sue\u00f1o, fomentando la respiraci\u00f3n nasal y favoreciendo un descanso m\u00e1s profundo, con menos interrupciones nocturnas y despertares m\u00e1s revitalizantes.<br \/>\n&#8211; \ud83d\udca4 REDUCE LOS RONQUIDOS Y EVITA LA SEQUEDAD BUCAL \u2013 Al facilitar la respiraci\u00f3n nasal, estas tiras contribuyen a reducir los ronquidos, evitar la sequedad bucal y disminuir la irritaci\u00f3n de garganta. Una soluci\u00f3n eficaz tanto para el bienestar del usuario como para el de su pareja.<br \/>\n&#8211; \ud83c\udfc3\u200d\u2642\ufe0f MEJORA EL RENDIMIENTO F\u00cdSICO Y LA SALUD GENERAL \u2013 Su uso favorece una mejor oxigenaci\u00f3n durante el sue\u00f1o, lo que mejora la recuperaci\u00f3n muscular y el rendimiento f\u00edsico. Tambi\u00e9n ayuda a mantener una alineaci\u00f3n mandibular natural y a prevenir los efectos negativos de la respiraci\u00f3n oral.<br \/>\n&#8211; \ud83d\udc4c C\u00d3MODAS, HIPOALERG\u00c9NICAS Y AJUSTE UNIVERSAL \u2013 Est\u00e1n fabricadas con material transpirable, adhesivo de calidad m\u00e9dica y un dise\u00f1o suave con la piel. Se adaptan a todo tipo de rostros, incluso con vello facial, y pueden retirarse y volver a aplicarse sin perder adherencia ni causar molestias.<\/p>\n","protected":false},"excerpt":{"rendered":"<p>DICLOS 60 Tiras Bucales para Dormir. Mouth Tape for Sleeping. Cinta Bucal Ronquidos. Mouth strips. Parches Boca. Tiras Boca para Dormir con la Boca Cerrada. Myotape. Tapa Bocas. (Azul Sin Orificio)<br \/>#Publicidad <span class=\"read-more\"><a class=\"more-link btn btn-transparent\" href=\"https:\/\/rockkofertas.com.es\/index.php\/producto\/b0frgg34zf\/\">Leer m\u00e1s&#8230;<\/a><\/span><\/p>\n","protected":false},"featured_media":7172,"comment_status":"open","ping_status":"closed","template":"","meta":[],"product_cat":[15],"product_tag":[],"class_list":{"0":"post-7173","1":"product","2":"type-product","3":"status-publish","4":"has-post-thumbnail","6":"product_cat-sin-categorizar","8":"first","9":"instock","10":"shipping-taxable","11":"product-type-external"},"_links":{"self":[{"href":"https:\/\/rockkofertas.com.es\/index.php\/wp-json\/wp\/v2\/product\/7173","targetHints":{"allow":["GET"]}}],"collection":[{"href":"https:\/\/rockkofertas.com.es\/index.php\/wp-json\/wp\/v2\/product"}],"about":[{"href":"https:\/\/rockkofertas.com.es\/index.php\/wp-json\/wp\/v2\/types\/product"}],"replies":[{"embeddable":true,"href":"https:\/\/rockkofertas.com.es\/index.php\/wp-json\/wp\/v2\/comments?post=7173"}],"wp:featuredmedia":[{"embeddable":true,"href":"https:\/\/rockkofertas.com.es\/index.php\/wp-json\/wp\/v2\/media\/7172"}],"wp:attachment":[{"href":"https:\/\/rockkofertas.com.es\/index.php\/wp-json\/wp\/v2\/media?parent=7173"}],"wp:term":[{"taxonomy":"product_cat","embeddable":true,"href":"https:\/\/rockkofertas.com.es\/index.php\/wp-json\/wp\/v2\/product_cat?post=7173"},{"taxonomy":"product_tag","embeddable":true,"href":"https:\/\/rockkofertas.com.es\/index.php\/wp-json\/wp\/v2\/product_tag?post=7173"}],"curies":[{"name":"wp","href":"https:\/\/api.w.org\/{rel}","templated":true}]}}