{"id":7169,"date":"2025-11-20T08:01:35","date_gmt":"2025-11-20T08:01:35","guid":{"rendered":"https:\/\/rockkofertas.com.es\/index.php\/producto\/b0cjm1vn9z\/"},"modified":"2025-11-20T08:01:35","modified_gmt":"2025-11-20T08:01:35","slug":"b0cjm1vn9z","status":"publish","type":"product","link":"https:\/\/rockkofertas.com.es\/index.php\/producto\/b0cjm1vn9z\/","title":{"rendered":"B0CJM1VN9Z"},"content":{"rendered":"<p>&#8211; \ud83d\udc4d Pijamas de alta calidad &#8211; Nuestros pijamas de forro polar para mujer son perfectos para hoteles, casa y spas. Estos conjuntos de pijama de felpa, s\u00faper suaves y acogedores, son la prenda perfecta para dormir en invierno. Ponte nuestros acogedores pijamas y disfruta de su suave tacto para una c\u00e1lida noche de descanso y relajaci\u00f3n.<br \/>\n&#8211; \ud83d\udc4d Caracter\u00edsticas del dise\u00f1o &#8211; Este conjunto de pijama de franela consta de una camiseta t\u00e9rmica de felpa con amplios bolsillos delanteros y un pantal\u00f3n t\u00e9rmico con cinturilla el\u00e1stica ajustable. Su tejido suave y su corte holgado y entallado hacen de este conjunto de pijama largo para mujer un complemento elegante para oto\u00f1o e invierno.<br \/>\n&#8211; \ud83d\udc4d El regalo perfecto &#8211; Este conjunto de pijama de dos piezas de manga larga para mujer no solo es perfecto para dormir, sino tambi\u00e9n para pasear y relajarse; es ideal como regalo de aniversario, cumplea\u00f1os, San Valent\u00edn, inauguraci\u00f3n de casa y Navidad. Un pijama c\u00f3modo y elegante con un toque simb\u00f3lico.<br \/>\n&#8211; \ud83d\udc4d Colores y tallas &#8211; Nuestras suaves y c\u00e1lidas pijamas para mujer est\u00e1n disponibles en tallas S a XXL y en una variedad de colores. Elige tu estilo favorito. Consulta la tabla de tallas antes de comprar y selecciona la talla correcta. Debido a la tela afelpada, el dise\u00f1o puede quedar grande, as\u00ed que elige una talla menos de la habitual.<br \/>\n&#8211; \ud83d\udc4d Instrucciones de lavado &#8211; Estas suaves pijamas se pueden lavar a m\u00e1quina a temperatura ambiente. No secar en secadora ni planchar. La exposici\u00f3n regular a la luz solar y un tacto suave mantendr\u00e1n la pijama limpia, esponjosa y suave.<\/p>\n","protected":false},"excerpt":{"rendered":"<p>Lovasy Pijama Mujer Invierno Polar Franela Pijamas para Mujer Manga Larga Conjunto C\u00e1lido Largo con Bolsillos,Rosa,L<br \/>\n#Publicidad <span class=\"read-more\"><a class=\"more-link btn btn-transparent\" href=\"https:\/\/rockkofertas.com.es\/index.php\/producto\/b0cjm1vn9z\/\">Leer m\u00e1s&#8230;<\/a><\/span><\/p>\n","protected":false},"featured_media":7168,"comment_status":"open","ping_status":"closed","template":"","meta":[],"product_cat":[15],"product_tag":[],"class_list":{"0":"post-7169","1":"product","2":"type-product","3":"status-publish","4":"has-post-thumbnail","6":"product_cat-sin-categorizar","8":"first","9":"instock","10":"shipping-taxable","11":"product-type-external"},"_links":{"self":[{"href":"https:\/\/rockkofertas.com.es\/index.php\/wp-json\/wp\/v2\/product\/7169","targetHints":{"allow":["GET"]}}],"collection":[{"href":"https:\/\/rockkofertas.com.es\/index.php\/wp-json\/wp\/v2\/product"}],"about":[{"href":"https:\/\/rockkofertas.com.es\/index.php\/wp-json\/wp\/v2\/types\/product"}],"replies":[{"embeddable":true,"href":"https:\/\/rockkofertas.com.es\/index.php\/wp-json\/wp\/v2\/comments?post=7169"}],"wp:featuredmedia":[{"embeddable":true,"href":"https:\/\/rockkofertas.com.es\/index.php\/wp-json\/wp\/v2\/media\/7168"}],"wp:attachment":[{"href":"https:\/\/rockkofertas.com.es\/index.php\/wp-json\/wp\/v2\/media?parent=7169"}],"wp:term":[{"taxonomy":"product_cat","embeddable":true,"href":"https:\/\/rockkofertas.com.es\/index.php\/wp-json\/wp\/v2\/product_cat?post=7169"},{"taxonomy":"product_tag","embeddable":true,"href":"https:\/\/rockkofertas.com.es\/index.php\/wp-json\/wp\/v2\/product_tag?post=7169"}],"curies":[{"name":"wp","href":"https:\/\/api.w.org\/{rel}","templated":true}]}}