{"id":7167,"date":"2025-11-20T07:34:47","date_gmt":"2025-11-20T07:34:47","guid":{"rendered":"https:\/\/rockkofertas.com.es\/index.php\/producto\/b0fjfm1gxy\/"},"modified":"2025-11-20T07:34:47","modified_gmt":"2025-11-20T07:34:47","slug":"b0fjfm1gxy","status":"publish","type":"product","link":"https:\/\/rockkofertas.com.es\/index.php\/producto\/b0fjfm1gxy\/","title":{"rendered":"B0FJFM1GXY"},"content":{"rendered":"<p>&#8211; \u301025,000 PA POWERFUL SUCTION\u3011: Esta aspiradora de mano est\u00e1 equipada con un avanzado motor de alta velocidad sin escobillas con hasta 90,000 revoluciones por minuto. Esta potente aspiradora de mano sin cable es un 80% m\u00e1s potente que los modelos convencionales. Con tres niveles de succi\u00f3n ajustables, recoge sin esfuerzo arena, polvo, migas, colillas y pelos rebeldes por toda la casa.<br \/>\n&#8211; \u3010MULTIFUNCIONAL EN UNO\u3011: Esta aspiradora es un dispositivo multifuncional que combina aspirar, soplar, inflar en uno. Tiene modos de succi\u00f3n y soplado, que pueden aspirar f\u00e1cilmente el polvo de las grietas del teclado, las rejillas de ventilaci\u00f3n del aire acondicionado y otros callejones sin salida. Con la exclusiva funci\u00f3n de succi\u00f3n de aire, el aire de la bolsa de la aspiradora se puede vaciar r\u00e1pidamente para ahorrar espacio, perfecto para usar en casa, coche, aire libre.<br \/>\n&#8211; \u3010ONE TOUCH AUTO DUST REMOVAL\u3011:Esta aspirador de mano no solo tiene una pantalla que muestra la velocidad del aire, sino que tambi\u00e9n tiene una nueva actualizaci\u00f3n a presi\u00f3n para el caddy incorporado.One touch auto dust removal vierte r\u00e1pidamente el polvo en la papelera sin contacto directo para evitar ensuciarse las manos.El filtro Heap sella eficazmente el polvo y evita que se escape del aspiradora.<br \/>\n&#8211; \u3010ACCESORIOS VARIOS\u3011:Esta aspiradora incluye 9 cabezales y filtros de repuesto para una limpieza profunda en una variedad de situaciones. El cepillo elimina el polvo\/suciedad de superficies, grietas y \u00e1reas dif\u00edciles de limpiar; las cerdas suaves limpian sof\u00e1s, alfombras y telas. La boquilla inflable infla anillos de nataci\u00f3n y camas hinchables. El cabezal del filtro de repuesto incluido puede sustituirse durante la limpieza y el mantenimiento, manteniendo una succi\u00f3n potente y duradera.<br \/>\n&#8211; \u3010PORTABLE &amp; HIGH BURNING LIFE\u3011: Esta aspirador de mano cuenta con un dise\u00f1o sin cables, bater\u00eda incorporada de alta capacidad de 8000mAh con cable de carga r\u00e1pida USB-C, tarda solo unas 2 horas en cargarse por completo, y est\u00e1 equipada con un indicador de potencia para comprobar el nivel de energ\u00eda en cualquier momento. Compacto y ligero, es un compa\u00f1ero de limpieza ideal para viajar y acampar. Si tiene alguna pregunta, no dude en ponerse en contacto con nosotros.<\/p>\n","protected":false},"excerpt":{"rendered":"<p>botatio Aspirador de Mano, 25000Pa 4 en 1 Aspiradora sin Cable, Descarga de Polvo Auto-Aspirador con un Toque, Motor sin Escobillas, 3 Niveles de Succi\u00f3n, para el Hogar\/Oficina\/Coche\/Pelo, Plateado<br \/>#Publicidad <span class=\"read-more\"><a class=\"more-link btn btn-transparent\" href=\"https:\/\/rockkofertas.com.es\/index.php\/producto\/b0fjfm1gxy\/\">Leer m\u00e1s&#8230;<\/a><\/span><\/p>\n","protected":false},"featured_media":7166,"comment_status":"open","ping_status":"closed","template":"","meta":[],"product_cat":[15],"product_tag":[],"class_list":{"0":"post-7167","1":"product","2":"type-product","3":"status-publish","4":"has-post-thumbnail","6":"product_cat-sin-categorizar","8":"first","9":"instock","10":"shipping-taxable","11":"product-type-external"},"_links":{"self":[{"href":"https:\/\/rockkofertas.com.es\/index.php\/wp-json\/wp\/v2\/product\/7167","targetHints":{"allow":["GET"]}}],"collection":[{"href":"https:\/\/rockkofertas.com.es\/index.php\/wp-json\/wp\/v2\/product"}],"about":[{"href":"https:\/\/rockkofertas.com.es\/index.php\/wp-json\/wp\/v2\/types\/product"}],"replies":[{"embeddable":true,"href":"https:\/\/rockkofertas.com.es\/index.php\/wp-json\/wp\/v2\/comments?post=7167"}],"wp:featuredmedia":[{"embeddable":true,"href":"https:\/\/rockkofertas.com.es\/index.php\/wp-json\/wp\/v2\/media\/7166"}],"wp:attachment":[{"href":"https:\/\/rockkofertas.com.es\/index.php\/wp-json\/wp\/v2\/media?parent=7167"}],"wp:term":[{"taxonomy":"product_cat","embeddable":true,"href":"https:\/\/rockkofertas.com.es\/index.php\/wp-json\/wp\/v2\/product_cat?post=7167"},{"taxonomy":"product_tag","embeddable":true,"href":"https:\/\/rockkofertas.com.es\/index.php\/wp-json\/wp\/v2\/product_tag?post=7167"}],"curies":[{"name":"wp","href":"https:\/\/api.w.org\/{rel}","templated":true}]}}