{"id":7165,"date":"2025-11-20T04:00:52","date_gmt":"2025-11-20T04:00:52","guid":{"rendered":"https:\/\/rockkofertas.com.es\/index.php\/producto\/b0dk1phmms\/"},"modified":"2025-11-20T04:00:52","modified_gmt":"2025-11-20T04:00:52","slug":"b0dk1phmms","status":"publish","type":"product","link":"https:\/\/rockkofertas.com.es\/index.php\/producto\/b0dk1phmms\/","title":{"rendered":"B0DK1PHMMS"},"content":{"rendered":"<p>&#8211; DISE\u00d1O PREMIUM: El logotipo de Calvin Klein en la parte delantera y los detalles en el bot\u00f3n y los ojales en la corona de la gorra proporcionan un toque especial. La visera curvada de la gorra te protege de la claridad.<br \/>\n&#8211; COMODIDAD EXCEPCIONAL: La gorra moderna para hombre garantiza una sensaci\u00f3n de ligereza y es el complemento perfecto para los d\u00edas de verano calurosos. La correa ajustable permite ajustarla a la cabeza de manera individual.<br \/>\n&#8211; VERS\u00c1TIL Y PR\u00c1CTICO: Puedes usar este gorro de b\u00e9isbol a diario o para hacer deporte, el accesorio combina a la perfecci\u00f3n con cualquier look y realza tu estilo.<br \/>\n&#8211; MATERIAL Y CUIDADO: La gorra est\u00e1 confeccionada en algod\u00f3n 100 %. Talla \u00fanica. Lavar a mano. Limpieza y mantenimiento sencillo.<br \/>\n&#8211; EMOCIONANTE Y CLARO: La marca de moda Calvin Klein, fundada en 1968, es conocida por su singular look y lleva conquistando el mundo de la moda desde entonces. La marca americana apuesta por una est\u00e9tica minimalista.<\/p>\n","protected":false},"excerpt":{"rendered":"<p>Calvin Klein Gorra Hombre Embroidery de algod\u00f3n, Multicolor (Bright White\/Black), Talla \u00danica<br \/>\n#Publicidad <span class=\"read-more\"><a class=\"more-link btn btn-transparent\" href=\"https:\/\/rockkofertas.com.es\/index.php\/producto\/b0dk1phmms\/\">Leer m\u00e1s&#8230;<\/a><\/span><\/p>\n","protected":false},"featured_media":7164,"comment_status":"open","ping_status":"closed","template":"","meta":[],"product_cat":[15],"product_tag":[],"class_list":{"0":"post-7165","1":"product","2":"type-product","3":"status-publish","4":"has-post-thumbnail","6":"product_cat-sin-categorizar","8":"first","9":"instock","10":"shipping-taxable","11":"product-type-external"},"_links":{"self":[{"href":"https:\/\/rockkofertas.com.es\/index.php\/wp-json\/wp\/v2\/product\/7165","targetHints":{"allow":["GET"]}}],"collection":[{"href":"https:\/\/rockkofertas.com.es\/index.php\/wp-json\/wp\/v2\/product"}],"about":[{"href":"https:\/\/rockkofertas.com.es\/index.php\/wp-json\/wp\/v2\/types\/product"}],"replies":[{"embeddable":true,"href":"https:\/\/rockkofertas.com.es\/index.php\/wp-json\/wp\/v2\/comments?post=7165"}],"wp:featuredmedia":[{"embeddable":true,"href":"https:\/\/rockkofertas.com.es\/index.php\/wp-json\/wp\/v2\/media\/7164"}],"wp:attachment":[{"href":"https:\/\/rockkofertas.com.es\/index.php\/wp-json\/wp\/v2\/media?parent=7165"}],"wp:term":[{"taxonomy":"product_cat","embeddable":true,"href":"https:\/\/rockkofertas.com.es\/index.php\/wp-json\/wp\/v2\/product_cat?post=7165"},{"taxonomy":"product_tag","embeddable":true,"href":"https:\/\/rockkofertas.com.es\/index.php\/wp-json\/wp\/v2\/product_tag?post=7165"}],"curies":[{"name":"wp","href":"https:\/\/api.w.org\/{rel}","templated":true}]}}