{"id":7161,"date":"2025-11-19T21:16:05","date_gmt":"2025-11-19T21:16:05","guid":{"rendered":"https:\/\/rockkofertas.com.es\/index.php\/producto\/b0d66zcxcg-2\/"},"modified":"2025-11-19T21:16:05","modified_gmt":"2025-11-19T21:16:05","slug":"b0d66zcxcg-2","status":"publish","type":"product","link":"https:\/\/rockkofertas.com.es\/index.php\/producto\/b0d66zcxcg-2\/","title":{"rendered":"B0D66ZCXCG"},"content":{"rendered":"<p>&#8211; \u3010Nuevas Listas a trav\u00e9s de puentes y actualizaciones\u3011: Molinillo de carne completamente actualizado de tama\u00f1o n\u00ba 12. Dispone de un motor de cobre 100% puro, potencia m\u00e1xima de 3000 W. Procesamiento de 3,2 kg\/min, 3 veces m\u00e1s r\u00e1pido que el n\u00ba 5\/8. Bandeja espaciosa, gran potencia, ideal para familias que necesitan alimentar a sus animales. Esto no es solo un molinillo de carne, sino que tambi\u00e9n hace salchichas y kubbe, adem\u00e1s de una garra de carne y una prensa para hamburguesas para uso diario.<br \/>\n&#8211; \u3010Tecnolog\u00eda de molinillo de carne no propensa a atascos\u3011: Nuestro avanzado molinillo de carne tiene un tornillo sinf\u00edn alargado y engrosado y 420 cuchillas afiladas. Agarra y procesa trozos de carne de manera efectiva, muele de manera eficiente y ahorra tiempo y energ\u00eda. La funci\u00f3n de retroceso reduce el atascamiento de carne. Un tubo de alimentaci\u00f3n espacioso garantiza una alimentaci\u00f3n suave y menos obstrucciones para un funcionamiento sin problemas.<br \/>\n&#8211; \u3010Tres velocidades para un control flexible\u3011: Molinillo de carne actualizado con tres velocidades. Alta velocidad de 195 RPM para carne dura y congelada. Baja velocidad de 180 RPM conserva el sabor de alimentos blandos. Funci\u00f3n de inversi\u00f3n evita atascos. Se optimiza el espacio requerido gracias a la caja de almacenamiento integrada que mantiene el orden.<br \/>\n&#8211; \u3010Mezcla perfecta de resistencia y facilidad\u3011: Nuestro molinillo de carne de versi\u00f3n actualizada con engranaje de metal completo para durabilidad y bajo ruido. La carcasa de acero inoxidable de 3 mm a\u00edsla el ruido durante el funcionamiento y es f\u00e1cil de limpiar. Todas las partes se pueden desmontar para lavar a mano. Lave el dispositivo a mano y s\u00e9quelo con un pa\u00f1o para evitar la oxidaci\u00f3n de las partes de aleaci\u00f3n. Las cuchillas y las placas son aptas para lavavajillas.<br \/>\n&#8211; \u3010Doble garant\u00eda para durabilidad y estabilidad\u3011: Nuestro molinillo de carne de gran capacidad est\u00e1 equipado con 13 orificios de refrigeraci\u00f3n y un ventilador plus refrigerado por aire que garantiza una r\u00e1pida disipaci\u00f3n del calor y casi duplica la vida \u00fatil. Una base de cuatro patas proporciona un molienda estable. Las tecnolog\u00edas de seguridad innovadoras, como la protecci\u00f3n contra sobrecalentamiento y sobrecorriente, garantizan una larga vida \u00fatil y bajos costos de mantenimiento.<\/p>\n","protected":false},"excerpt":{"rendered":"<p>AAOBOSI #12 Picadora de carne, [3000 W m\u00e1x], 3 velocidades, picadora de carne el\u00e9ctrica resistente: 2 cuchillas, 4 placas, 3 rellenadores de salchichas, kit de kibbe, pinza de carne, prensa para<br \/>#Publicidad <span class=\"read-more\"><a class=\"more-link btn btn-transparent\" href=\"https:\/\/rockkofertas.com.es\/index.php\/producto\/b0d66zcxcg-2\/\">Leer m\u00e1s&#8230;<\/a><\/span><\/p>\n","protected":false},"featured_media":7160,"comment_status":"open","ping_status":"closed","template":"","meta":[],"product_cat":[15],"product_tag":[],"class_list":{"0":"post-7161","1":"product","2":"type-product","3":"status-publish","4":"has-post-thumbnail","6":"product_cat-sin-categorizar","8":"first","9":"instock","10":"shipping-taxable","11":"product-type-external"},"_links":{"self":[{"href":"https:\/\/rockkofertas.com.es\/index.php\/wp-json\/wp\/v2\/product\/7161","targetHints":{"allow":["GET"]}}],"collection":[{"href":"https:\/\/rockkofertas.com.es\/index.php\/wp-json\/wp\/v2\/product"}],"about":[{"href":"https:\/\/rockkofertas.com.es\/index.php\/wp-json\/wp\/v2\/types\/product"}],"replies":[{"embeddable":true,"href":"https:\/\/rockkofertas.com.es\/index.php\/wp-json\/wp\/v2\/comments?post=7161"}],"wp:featuredmedia":[{"embeddable":true,"href":"https:\/\/rockkofertas.com.es\/index.php\/wp-json\/wp\/v2\/media\/7160"}],"wp:attachment":[{"href":"https:\/\/rockkofertas.com.es\/index.php\/wp-json\/wp\/v2\/media?parent=7161"}],"wp:term":[{"taxonomy":"product_cat","embeddable":true,"href":"https:\/\/rockkofertas.com.es\/index.php\/wp-json\/wp\/v2\/product_cat?post=7161"},{"taxonomy":"product_tag","embeddable":true,"href":"https:\/\/rockkofertas.com.es\/index.php\/wp-json\/wp\/v2\/product_tag?post=7161"}],"curies":[{"name":"wp","href":"https:\/\/api.w.org\/{rel}","templated":true}]}}