{"id":7159,"date":"2025-11-19T17:11:07","date_gmt":"2025-11-19T17:11:07","guid":{"rendered":"https:\/\/rockkofertas.com.es\/index.php\/producto\/b0fr4yj8gm\/"},"modified":"2025-11-19T17:11:07","modified_gmt":"2025-11-19T17:11:07","slug":"b0fr4yj8gm","status":"publish","type":"product","link":"https:\/\/rockkofertas.com.es\/index.php\/producto\/b0fr4yj8gm\/","title":{"rendered":"B0FR4YJ8GM"},"content":{"rendered":"<p>&#8211; \u3010Dashcam Frontal\u3011Esta camara coche con resoluci\u00f3n 1080P de ultra alta definici\u00f3n, a trav\u00e9s del gran angular de 140 \u00b0 puede capturar claramente la matr\u00edcula y los detalles de la carretera, para que pueda conducir con seguridad en la carretera.<br \/>\n&#8211; \u3010Control APP y Conexi\u00f3n Wi-Fi\u3011Esta camara vigilancia coche el \u00abViidure\u00bb APP est\u00e1 disponible para iOS y Android, Puedes conectarte f\u00e1cilmente al WiFi integrado para descargar v\u00eddeos.<br \/>\n&#8211; \u3010S\u00faper Visi\u00f3n Nocturna\u3011La dashcam para adaptarse a entornos con poca luz, no solo para capturar fotos n\u00edtidas de matr\u00edculas y se\u00f1ales de tr\u00e1fico en exteriores, sino tambi\u00e9n para grabar v\u00eddeo con claridad por la noche.<br \/>\n&#8211; \u3010Grabaci\u00f3n en Bucle\u3011La funci\u00f3n de grabaci\u00f3n en bucle de esta camara coche grabadora sobrescribir\u00e1 y eliminar\u00e1 autom\u00e1ticamente el archivo de v\u00eddeo m\u00e1s antiguo para evitar que la c\u00e1mara deje de grabar cuando la tarjeta de memoria SD est\u00e9 llena.<br \/>\n&#8211; \u3010G-Sensor\u3011Cuando la camara coche detecta una colisi\u00f3n o un impacto repentino, el v\u00eddeo actual se bloquear\u00e1 autom\u00e1ticamente. Los archivos de v\u00eddeo bloqueados no se sobrescribir\u00e1n con la grabaci\u00f3n en bucle.<\/p>\n","protected":false},"excerpt":{"rendered":"<p>Dashcam,1080P WiFi Dash CAM Coche, Camara Coche Grabadora con Cable de Alimentaci\u00f3n, Supervisi\u00f3n Nocturna, Sensor G, Monitor de Aparcamiento, Grabaci\u00f3n de Bucle<br \/>#Publicidad <span class=\"read-more\"><a class=\"more-link btn btn-transparent\" href=\"https:\/\/rockkofertas.com.es\/index.php\/producto\/b0fr4yj8gm\/\">Leer m\u00e1s&#8230;<\/a><\/span><\/p>\n","protected":false},"featured_media":7158,"comment_status":"open","ping_status":"closed","template":"","meta":[],"product_cat":[15],"product_tag":[],"class_list":{"0":"post-7159","1":"product","2":"type-product","3":"status-publish","4":"has-post-thumbnail","6":"product_cat-sin-categorizar","8":"first","9":"instock","10":"shipping-taxable","11":"product-type-external"},"_links":{"self":[{"href":"https:\/\/rockkofertas.com.es\/index.php\/wp-json\/wp\/v2\/product\/7159","targetHints":{"allow":["GET"]}}],"collection":[{"href":"https:\/\/rockkofertas.com.es\/index.php\/wp-json\/wp\/v2\/product"}],"about":[{"href":"https:\/\/rockkofertas.com.es\/index.php\/wp-json\/wp\/v2\/types\/product"}],"replies":[{"embeddable":true,"href":"https:\/\/rockkofertas.com.es\/index.php\/wp-json\/wp\/v2\/comments?post=7159"}],"wp:featuredmedia":[{"embeddable":true,"href":"https:\/\/rockkofertas.com.es\/index.php\/wp-json\/wp\/v2\/media\/7158"}],"wp:attachment":[{"href":"https:\/\/rockkofertas.com.es\/index.php\/wp-json\/wp\/v2\/media?parent=7159"}],"wp:term":[{"taxonomy":"product_cat","embeddable":true,"href":"https:\/\/rockkofertas.com.es\/index.php\/wp-json\/wp\/v2\/product_cat?post=7159"},{"taxonomy":"product_tag","embeddable":true,"href":"https:\/\/rockkofertas.com.es\/index.php\/wp-json\/wp\/v2\/product_tag?post=7159"}],"curies":[{"name":"wp","href":"https:\/\/api.w.org\/{rel}","templated":true}]}}