{"id":7157,"date":"2025-11-19T16:00:47","date_gmt":"2025-11-19T16:00:47","guid":{"rendered":"https:\/\/rockkofertas.com.es\/index.php\/producto\/b0dx6zlmmb\/"},"modified":"2025-11-19T16:00:47","modified_gmt":"2025-11-19T16:00:47","slug":"b0dx6zlmmb","status":"publish","type":"product","link":"https:\/\/rockkofertas.com.es\/index.php\/producto\/b0dx6zlmmb\/","title":{"rendered":"B0DX6ZLMMB"},"content":{"rendered":"<p>&#8211; \u2705 COJIN 50X60 CALIDAD SUPERIOR &#8211; Comodidad y suavidad inigualables. Reg\u00e1late un sue\u00f1o de lujo con nuestra almohadas de microfibra 50x60cm hueca siliconada blanca, fabricada 100% con fibra hueca de alta calidad. Siente una envoltura suave y elegante desde la primera noche, para despertar lleno de energ\u00eda y serenidad.<br \/>\n&#8211; \u2705 ALMOHADA DE MICROFIBRA RECTANGULAR 50X60X10CM &#8211; Funda 100% algod\u00f3n de lujo. La funda de algod\u00f3n de primera calidad acaricia suavemente tu piel. Su tacto sedoso y su transpirabilidad crean una atm\u00f3sfera envolvente en tu dormitorio, invitando a noches tranquilas y sue\u00f1os relajantes. Relleno Cojin Poliester Fibra Hueca 50x60cm<br \/>\n&#8211; \u2705 COJIN DE AMOR PARA POSICIONES FIBRA PREMIUM &#8211; Adecuado para camas individuales o dobles, este coj\u00edn de cama para adultos de primera calidad se adapta perfectamente a una cama individual o doble. Ya sea que lo uses solo o en d\u00fao, abraza delicadamente tus contornos para un soporte \u00f3ptimo, mejorando la calidad de tu sue\u00f1o noche tras noche.<br \/>\n&#8211; \u2705 EXCELENTE ALMOHADA FIBRA HUECA SILICONADA DE HOTEL RECTANGULAR SUAVE &#8211; F\u00e1cil mantenimiento y duradero. Disfrute de un mantenimiento sin complicaciones gracias a su compatibilidad con lavado a m\u00e1quina a 40\u00b0. Nuestra almohada de cama para adultos conserva su suavidad y forma, lavado tras lavado, garantiz\u00e1ndole una comodidad constante y duradera para noches siempre perfectas.<br \/>\n&#8211; \ud83c\uddea\ud83c\uddf8 ALMOHADA MICROFIBRA 50X60CM PARA ADULTOS (SATISFECHO O REEMBOLSADO) Usted se beneficia de un SERVICIO DE ATENCI\u00d3N AL CLIENTE PREMIUM 24\/7. Si tiene alguna pregunta, p\u00f3ngase en contacto con nosotros. Excelencia Confort-Dream y 30 a\u00f1os de experiencia. \u00danase a la familia Confort-Dream, una marca de ropa de cama excepcional rodeada de expertos durante m\u00e1s de 30 a\u00f1os. Nuestro cat\u00e1logo, que incluye cojines, relleno microfibra, edredones y fundas, es el resultado de un saber hacer demostrado, para equipar su habitaci\u00f3n con el mejor confort.<\/p>\n","protected":false},"excerpt":{"rendered":"<p>Almohada Fibra Hueca Siliconada 50&#215;60 Relleno Cojin PREMIUM 50&#215;60 cm (GARANT\u00cdA) 50x60x10 Firmeza Alta Cojin de Amor para Posiciones 100% Microfibra Rectangular de Hotel Suave \u272fGARANT\u00cdA DE POR VIDA\u272f<br \/>\n#Publicidad <span class=\"read-more\"><a class=\"more-link btn btn-transparent\" href=\"https:\/\/rockkofertas.com.es\/index.php\/producto\/b0dx6zlmmb\/\">Leer m\u00e1s&#8230;<\/a><\/span><\/p>\n","protected":false},"featured_media":7156,"comment_status":"open","ping_status":"closed","template":"","meta":[],"product_cat":[15],"product_tag":[],"class_list":{"0":"post-7157","1":"product","2":"type-product","3":"status-publish","4":"has-post-thumbnail","6":"product_cat-sin-categorizar","8":"first","9":"instock","10":"shipping-taxable","11":"product-type-external"},"_links":{"self":[{"href":"https:\/\/rockkofertas.com.es\/index.php\/wp-json\/wp\/v2\/product\/7157","targetHints":{"allow":["GET"]}}],"collection":[{"href":"https:\/\/rockkofertas.com.es\/index.php\/wp-json\/wp\/v2\/product"}],"about":[{"href":"https:\/\/rockkofertas.com.es\/index.php\/wp-json\/wp\/v2\/types\/product"}],"replies":[{"embeddable":true,"href":"https:\/\/rockkofertas.com.es\/index.php\/wp-json\/wp\/v2\/comments?post=7157"}],"wp:featuredmedia":[{"embeddable":true,"href":"https:\/\/rockkofertas.com.es\/index.php\/wp-json\/wp\/v2\/media\/7156"}],"wp:attachment":[{"href":"https:\/\/rockkofertas.com.es\/index.php\/wp-json\/wp\/v2\/media?parent=7157"}],"wp:term":[{"taxonomy":"product_cat","embeddable":true,"href":"https:\/\/rockkofertas.com.es\/index.php\/wp-json\/wp\/v2\/product_cat?post=7157"},{"taxonomy":"product_tag","embeddable":true,"href":"https:\/\/rockkofertas.com.es\/index.php\/wp-json\/wp\/v2\/product_tag?post=7157"}],"curies":[{"name":"wp","href":"https:\/\/api.w.org\/{rel}","templated":true}]}}