{"id":7155,"date":"2025-11-19T15:06:34","date_gmt":"2025-11-19T15:06:34","guid":{"rendered":"https:\/\/rockkofertas.com.es\/index.php\/producto\/b0fs22hpvp-4\/"},"modified":"2025-11-19T15:06:34","modified_gmt":"2025-11-19T15:06:34","slug":"b0fs22hpvp-4","status":"publish","type":"product","link":"https:\/\/rockkofertas.com.es\/index.php\/producto\/b0fs22hpvp-4\/","title":{"rendered":"B0FS22HPVP"},"content":{"rendered":"<p>&#8211; \u3010 4 en 1 Aspirador de Mano Multifuncional\u3011Este aspirador de mano potente combina 4 funciones en un solo dispositivo: aspirar, soplar, inflar y desinflar. Ideal como aspirador coche para limpiar alfombrillas, pelos de mascotas y rincones dif\u00edciles de alcanzar. Tambi\u00e9n funciona como compresor de aire para inflar colchones y como soplador para limpiar teclados y salidas de ventilaci\u00f3n. Perfecto para el hogar, el coche y actividades al aire libre como el camping.<br \/>\n&#8211; \u3010 Potente Succi\u00f3n de 25kPa y 120W\u3011Este aspirador de coche sin cable est\u00e1 equipado con un motor de alta velocidad mejorado, ofreciendo una potente succi\u00f3n de hasta 25.000Pa. Como mini aspiradora de mano, elimina eficazmente el polvo, los residuos y el pelo oculto en asientos de coche o sof\u00e1s. Un imprescindible aspirador de mano potente para mantener tu espacio impecable.<br \/>\n&#8211; \u3010210.000 RPM Soplador de Aire de Alta Velocidad\u3011La funci\u00f3n de soplado de este mini aspirador alcanza una velocidad de hasta 210.000 RPM, generando un flujo de aire de alta presi\u00f3n constante. Ideal para eliminar suciedad de teclados, dispositivos electr\u00f3nicos y zonas de dif\u00edcil acceso. Ya sea en casa, la oficina o como aspiradora sin cable coche, te ofrece una limpieza precisa y eficaz.<br \/>\n&#8211; \u3010Bater\u00eda de 9000mAh y Carga R\u00e1pida USB-C\u3011Este aspirador de mano inal\u00e1mbrico incorpora una bater\u00eda de larga duraci\u00f3n de 9000mAh, con una autonom\u00eda de hasta 40 minutos. Se recarga completamente en solo 3-4 horas mediante cable USB-C (adaptador no incluido). Compatible con cualquier cargador USB, es la aspiradora sin cable coche ideal para un uso prolongado sin interrupciones.<br \/>\n&#8211; \u3010 Port\u00e1til, Ligero y F\u00e1cil de Usar\u3011Con solo 500g de peso y unas dimensiones de 16 x 10 x 6,5 cm, esta aspiradora de mano compacta cabe f\u00e1cilmente en tu mochila o caja de herramientas. Ofrece 3 niveles de potencia para adaptarse a diferentes tareas. Basta con pulsar el bot\u00f3n para activarlo. Un aspirador de coche imprescindible que te acompa\u00f1a donde lo necesites.<\/p>\n","protected":false},"excerpt":{"rendered":"<p>Aspirador de Mano, 25000Pa\/120W Mini Aspirador Recargable, Aspiradoras de Mano con Motor sin Escobillas de 210.000 RPM, Aspirador sin Cable para Coche, para Uso en la Oficina, el hogar, la Cocina<br \/>#Publicidad <span class=\"read-more\"><a class=\"more-link btn btn-transparent\" href=\"https:\/\/rockkofertas.com.es\/index.php\/producto\/b0fs22hpvp-4\/\">Leer m\u00e1s&#8230;<\/a><\/span><\/p>\n","protected":false},"featured_media":7154,"comment_status":"open","ping_status":"closed","template":"","meta":[],"product_cat":[15],"product_tag":[],"class_list":{"0":"post-7155","1":"product","2":"type-product","3":"status-publish","4":"has-post-thumbnail","6":"product_cat-sin-categorizar","8":"first","9":"instock","10":"shipping-taxable","11":"product-type-external"},"_links":{"self":[{"href":"https:\/\/rockkofertas.com.es\/index.php\/wp-json\/wp\/v2\/product\/7155","targetHints":{"allow":["GET"]}}],"collection":[{"href":"https:\/\/rockkofertas.com.es\/index.php\/wp-json\/wp\/v2\/product"}],"about":[{"href":"https:\/\/rockkofertas.com.es\/index.php\/wp-json\/wp\/v2\/types\/product"}],"replies":[{"embeddable":true,"href":"https:\/\/rockkofertas.com.es\/index.php\/wp-json\/wp\/v2\/comments?post=7155"}],"wp:featuredmedia":[{"embeddable":true,"href":"https:\/\/rockkofertas.com.es\/index.php\/wp-json\/wp\/v2\/media\/7154"}],"wp:attachment":[{"href":"https:\/\/rockkofertas.com.es\/index.php\/wp-json\/wp\/v2\/media?parent=7155"}],"wp:term":[{"taxonomy":"product_cat","embeddable":true,"href":"https:\/\/rockkofertas.com.es\/index.php\/wp-json\/wp\/v2\/product_cat?post=7155"},{"taxonomy":"product_tag","embeddable":true,"href":"https:\/\/rockkofertas.com.es\/index.php\/wp-json\/wp\/v2\/product_tag?post=7155"}],"curies":[{"name":"wp","href":"https:\/\/api.w.org\/{rel}","templated":true}]}}