{"id":7147,"date":"2025-11-19T09:11:15","date_gmt":"2025-11-19T09:11:15","guid":{"rendered":"https:\/\/rockkofertas.com.es\/index.php\/producto\/b0f9kj51kt\/"},"modified":"2025-11-19T09:11:15","modified_gmt":"2025-11-19T09:11:15","slug":"b0f9kj51kt","status":"publish","type":"product","link":"https:\/\/rockkofertas.com.es\/index.php\/producto\/b0f9kj51kt\/","title":{"rendered":"B0F9KJ51KT"},"content":{"rendered":"<p>&#8211; Cancelaci\u00f3n de ruido superior: equipado con calidad de audio de 64 dB y cancelaci\u00f3n de ruido adaptativa, este mini micr\u00f3fono inal\u00e1mbrico ofrece un sonido n\u00edtido para grabaciones impecables cada vez.<br \/>\n&#8211; Bater\u00eda de larga duraci\u00f3n: disfruta de hasta 8 horas de tiempo de reproducci\u00f3n con una sola carga, con solo 1,5-2 horas necesarias para una recarga r\u00e1pida, perfecta para un uso prolongado.<br \/>\n&#8211; Plug &amp; Play sencillo: no requiere adaptadores, Bluetooth ni aplicaciones. Conecta el receptor a tu dispositivo, enciende el micr\u00f3fono y se emparejan autom\u00e1ticamente para un uso sin esfuerzo.<br \/>\n&#8211; Amplia compatibilidad: incluye 2 micr\u00f3fonos y un receptor universal con puertos tipo C y Lightning, adecuado para iPhone, iPad y dispositivos Android.<br \/>\n&#8211; Soporte fiable: disfruta de la tranquilidad con nuestra garant\u00eda extendida y soporte posventa en l\u00ednea 24\/7 para una experiencia de compra perfecta.<\/p>\n","protected":false},"excerpt":{"rendered":"<p>Qhot Micr\u00f3fono Lavalier inal\u00e1mbrico para iPhone, iPad, tel\u00e9fono iOS, Mini micr\u00f3fono de Solapa con reducci\u00f3n de Ruido y Sonido de Cristal para grabaci\u00f3n de Video, vlogging, TikTok, Youtube<br \/>#Publicidad <span class=\"read-more\"><a class=\"more-link btn btn-transparent\" href=\"https:\/\/rockkofertas.com.es\/index.php\/producto\/b0f9kj51kt\/\">Leer m\u00e1s&#8230;<\/a><\/span><\/p>\n","protected":false},"featured_media":7146,"comment_status":"open","ping_status":"closed","template":"","meta":[],"product_cat":[15],"product_tag":[],"class_list":{"0":"post-7147","1":"product","2":"type-product","3":"status-publish","4":"has-post-thumbnail","6":"product_cat-sin-categorizar","8":"first","9":"instock","10":"shipping-taxable","11":"product-type-external"},"_links":{"self":[{"href":"https:\/\/rockkofertas.com.es\/index.php\/wp-json\/wp\/v2\/product\/7147","targetHints":{"allow":["GET"]}}],"collection":[{"href":"https:\/\/rockkofertas.com.es\/index.php\/wp-json\/wp\/v2\/product"}],"about":[{"href":"https:\/\/rockkofertas.com.es\/index.php\/wp-json\/wp\/v2\/types\/product"}],"replies":[{"embeddable":true,"href":"https:\/\/rockkofertas.com.es\/index.php\/wp-json\/wp\/v2\/comments?post=7147"}],"wp:featuredmedia":[{"embeddable":true,"href":"https:\/\/rockkofertas.com.es\/index.php\/wp-json\/wp\/v2\/media\/7146"}],"wp:attachment":[{"href":"https:\/\/rockkofertas.com.es\/index.php\/wp-json\/wp\/v2\/media?parent=7147"}],"wp:term":[{"taxonomy":"product_cat","embeddable":true,"href":"https:\/\/rockkofertas.com.es\/index.php\/wp-json\/wp\/v2\/product_cat?post=7147"},{"taxonomy":"product_tag","embeddable":true,"href":"https:\/\/rockkofertas.com.es\/index.php\/wp-json\/wp\/v2\/product_tag?post=7147"}],"curies":[{"name":"wp","href":"https:\/\/api.w.org\/{rel}","templated":true}]}}