{"id":7145,"date":"2025-11-19T08:00:51","date_gmt":"2025-11-19T08:00:51","guid":{"rendered":"https:\/\/rockkofertas.com.es\/index.php\/producto\/b07nx5w47b\/"},"modified":"2025-11-19T08:00:51","modified_gmt":"2025-11-19T08:00:51","slug":"b07nx5w47b","status":"publish","type":"product","link":"https:\/\/rockkofertas.com.es\/index.php\/producto\/b07nx5w47b\/","title":{"rendered":"B07NX5W47B"},"content":{"rendered":"<p>&#8211; Modulable: esta jardinera de 80 cm es modulable con toda la gama Volcania Up EDA. Maceta cuadrada que te permite organizar la terraza, jard\u00edn o incluso el interior como desees. Una maceta con un dise\u00f1o y asociaci\u00f3n excepcionales.<br \/>\n&#8211; Calidad del producto: resistente a las heladas y con tratamiento contra los rayos UV, esta maceta es un producto de gran calidad que podr\u00e1s conservar en el tiempo. El color y la forma se mantienen a\u00f1o tras a\u00f1o.<br \/>\n&#8211; Multiusos: esta jardinera de 80 cm de pared simple se puede utilizar tanto en interiores como en exteriores gracias a su dise\u00f1o decorativo de piedra muy est\u00e9tico y su volumen que permite acoger tanto plantas de interior como flores o plantas arom\u00e1ticas en exteriores.<br \/>\n&#8211; Perforaci\u00f3n f\u00e1cil: la jardinera de 80 cm Volcania Up est\u00e1 preperforada. Esto te permite elegir el uso en interior o exterior de la maceta cuadrada. Recomendamos no perforar la maceta para un uso en interior y perforarla para un uso en exterior para facilitar el flujo del agua, especialmente en zonas geogr\u00e1ficas con fuertes precipitaciones.<br \/>\n&#8211; Mantenimiento f\u00e1cil de tus plantas: esta maceta te ofrece una facilidad de mantenimiento de las plantas gracias a su zona de retenci\u00f3n de agua en la parte inferior de la maceta. Por lo tanto, recomendamos colocar bolas de arcilla alrededor de la plataforma de la jardinera para permitir que las plantas se alimenten por capilaridad. Esto facilitar\u00e1 el riego y te har\u00e1 disfrutar al m\u00e1ximo de tus plantas.<\/p>\n","protected":false},"excerpt":{"rendered":"<p>EDA Volcania Up &#8211; Jardinera (80 cm), gris antracita<br \/>\n#Publicidad <span class=\"read-more\"><a class=\"more-link btn btn-transparent\" href=\"https:\/\/rockkofertas.com.es\/index.php\/producto\/b07nx5w47b\/\">Leer m\u00e1s&#8230;<\/a><\/span><\/p>\n","protected":false},"featured_media":7144,"comment_status":"open","ping_status":"closed","template":"","meta":[],"product_cat":[15],"product_tag":[],"class_list":{"0":"post-7145","1":"product","2":"type-product","3":"status-publish","4":"has-post-thumbnail","6":"product_cat-sin-categorizar","8":"first","9":"instock","10":"shipping-taxable","11":"product-type-external"},"_links":{"self":[{"href":"https:\/\/rockkofertas.com.es\/index.php\/wp-json\/wp\/v2\/product\/7145","targetHints":{"allow":["GET"]}}],"collection":[{"href":"https:\/\/rockkofertas.com.es\/index.php\/wp-json\/wp\/v2\/product"}],"about":[{"href":"https:\/\/rockkofertas.com.es\/index.php\/wp-json\/wp\/v2\/types\/product"}],"replies":[{"embeddable":true,"href":"https:\/\/rockkofertas.com.es\/index.php\/wp-json\/wp\/v2\/comments?post=7145"}],"wp:featuredmedia":[{"embeddable":true,"href":"https:\/\/rockkofertas.com.es\/index.php\/wp-json\/wp\/v2\/media\/7144"}],"wp:attachment":[{"href":"https:\/\/rockkofertas.com.es\/index.php\/wp-json\/wp\/v2\/media?parent=7145"}],"wp:term":[{"taxonomy":"product_cat","embeddable":true,"href":"https:\/\/rockkofertas.com.es\/index.php\/wp-json\/wp\/v2\/product_cat?post=7145"},{"taxonomy":"product_tag","embeddable":true,"href":"https:\/\/rockkofertas.com.es\/index.php\/wp-json\/wp\/v2\/product_tag?post=7145"}],"curies":[{"name":"wp","href":"https:\/\/api.w.org\/{rel}","templated":true}]}}