{"id":7137,"date":"2025-11-19T06:59:37","date_gmt":"2025-11-19T06:59:37","guid":{"rendered":"https:\/\/rockkofertas.com.es\/index.php\/producto\/b0d47p39hg\/"},"modified":"2025-11-19T06:59:37","modified_gmt":"2025-11-19T06:59:37","slug":"b0d47p39hg","status":"publish","type":"product","link":"https:\/\/rockkofertas.com.es\/index.php\/producto\/b0d47p39hg\/","title":{"rendered":"B0D47P39HG"},"content":{"rendered":"<p>&#8211; Kit de extensi\u00f3n de pesta\u00f1as: 320 piezas de longitud mixta en grupos individuales con pegamento para pesta\u00f1as y aplicador de pinzas. Juego de pesta\u00f1as DIY perfecto para todos los principiantes y t\u00e9cnicos de pesta\u00f1as. Comience su viaje de belleza en casa f\u00e1cilmente con este juego de extensiones de pesta\u00f1as.<br \/>\n&#8211; Gran calidad: las pesta\u00f1as eligen material PBT de alta calidad y las pesta\u00f1as individuales 30D\/40D\/50D tienen resultados realmente maravillosos, no pegajosos. Los rizos duran mucho tiempo y las pesta\u00f1as en racimo son livianas y la tecnolog\u00eda unida por calor no se deshace f\u00e1cilmente.<br \/>\n&#8211; \u3010Diferentes longitudes para elegir\u3011: cree una apariencia de pesta\u00f1as personalizable con nuestros grupos de pesta\u00f1as individuales de diferentes longitudes de 8 a 16 mm. El paquete de pesta\u00f1as en racimo es vers\u00e1til y se puede usar para una variedad de ocasiones, como una noche de fiesta con amigos, una ocasi\u00f3n especial o incluso un d\u00eda de trabajo.<br \/>\n&#8211; \u3010Fibras de pesta\u00f1as en racimo actualizadas\u3011: Nuestros grupos de pesta\u00f1as est\u00e1n hechos con los mejores materiales PBT actualizados para garantizar suavidad, grosor, durabilidad y longevidad. Los grupos de pesta\u00f1as est\u00e1n dise\u00f1ados para brindarle pesta\u00f1as m\u00e1s tupidas que se ven m\u00e1s naturales que las pesta\u00f1as postizas tradicionales.<br \/>\n&#8211; \u3010F\u00e1cil de usar y quitar\u3011: use materiales seguros para unir y sellar las pesta\u00f1as. El cepillo del pegamento para pesta\u00f1as es muy preciso y el pegamento para pesta\u00f1as dura hasta 24 h-48 h.<\/p>\n","protected":false},"excerpt":{"rendered":"<p>Kit pesta\u00f1as pelo a pelo Kit de extensi\u00f3n de pesta\u00f1as DIY com 320 pe\u00e7as de pegamento y sellado de pesta\u00f1as, 30D+40D+50D Kit Pesta\u00f1as Postizas, 8-16mm Pesta\u00f1as Postizas Individuales con Pinzas<br \/>#Publicidad <span class=\"read-more\"><a class=\"more-link btn btn-transparent\" href=\"https:\/\/rockkofertas.com.es\/index.php\/producto\/b0d47p39hg\/\">Leer m\u00e1s&#8230;<\/a><\/span><\/p>\n","protected":false},"featured_media":7136,"comment_status":"open","ping_status":"closed","template":"","meta":[],"product_cat":[15],"product_tag":[],"class_list":{"0":"post-7137","1":"product","2":"type-product","3":"status-publish","4":"has-post-thumbnail","6":"product_cat-sin-categorizar","8":"first","9":"instock","10":"shipping-taxable","11":"product-type-external"},"_links":{"self":[{"href":"https:\/\/rockkofertas.com.es\/index.php\/wp-json\/wp\/v2\/product\/7137","targetHints":{"allow":["GET"]}}],"collection":[{"href":"https:\/\/rockkofertas.com.es\/index.php\/wp-json\/wp\/v2\/product"}],"about":[{"href":"https:\/\/rockkofertas.com.es\/index.php\/wp-json\/wp\/v2\/types\/product"}],"replies":[{"embeddable":true,"href":"https:\/\/rockkofertas.com.es\/index.php\/wp-json\/wp\/v2\/comments?post=7137"}],"wp:featuredmedia":[{"embeddable":true,"href":"https:\/\/rockkofertas.com.es\/index.php\/wp-json\/wp\/v2\/media\/7136"}],"wp:attachment":[{"href":"https:\/\/rockkofertas.com.es\/index.php\/wp-json\/wp\/v2\/media?parent=7137"}],"wp:term":[{"taxonomy":"product_cat","embeddable":true,"href":"https:\/\/rockkofertas.com.es\/index.php\/wp-json\/wp\/v2\/product_cat?post=7137"},{"taxonomy":"product_tag","embeddable":true,"href":"https:\/\/rockkofertas.com.es\/index.php\/wp-json\/wp\/v2\/product_tag?post=7137"}],"curies":[{"name":"wp","href":"https:\/\/api.w.org\/{rel}","templated":true}]}}