{"id":7131,"date":"2025-11-19T04:00:39","date_gmt":"2025-11-19T04:00:39","guid":{"rendered":"https:\/\/rockkofertas.com.es\/index.php\/producto\/b06xvs2qz4\/"},"modified":"2025-11-19T04:00:39","modified_gmt":"2025-11-19T04:00:39","slug":"b06xvs2qz4","status":"publish","type":"product","link":"https:\/\/rockkofertas.com.es\/index.php\/producto\/b06xvs2qz4\/","title":{"rendered":"B06XVS2QZ4"},"content":{"rendered":"<p>&#8211; Receptor de 3 bandas: FM 87-108MHz; AM 522-1620KHz; SW 8-10MHz; Escuche la radio para conocer las condiciones clim\u00e1ticas<br \/>\n&#8211; La radio compacta tiene perillas de ajuste simples y una gran pantalla de panel cil\u00edndrico que es f\u00e1cil de usar y es ideal para personas mayores<br \/>\n&#8211; La radio multifunci\u00f3n tiene un conector de entrada de auriculares de 3,5 mm para auriculares, por lo que no molestar a los dem\u00e1s<br \/>\n&#8211; Radio port\u00e1til con 2 bater\u00edas AA de 1.5V (no incluidas), cuando la casa est\u00e1 fuera de servicio, la radio puede usarse para equipos de emergencia para recibir informaci\u00f3n importante<br \/>\n&#8211; La radio de bolsillo es peque\u00f1a y compacta, port\u00e1til y de tama\u00f1o adecuado para que sea una radio port\u00e1til perfecta en casa, en el parque, en la playa, en el picnic, en el gimnasio o en la sala de juegos<\/p>\n","protected":false},"excerpt":{"rendered":"<p>Retekess V117 Radio Portatil Peque\u00f1a, Radio Am FM SW, Transisitor Radios de Bolsillo, Anal\u00f3gica Mayores, para Ancianos (Negro)<br \/>\n#Publicidad <span class=\"read-more\"><a class=\"more-link btn btn-transparent\" href=\"https:\/\/rockkofertas.com.es\/index.php\/producto\/b06xvs2qz4\/\">Leer m\u00e1s&#8230;<\/a><\/span><\/p>\n","protected":false},"featured_media":7130,"comment_status":"open","ping_status":"closed","template":"","meta":[],"product_cat":[15],"product_tag":[],"class_list":{"0":"post-7131","1":"product","2":"type-product","3":"status-publish","4":"has-post-thumbnail","6":"product_cat-sin-categorizar","8":"first","9":"instock","10":"shipping-taxable","11":"product-type-external"},"_links":{"self":[{"href":"https:\/\/rockkofertas.com.es\/index.php\/wp-json\/wp\/v2\/product\/7131","targetHints":{"allow":["GET"]}}],"collection":[{"href":"https:\/\/rockkofertas.com.es\/index.php\/wp-json\/wp\/v2\/product"}],"about":[{"href":"https:\/\/rockkofertas.com.es\/index.php\/wp-json\/wp\/v2\/types\/product"}],"replies":[{"embeddable":true,"href":"https:\/\/rockkofertas.com.es\/index.php\/wp-json\/wp\/v2\/comments?post=7131"}],"wp:featuredmedia":[{"embeddable":true,"href":"https:\/\/rockkofertas.com.es\/index.php\/wp-json\/wp\/v2\/media\/7130"}],"wp:attachment":[{"href":"https:\/\/rockkofertas.com.es\/index.php\/wp-json\/wp\/v2\/media?parent=7131"}],"wp:term":[{"taxonomy":"product_cat","embeddable":true,"href":"https:\/\/rockkofertas.com.es\/index.php\/wp-json\/wp\/v2\/product_cat?post=7131"},{"taxonomy":"product_tag","embeddable":true,"href":"https:\/\/rockkofertas.com.es\/index.php\/wp-json\/wp\/v2\/product_tag?post=7131"}],"curies":[{"name":"wp","href":"https:\/\/api.w.org\/{rel}","templated":true}]}}