{"id":7125,"date":"2025-11-18T18:30:57","date_gmt":"2025-11-18T18:30:57","guid":{"rendered":"https:\/\/rockkofertas.com.es\/index.php\/producto\/b0crd76gfd\/"},"modified":"2025-11-18T18:30:57","modified_gmt":"2025-11-18T18:30:57","slug":"b0crd76gfd","status":"publish","type":"product","link":"https:\/\/rockkofertas.com.es\/index.php\/producto\/b0crd76gfd\/","title":{"rendered":"B0CRD76GFD"},"content":{"rendered":"<p>&#8211; Elegante &amp; Pr\u00e1ctico : Este Bolso de mujer port\u00e1til est\u00e1 hecho de cuero vegano de calidad con modernos herrajes antiplata, lo que le da un aspecto chic y sofisticado perfecto para cualquier ocasi\u00f3n.<br \/>\n&#8211; Dimensiones Funcionales: 13-1\/3\u00bbW x 11-4\/5\u00bbH x 6-1\/3\u00bbD (anchura se mide a trav\u00e9s de la parte inferior del bolso),asa superior ca\u00edda 6-2\/3\u00bb, correa de cuero ajustable : 40-1\/2\u00bba 49-1\/2\u00bb, correa de guitarra vintage: 31-1\/2\u00bb a 48\u00bb. Peso aprox. 2.2lbs.<br \/>\n&#8211; Amplio &amp; Organizado : El bolso de asa superior cuenta con un cierre de cremallera f\u00e1cil de usar, que proporciona acceso a un interior espacioso. M\u00faltiples bolsillos con cremallera ayudan a mantener sus elementos esenciales organizados y de f\u00e1cil acceso. 2 bolsillos abiertos, 1 bolsillo trasero con cremallera, 2 bolsillos interiores con cremallera.<br \/>\n&#8211; F\u00e1cil de Llevar : Con dos asas superiores redondeadas, es f\u00e1cil llevar este bolso tote en la mano o en el brazo. Adem\u00e1s, viene con dos correas crossbody &#8211; una correa de guitarra vintage y una correa de cuero con estilo &#8211; lo que le permite llevar como un bolso crossbody para el trabajo.<br \/>\n&#8211; Gran Opci\u00f3n de Regalo: no es s\u00f3lo una declaraci\u00f3n de moda; es un accesorio pr\u00e1ctico que a\u00f1ade estilo a su estilo, manteniendo sus elementos esenciales en order. more que un simple accesorio de moda, esta bolso casual grande hobo para mujer hace un regalo reflexivo. Tanto si es un cumplea\u00f1os como un aniversario, su dise\u00f1o chic y su practicidad lo convierten en el regalo perfecto.<\/p>\n","protected":false},"excerpt":{"rendered":"<p>VASCHY Bolso Bandolera Mujer Grande, Shoppers y Bolsos de Hombro para Mujer Bolso Tote Cuero Bolso Hobo Vintage Bolso de Mano con Guitarra Correa Bolso Portatil para Diario Trabajo Viaje, Caf\u00e9<br \/>#Publicidad <span class=\"read-more\"><a class=\"more-link btn btn-transparent\" href=\"https:\/\/rockkofertas.com.es\/index.php\/producto\/b0crd76gfd\/\">Leer m\u00e1s&#8230;<\/a><\/span><\/p>\n","protected":false},"featured_media":7124,"comment_status":"open","ping_status":"closed","template":"","meta":[],"product_cat":[15],"product_tag":[],"class_list":{"0":"post-7125","1":"product","2":"type-product","3":"status-publish","4":"has-post-thumbnail","6":"product_cat-sin-categorizar","8":"first","9":"instock","10":"shipping-taxable","11":"product-type-external"},"_links":{"self":[{"href":"https:\/\/rockkofertas.com.es\/index.php\/wp-json\/wp\/v2\/product\/7125","targetHints":{"allow":["GET"]}}],"collection":[{"href":"https:\/\/rockkofertas.com.es\/index.php\/wp-json\/wp\/v2\/product"}],"about":[{"href":"https:\/\/rockkofertas.com.es\/index.php\/wp-json\/wp\/v2\/types\/product"}],"replies":[{"embeddable":true,"href":"https:\/\/rockkofertas.com.es\/index.php\/wp-json\/wp\/v2\/comments?post=7125"}],"wp:featuredmedia":[{"embeddable":true,"href":"https:\/\/rockkofertas.com.es\/index.php\/wp-json\/wp\/v2\/media\/7124"}],"wp:attachment":[{"href":"https:\/\/rockkofertas.com.es\/index.php\/wp-json\/wp\/v2\/media?parent=7125"}],"wp:term":[{"taxonomy":"product_cat","embeddable":true,"href":"https:\/\/rockkofertas.com.es\/index.php\/wp-json\/wp\/v2\/product_cat?post=7125"},{"taxonomy":"product_tag","embeddable":true,"href":"https:\/\/rockkofertas.com.es\/index.php\/wp-json\/wp\/v2\/product_tag?post=7125"}],"curies":[{"name":"wp","href":"https:\/\/api.w.org\/{rel}","templated":true}]}}