{"id":7123,"date":"2025-11-18T17:39:14","date_gmt":"2025-11-18T17:39:14","guid":{"rendered":"https:\/\/rockkofertas.com.es\/index.php\/producto\/b0g2mr5nm1\/"},"modified":"2025-11-18T17:39:14","modified_gmt":"2025-11-18T17:39:14","slug":"b0g2mr5nm1","status":"publish","type":"product","link":"https:\/\/rockkofertas.com.es\/index.php\/producto\/b0g2mr5nm1\/","title":{"rendered":"B0G2MR5NM1"},"content":{"rendered":"<p>&#8211; Las cartas de baraja espa\u00f1ola m\u00e1s vendida en Europa.<br \/>\n&#8211; El pack contiene 50 cartas<br \/>\n&#8211; Estuche individual de acabado transl\u00facido y con cierre de seguridad.<br \/>\n&#8211; Adecuado para la mayor\u00eda de los juegos de cartas<br \/>\n&#8211; Perfectas para playa, piscina o viaje.<br \/>\n&#8211; Con un dise\u00f1o divertido y art\u00edstico<br \/>\n&#8211; Mus, Brisca, Tute, Tute Subastado, Tute Cabr\u00f3n, Tute Habanero, Tute Arrastre, Cinquillo, Cinquillo Cabr\u00f3n, Chinch\u00f3n, Escoba, Escoba de 15, Siete y Media, Siete y Media con descarte, Malilla, Truco, Gui\u00f1ote, Mus Aragon\u00e9s, Mus Madrile\u00f1o, Rana, Julepe, La Pocha, La Mayor, Ronda, Burro, Rentoy, La Flor, Monte, Malilla Valenciana, Siete de \u00daltimas, Sota Caballo Rey, La Bestia, La Perra, Calabres, Subastado Manchego, La Pechina, El Culo (o El Rengo), La V\u00edbora, El Mentiroso<br \/>\n&#8211; Barajas para regalo<\/p>\n","protected":false},"excerpt":{"rendered":"<p>Gen\u00e9rico Pack 2 Barajas Espa\u00f1olas &#8211; Envio 24 h &#8211; 50 Cartas &#8211; Tute, Mus, Continental, Poker &#8211; Cartas para Viaje, Playa, Piscina &#8211; Caja de pl\u00e1stico antirroturas para Guardar y Proteger. (Espa\u00f1ola)<br \/>#Publicidad <span class=\"read-more\"><a class=\"more-link btn btn-transparent\" href=\"https:\/\/rockkofertas.com.es\/index.php\/producto\/b0g2mr5nm1\/\">Leer m\u00e1s&#8230;<\/a><\/span><\/p>\n","protected":false},"featured_media":7122,"comment_status":"open","ping_status":"closed","template":"","meta":[],"product_cat":[15],"product_tag":[],"class_list":{"0":"post-7123","1":"product","2":"type-product","3":"status-publish","4":"has-post-thumbnail","6":"product_cat-sin-categorizar","8":"first","9":"instock","10":"shipping-taxable","11":"product-type-external"},"_links":{"self":[{"href":"https:\/\/rockkofertas.com.es\/index.php\/wp-json\/wp\/v2\/product\/7123","targetHints":{"allow":["GET"]}}],"collection":[{"href":"https:\/\/rockkofertas.com.es\/index.php\/wp-json\/wp\/v2\/product"}],"about":[{"href":"https:\/\/rockkofertas.com.es\/index.php\/wp-json\/wp\/v2\/types\/product"}],"replies":[{"embeddable":true,"href":"https:\/\/rockkofertas.com.es\/index.php\/wp-json\/wp\/v2\/comments?post=7123"}],"wp:featuredmedia":[{"embeddable":true,"href":"https:\/\/rockkofertas.com.es\/index.php\/wp-json\/wp\/v2\/media\/7122"}],"wp:attachment":[{"href":"https:\/\/rockkofertas.com.es\/index.php\/wp-json\/wp\/v2\/media?parent=7123"}],"wp:term":[{"taxonomy":"product_cat","embeddable":true,"href":"https:\/\/rockkofertas.com.es\/index.php\/wp-json\/wp\/v2\/product_cat?post=7123"},{"taxonomy":"product_tag","embeddable":true,"href":"https:\/\/rockkofertas.com.es\/index.php\/wp-json\/wp\/v2\/product_tag?post=7123"}],"curies":[{"name":"wp","href":"https:\/\/api.w.org\/{rel}","templated":true}]}}