{"id":7117,"date":"2025-11-18T16:00:43","date_gmt":"2025-11-18T16:00:43","guid":{"rendered":"https:\/\/rockkofertas.com.es\/index.php\/producto\/b09c6ldjhs\/"},"modified":"2025-11-18T16:00:43","modified_gmt":"2025-11-18T16:00:43","slug":"b09c6ldjhs","status":"publish","type":"product","link":"https:\/\/rockkofertas.com.es\/index.php\/producto\/b09c6ldjhs\/","title":{"rendered":"B09C6LDJHS"},"content":{"rendered":"<p>&#8211; Cepillo de vapor de gran potencia de vapor de 2000 W con una salida de vapor continua de 30 g\/min y un golpe de vapor extra de 90 g\/min con un c\u00f3modo y pr\u00e1ctico formato de mano c\u00f3modo y f\u00e1cil<br \/>\n&#8211; Su cepillo de microfibra elimina el polvo de todo tipo de prendas y textiles dom\u00e9sticos facilitando la limpieza de tus prendas a la vez que tu hogar est\u00e1 limpio e higienizado con sus dos ajustes de vapor<br \/>\n&#8211; R\u00e1pido calentamiento del cepillo de vapor en tal solo 25 segundos para estar listo cuando lo necesites y planchar o dar un repaso a tus prendas incluso en el \u00faltimo minuto<br \/>\n&#8211; Cuida tu hogar y tus prendas ya que elimina hasta el 99,99% de virus, bacterias y g\u00e9rmenes gracias a la combinaci\u00f3n de alta temperatura y presi\u00f3n del vapor incluso para desinfectar tus prendas al llegar a casa o deshacerte de la poluci\u00f3n externa<br \/>\n&#8211; Plancha, higieniza y limpia todo tipo de textiles con vapor natural sin necesidad de productos externos; sean o no aptos para la plancha sin riesgo a quemarlos ni da\u00f1arlos<br \/>\n&#8211; La tecnolog\u00eda de la suela calefactada ofrece unos resultados de alta calidad, incluso secando la ropa para que puedas pon\u00e9rtela de forma inmediata<br \/>\n&#8211; Dep\u00f3sito de agua extra\u00edble de 1.90 L con autonom\u00eda de 10 minutos y apagado autom\u00e1tico y unos controles muy intuitivos y cable de 2.6 m<\/p>\n","protected":false},"excerpt":{"rendered":"<p>Rowenta Steam Force DR8250 &#8211; Cepillo de vapor 2000 W, Vapor continuo 30 g\/min Golpe de vapor de 90 g\/min, R\u00e1pido calentamiento Higieniza y desinfecta, 2 ajustes de vapor Todo tipo textiles Negro\/Plata<br \/>\n#Publicidad <span class=\"read-more\"><a class=\"more-link btn btn-transparent\" href=\"https:\/\/rockkofertas.com.es\/index.php\/producto\/b09c6ldjhs\/\">Leer m\u00e1s&#8230;<\/a><\/span><\/p>\n","protected":false},"featured_media":7116,"comment_status":"open","ping_status":"closed","template":"","meta":[],"product_cat":[15],"product_tag":[],"class_list":{"0":"post-7117","1":"product","2":"type-product","3":"status-publish","4":"has-post-thumbnail","6":"product_cat-sin-categorizar","8":"first","9":"instock","10":"shipping-taxable","11":"product-type-external"},"_links":{"self":[{"href":"https:\/\/rockkofertas.com.es\/index.php\/wp-json\/wp\/v2\/product\/7117","targetHints":{"allow":["GET"]}}],"collection":[{"href":"https:\/\/rockkofertas.com.es\/index.php\/wp-json\/wp\/v2\/product"}],"about":[{"href":"https:\/\/rockkofertas.com.es\/index.php\/wp-json\/wp\/v2\/types\/product"}],"replies":[{"embeddable":true,"href":"https:\/\/rockkofertas.com.es\/index.php\/wp-json\/wp\/v2\/comments?post=7117"}],"wp:featuredmedia":[{"embeddable":true,"href":"https:\/\/rockkofertas.com.es\/index.php\/wp-json\/wp\/v2\/media\/7116"}],"wp:attachment":[{"href":"https:\/\/rockkofertas.com.es\/index.php\/wp-json\/wp\/v2\/media?parent=7117"}],"wp:term":[{"taxonomy":"product_cat","embeddable":true,"href":"https:\/\/rockkofertas.com.es\/index.php\/wp-json\/wp\/v2\/product_cat?post=7117"},{"taxonomy":"product_tag","embeddable":true,"href":"https:\/\/rockkofertas.com.es\/index.php\/wp-json\/wp\/v2\/product_tag?post=7117"}],"curies":[{"name":"wp","href":"https:\/\/api.w.org\/{rel}","templated":true}]}}