{"id":7115,"date":"2025-11-18T15:17:32","date_gmt":"2025-11-18T15:17:32","guid":{"rendered":"https:\/\/rockkofertas.com.es\/index.php\/producto\/b0dz2b8k59\/"},"modified":"2025-11-18T15:17:32","modified_gmt":"2025-11-18T15:17:32","slug":"b0dz2b8k59","status":"publish","type":"product","link":"https:\/\/rockkofertas.com.es\/index.php\/producto\/b0dz2b8k59\/","title":{"rendered":"B0DZ2B8K59"},"content":{"rendered":"<p>&#8211; Deshumidificaci\u00f3n ultrarr\u00e1pida de 12L\/d\u00eda\uff1a Con tecnolog\u00eda de compresi\u00f3n avanzada, el proceso de absorci\u00f3n de humedad es 5-10 veces m\u00e1s r\u00e1pido que en los modelos tradicionales. Es ideal para climas lluviosos o espacios de hasta 30m\u00b2, y garantiza un efecto de secado \u00f3ptimo incluso con uso continuo a lo largo del tiempo<br \/>\n&#8211; Ahorro energ\u00e9tico con personalizaci\u00f3n 24\/7\uff1a Temporizador inteligente + consumo ultraeficiente (solo 0,21 kWh\/hora). Programa ciclos de funcionamiento de acuerdo con las rutinas diarias (trabajo, sue\u00f1o) para equilibrar el confort y la reducci\u00f3n de costos energ\u00e9ticos<br \/>\n&#8211; Automatizaci\u00f3n inteligente y durabilidad\uff1a Un chip integrado regula autom\u00e1ticamente los niveles de humedad sin intervenci\u00f3n manual, y cuenta con una funci\u00f3n antiescarcha autom\u00e1tica. Protege el equipo y mantiene un ambiente estable, lo que lo hace ideal para hogares con necesidades de \u00abinstalar y olvidar\u00bb<br \/>\n&#8211; Movilidad total y drenaje sin esfuerzo\uff1a Ruedas multidireccionales + dos mangueras ajustables (60cm\/20cm) para una instalaci\u00f3n flexible. Elimina la necesidad de vaciar frecuentemente el tanque y permite moverlo f\u00e1cilmente entre habitaciones, evitando el moho en \u00e1reas cr\u00edticas<br \/>\n&#8211; Modo de alta potencia y modo silencioso\uff1a Modo \u00abStrong\u00bb para una deshumidificaci\u00f3n acelerada durante el d\u00eda (con flujo de aire intensivo) + modo silencioso para la noche. Pasa de un modo a otro con un solo bot\u00f3n<\/p>\n","protected":false},"excerpt":{"rendered":"<p>CONOPUPlus 12L\/d\u00eda Deshumidificador, Drenaje Continuo, Deshumidificaci\u00f3n Auto, Modo de Sue\u00f1o, 24HTimer ENC\/APAG, Deshumidificadors Bajo Consumo, Brind\u00e1ndote una Experiencia C\u00f3moda y Seca<br \/>#Publicidad <span class=\"read-more\"><a class=\"more-link btn btn-transparent\" href=\"https:\/\/rockkofertas.com.es\/index.php\/producto\/b0dz2b8k59\/\">Leer m\u00e1s&#8230;<\/a><\/span><\/p>\n","protected":false},"featured_media":7114,"comment_status":"open","ping_status":"closed","template":"","meta":[],"product_cat":[15],"product_tag":[],"class_list":{"0":"post-7115","1":"product","2":"type-product","3":"status-publish","4":"has-post-thumbnail","6":"product_cat-sin-categorizar","8":"first","9":"instock","10":"shipping-taxable","11":"product-type-external"},"_links":{"self":[{"href":"https:\/\/rockkofertas.com.es\/index.php\/wp-json\/wp\/v2\/product\/7115","targetHints":{"allow":["GET"]}}],"collection":[{"href":"https:\/\/rockkofertas.com.es\/index.php\/wp-json\/wp\/v2\/product"}],"about":[{"href":"https:\/\/rockkofertas.com.es\/index.php\/wp-json\/wp\/v2\/types\/product"}],"replies":[{"embeddable":true,"href":"https:\/\/rockkofertas.com.es\/index.php\/wp-json\/wp\/v2\/comments?post=7115"}],"wp:featuredmedia":[{"embeddable":true,"href":"https:\/\/rockkofertas.com.es\/index.php\/wp-json\/wp\/v2\/media\/7114"}],"wp:attachment":[{"href":"https:\/\/rockkofertas.com.es\/index.php\/wp-json\/wp\/v2\/media?parent=7115"}],"wp:term":[{"taxonomy":"product_cat","embeddable":true,"href":"https:\/\/rockkofertas.com.es\/index.php\/wp-json\/wp\/v2\/product_cat?post=7115"},{"taxonomy":"product_tag","embeddable":true,"href":"https:\/\/rockkofertas.com.es\/index.php\/wp-json\/wp\/v2\/product_tag?post=7115"}],"curies":[{"name":"wp","href":"https:\/\/api.w.org\/{rel}","templated":true}]}}