{"id":7113,"date":"2025-11-18T12:49:14","date_gmt":"2025-11-18T12:49:14","guid":{"rendered":"https:\/\/rockkofertas.com.es\/index.php\/producto\/b0g2mrhdg1\/"},"modified":"2025-11-18T12:49:14","modified_gmt":"2025-11-18T12:49:14","slug":"b0g2mrhdg1","status":"publish","type":"product","link":"https:\/\/rockkofertas.com.es\/index.php\/producto\/b0g2mrhdg1\/","title":{"rendered":"B0G2MRHDG1"},"content":{"rendered":"<p>&#8211; La Mochila de viaje para port\u00e1til + tablet m\u00e1s vendida en Europa.<br \/>\n&#8211; Tejido duradero y de alta calidad ideal para la escuela, el trabajo y los viajes. Dise\u00f1o contempor\u00e1neo, con alta capacidad de almacenaje.<br \/>\n&#8211; Gran capacidad de almacenamiento. Guarda de forma segura un port\u00e1til de hasta 15,6 pulgadas en el compartimento de almacenamiento principal con espacio para ordenadores port\u00e1tiles, tablets, y cables y bolsillos independientes de acceso r\u00e1pido para objetos m\u00e1s peque\u00f1os<br \/>\n&#8211; Dise\u00f1o c\u00f3modo Esta bolsa para port\u00e1til est\u00e1 fabricada con tela de alta calidad con acolchado protector y acolchado para los hombros para mayor comodidad y apoyo durante los viajes m\u00e1s largos.<br \/>\n&#8211; Dimensiones: Largo: 27 cm \/ Ancho: 20 cm \/ Alto: 41 cm \/ Peso: 400 gr<br \/>\n&#8211; Mochila para Regalo. Malet\u00edn. Maleta<\/p>\n","protected":false},"excerpt":{"rendered":"<p>Gen\u00e9rico Mochila para Port\u00e1til 15,6&#8243; + Tablet &#8211; Env\u00edo 24 h &#8211; Mochila Acolchada con protecci\u00f3n de bolsillo para ordenadores port\u00e1tiles de 15.6 pulgadas &#8211; Regalo (Ordenador, Negro)<br \/>#Publicidad <span class=\"read-more\"><a class=\"more-link btn btn-transparent\" href=\"https:\/\/rockkofertas.com.es\/index.php\/producto\/b0g2mrhdg1\/\">Leer m\u00e1s&#8230;<\/a><\/span><\/p>\n","protected":false},"featured_media":7112,"comment_status":"open","ping_status":"closed","template":"","meta":[],"product_cat":[15],"product_tag":[],"class_list":{"0":"post-7113","1":"product","2":"type-product","3":"status-publish","4":"has-post-thumbnail","6":"product_cat-sin-categorizar","8":"first","9":"instock","10":"shipping-taxable","11":"product-type-external"},"_links":{"self":[{"href":"https:\/\/rockkofertas.com.es\/index.php\/wp-json\/wp\/v2\/product\/7113","targetHints":{"allow":["GET"]}}],"collection":[{"href":"https:\/\/rockkofertas.com.es\/index.php\/wp-json\/wp\/v2\/product"}],"about":[{"href":"https:\/\/rockkofertas.com.es\/index.php\/wp-json\/wp\/v2\/types\/product"}],"replies":[{"embeddable":true,"href":"https:\/\/rockkofertas.com.es\/index.php\/wp-json\/wp\/v2\/comments?post=7113"}],"wp:featuredmedia":[{"embeddable":true,"href":"https:\/\/rockkofertas.com.es\/index.php\/wp-json\/wp\/v2\/media\/7112"}],"wp:attachment":[{"href":"https:\/\/rockkofertas.com.es\/index.php\/wp-json\/wp\/v2\/media?parent=7113"}],"wp:term":[{"taxonomy":"product_cat","embeddable":true,"href":"https:\/\/rockkofertas.com.es\/index.php\/wp-json\/wp\/v2\/product_cat?post=7113"},{"taxonomy":"product_tag","embeddable":true,"href":"https:\/\/rockkofertas.com.es\/index.php\/wp-json\/wp\/v2\/product_tag?post=7113"}],"curies":[{"name":"wp","href":"https:\/\/api.w.org\/{rel}","templated":true}]}}