{"id":7109,"date":"2025-11-18T12:00:49","date_gmt":"2025-11-18T12:00:49","guid":{"rendered":"https:\/\/rockkofertas.com.es\/index.php\/producto\/b0cdhgmj84\/"},"modified":"2025-11-18T12:00:49","modified_gmt":"2025-11-18T12:00:49","slug":"b0cdhgmj84","status":"publish","type":"product","link":"https:\/\/rockkofertas.com.es\/index.php\/producto\/b0cdhgmj84\/","title":{"rendered":"B0CDHGMJ84"},"content":{"rendered":"<p>&#8211; TECNOLOG\u00cdA DE CARGA R\u00c1PIDA: la tecnolog\u00eda USB-C Power Delivery puede cargar r\u00e1pidamente la bater\u00eda de un MacBook Pro 16&#8243; de 0 al 50 % en 28 minutos. La funci\u00f3n PPS ajusta din\u00e1micamente la salida de voltaje para habilitar una carga segura.<br \/>\n&#8211; DURADERO Y PORT\u00c1TIL: este cargador usb c m\u00faltiple ha sido dise\u00f1ado para ofrecer una gran durabilidad y comodidad. Cuenta con clavijas de enchufe intercambiables de distintos est\u00e1ndares (europeo, ingl\u00e9s y americano) e incluye una bolsa de transporte.<br \/>\n&#8211; CARGA SIMULT\u00c1NEA: comparado con otros modelos de un puerto este enchufe usb de 140 W est\u00e1 provisto de 3 puertos USB-C y uno USB-A para que puedas cargar de forma simult\u00e1nea hasta 4 dispositivos. Carga tu MacBook, smartphone y otros dispositivos.<br \/>\n&#8211; CHIPSET GAN INTEGRADO: este cargador m\u00f3vil de viaje cuenta con certificaci\u00f3n USB-C PD 3.1 e incluye tecnolog\u00eda GaN. Es capaz de suministrar una gran potencia para proporcionar a tu dispositivo compatible una carga r\u00e1pida y segura.<br \/>\n&#8211; COMPATIBILIDAD UNIVERSAL: este cargador usb c de 4 puertos admite carga r\u00e1pida para la mayor\u00eda de dispositivos compatibles con PD3.1 (EPR) y PD3.0. Adem\u00e1s, su garant\u00eda limitada de 2 a\u00f1os cubre tanto al cargador como a los dispositivos conectados.<\/p>\n","protected":false},"excerpt":{"rendered":"<p>Belkin cargador de pared GaN con 4 puertos de 140 W, 3 puertos USB-C Power Delivery para carga r\u00e1pida y 1 puerto USB-A, iPhone, Samsung Galaxy, Google Pixel, iPad, MacBook, port\u00e1til, tableta y otros<br \/>\n#Publicidad <span class=\"read-more\"><a class=\"more-link btn btn-transparent\" href=\"https:\/\/rockkofertas.com.es\/index.php\/producto\/b0cdhgmj84\/\">Leer m\u00e1s&#8230;<\/a><\/span><\/p>\n","protected":false},"featured_media":7108,"comment_status":"open","ping_status":"closed","template":"","meta":[],"product_cat":[15],"product_tag":[],"class_list":{"0":"post-7109","1":"product","2":"type-product","3":"status-publish","4":"has-post-thumbnail","6":"product_cat-sin-categorizar","8":"first","9":"instock","10":"shipping-taxable","11":"product-type-external"},"_links":{"self":[{"href":"https:\/\/rockkofertas.com.es\/index.php\/wp-json\/wp\/v2\/product\/7109","targetHints":{"allow":["GET"]}}],"collection":[{"href":"https:\/\/rockkofertas.com.es\/index.php\/wp-json\/wp\/v2\/product"}],"about":[{"href":"https:\/\/rockkofertas.com.es\/index.php\/wp-json\/wp\/v2\/types\/product"}],"replies":[{"embeddable":true,"href":"https:\/\/rockkofertas.com.es\/index.php\/wp-json\/wp\/v2\/comments?post=7109"}],"wp:featuredmedia":[{"embeddable":true,"href":"https:\/\/rockkofertas.com.es\/index.php\/wp-json\/wp\/v2\/media\/7108"}],"wp:attachment":[{"href":"https:\/\/rockkofertas.com.es\/index.php\/wp-json\/wp\/v2\/media?parent=7109"}],"wp:term":[{"taxonomy":"product_cat","embeddable":true,"href":"https:\/\/rockkofertas.com.es\/index.php\/wp-json\/wp\/v2\/product_cat?post=7109"},{"taxonomy":"product_tag","embeddable":true,"href":"https:\/\/rockkofertas.com.es\/index.php\/wp-json\/wp\/v2\/product_tag?post=7109"}],"curies":[{"name":"wp","href":"https:\/\/api.w.org\/{rel}","templated":true}]}}