{"id":7103,"date":"2025-11-18T09:58:11","date_gmt":"2025-11-18T09:58:11","guid":{"rendered":"https:\/\/rockkofertas.com.es\/index.php\/producto\/b0fnzqkzgk-2\/"},"modified":"2025-11-18T09:58:11","modified_gmt":"2025-11-18T09:58:11","slug":"b0fnzqkzgk-2","status":"publish","type":"product","link":"https:\/\/rockkofertas.com.es\/index.php\/producto\/b0fnzqkzgk-2\/","title":{"rendered":"B0FNZQKZGK"},"content":{"rendered":"<p>&#8211; \u3010GRAN APERTURA Y CAPACIDAD\u3011- El licuadora tiene una apertura de 135MM y gran capacidad, lo que le permite poner grandes porciones de frutas y verduras a la vez sin tener que cortar las frutas y verduras en trozos peque\u00f1os de antemano, lo que tambi\u00e9n significa que no tiene que estar junto al juicer machine todo el tiempo y alimentar los ingredientes, lo que ahorra enormemente su tiempo de preparaci\u00f3n y tiempo de alimentaci\u00f3n.<br \/>\n&#8211; \u3010CORTE AUTOM\u00c1TICO DE DOBLE CUCHILLA\u3011- A diferencia de otros juicers verticales, este extractor de jugo vertical AMZCHEF tiene dos sinfines, el sinf\u00edn superior de acero inoxidable se utiliza para el preprocesamiento de ingredientes: enganche y corte, alimentaci\u00f3n. El sinf\u00edn inferior de 7 etapas se utiliza para triturar y exprimir a\u00fan m\u00e1s los ingredientes.La estructura de doble capa y el doble procesamiento pueden evitar la acumulaci\u00f3n de ingredientes y pueden extraer el jugo m\u00e1s completamente.<br \/>\n&#8211; \u3010ACERO INOXIDABLE PARA MAYOR DURABILIDAD\u3011- La c\u00e1scara del licuadora para verduras y frutas est\u00e1 hecha de acero inoxidable de alta calidad, que es m\u00e1s fuerte y m\u00e1s duradero que el pl\u00e1stico y no es f\u00e1cil de deformar. Los lados de la c\u00e1scara del extractor de zumos y verduras est\u00e1n equipados con un gran n\u00famero de rejillas de ventilaci\u00f3n, que pueden acelerar la disipaci\u00f3n de calor y prolongar la vida \u00fatil del exprimidor.<br \/>\n&#8211; \u3010FUNCIONAMIENTO SENCILLO Y SILENCIOSO\u3011- El licuadoras para zumos y batidos tiene solo tres piezas desmontables para una f\u00e1cil limpieza y montaje en 3 pasos. El motor de CA del licuadoras para zumos requiere solo 180 vatios de potencia para funcionar de manera eficiente y es muy silencioso en comparaci\u00f3n con los licuadora prensado en frio licuadora prensado en frio o las licuadoras. Perfecto para ma\u00f1anas tempranas y tardes tranquilas.<br \/>\n&#8211; \u3010ANTIGOTEO PARA UN SABOR ORIGINAL\u3011- El licuadoras para zumos y batidos adopta un filtro de doble capa con una combinaci\u00f3n de malla grande y peque\u00f1a para separar el jugo residual m\u00e1s completamente y obtener un sabor m\u00e1s puro. La salida de jugo adopta un dise\u00f1o antigoteo, que puede reducir el tiempo de oxidaci\u00f3n del jugo y mantener un sabor m\u00e1s original y un valor nutricional m\u00e1s rico.<\/p>\n","protected":false},"excerpt":{"rendered":"<p>AMZCHEF con doble sinf\u00edn &#8211; Alimentador autom\u00e1tico para exprimir sin esfuerzo | Tolva de alimentaci\u00f3n de 135 mm, contenedor de 2 litros para frutas y verduras sin cortar &#8211; Plateado<br \/>#Publicidad <span class=\"read-more\"><a class=\"more-link btn btn-transparent\" href=\"https:\/\/rockkofertas.com.es\/index.php\/producto\/b0fnzqkzgk-2\/\">Leer m\u00e1s&#8230;<\/a><\/span><\/p>\n","protected":false},"featured_media":7102,"comment_status":"open","ping_status":"closed","template":"","meta":[],"product_cat":[15],"product_tag":[],"class_list":{"0":"post-7103","1":"product","2":"type-product","3":"status-publish","4":"has-post-thumbnail","6":"product_cat-sin-categorizar","8":"first","9":"instock","10":"shipping-taxable","11":"product-type-external"},"_links":{"self":[{"href":"https:\/\/rockkofertas.com.es\/index.php\/wp-json\/wp\/v2\/product\/7103","targetHints":{"allow":["GET"]}}],"collection":[{"href":"https:\/\/rockkofertas.com.es\/index.php\/wp-json\/wp\/v2\/product"}],"about":[{"href":"https:\/\/rockkofertas.com.es\/index.php\/wp-json\/wp\/v2\/types\/product"}],"replies":[{"embeddable":true,"href":"https:\/\/rockkofertas.com.es\/index.php\/wp-json\/wp\/v2\/comments?post=7103"}],"wp:featuredmedia":[{"embeddable":true,"href":"https:\/\/rockkofertas.com.es\/index.php\/wp-json\/wp\/v2\/media\/7102"}],"wp:attachment":[{"href":"https:\/\/rockkofertas.com.es\/index.php\/wp-json\/wp\/v2\/media?parent=7103"}],"wp:term":[{"taxonomy":"product_cat","embeddable":true,"href":"https:\/\/rockkofertas.com.es\/index.php\/wp-json\/wp\/v2\/product_cat?post=7103"},{"taxonomy":"product_tag","embeddable":true,"href":"https:\/\/rockkofertas.com.es\/index.php\/wp-json\/wp\/v2\/product_tag?post=7103"}],"curies":[{"name":"wp","href":"https:\/\/api.w.org\/{rel}","templated":true}]}}