{"id":7099,"date":"2025-11-18T04:00:40","date_gmt":"2025-11-18T04:00:40","guid":{"rendered":"https:\/\/rockkofertas.com.es\/index.php\/producto\/b0d5hml6sj\/"},"modified":"2025-11-18T04:00:40","modified_gmt":"2025-11-18T04:00:40","slug":"b0d5hml6sj","status":"publish","type":"product","link":"https:\/\/rockkofertas.com.es\/index.php\/producto\/b0d5hml6sj\/","title":{"rendered":"B0D5HML6SJ"},"content":{"rendered":"<p>&#8211; Material: La chaqueta deportiva para hombre est\u00e1 hecha de un material ligero y transpirable y est\u00e1 completamente forrada. Esta chaqueta te har\u00e1 sentir c\u00f3modo en todo momento<br \/>\n&#8211; Aspectos destacados: esta moderna chaqueta deportiva para hombre tiene dos bolsillos de parche y un bolsillo lateral, lo que facilita guardar el tel\u00e9fono m\u00f3vil, las llaves, los pa\u00f1uelos, etc. Los detalles hacen tu d\u00eda a d\u00eda m\u00e1s f\u00e1cil<br \/>\n&#8211; Combinaci\u00f3n: Esta chaqueta es muy vers\u00e1til. Se puede combinar con una camiseta para un look casual o con una camisa para un look profesional. Esto significa que puedes cambiar f\u00e1cilmente entre diferentes estilos<br \/>\n&#8211; Ocasi\u00f3n: De dise\u00f1o simple y elegante, esta chaqueta de traje para hombre es perfecta para negocios, ocio o para ir a un restaurante de moda. Te hace lucir segura y elegante en cualquier ocasi\u00f3n<br \/>\n&#8211; Excelente elecci\u00f3n: esta chaqueta para hombre con un dise\u00f1o cl\u00e1sico y elegante es imprescindible en todo armario. Es adecuado para cada temporada y siempre a\u00f1ade un toque de estilo a tu outfit. Tallas estadounidenses. Consulta nuestra tabla de tallas est\u00e1ndar antes de comprar<\/p>\n","protected":false},"excerpt":{"rendered":"<p>COOFANDY Blazer para Hombre Chaqueta Deportiva Chaqueta de Ocio para Hombre Chaquetas de Traje de Negocios Corte Regular Chaqueta Deportiva de un Solo Color Traje Ligero Negro XXL<br \/>\n#Publicidad <span class=\"read-more\"><a class=\"more-link btn btn-transparent\" href=\"https:\/\/rockkofertas.com.es\/index.php\/producto\/b0d5hml6sj\/\">Leer m\u00e1s&#8230;<\/a><\/span><\/p>\n","protected":false},"featured_media":7098,"comment_status":"open","ping_status":"closed","template":"","meta":[],"product_cat":[15],"product_tag":[],"class_list":{"0":"post-7099","1":"product","2":"type-product","3":"status-publish","4":"has-post-thumbnail","6":"product_cat-sin-categorizar","8":"first","9":"instock","10":"shipping-taxable","11":"product-type-external"},"_links":{"self":[{"href":"https:\/\/rockkofertas.com.es\/index.php\/wp-json\/wp\/v2\/product\/7099","targetHints":{"allow":["GET"]}}],"collection":[{"href":"https:\/\/rockkofertas.com.es\/index.php\/wp-json\/wp\/v2\/product"}],"about":[{"href":"https:\/\/rockkofertas.com.es\/index.php\/wp-json\/wp\/v2\/types\/product"}],"replies":[{"embeddable":true,"href":"https:\/\/rockkofertas.com.es\/index.php\/wp-json\/wp\/v2\/comments?post=7099"}],"wp:featuredmedia":[{"embeddable":true,"href":"https:\/\/rockkofertas.com.es\/index.php\/wp-json\/wp\/v2\/media\/7098"}],"wp:attachment":[{"href":"https:\/\/rockkofertas.com.es\/index.php\/wp-json\/wp\/v2\/media?parent=7099"}],"wp:term":[{"taxonomy":"product_cat","embeddable":true,"href":"https:\/\/rockkofertas.com.es\/index.php\/wp-json\/wp\/v2\/product_cat?post=7099"},{"taxonomy":"product_tag","embeddable":true,"href":"https:\/\/rockkofertas.com.es\/index.php\/wp-json\/wp\/v2\/product_tag?post=7099"}],"curies":[{"name":"wp","href":"https:\/\/api.w.org\/{rel}","templated":true}]}}