{"id":7095,"date":"2025-11-17T23:15:33","date_gmt":"2025-11-17T23:15:33","guid":{"rendered":"https:\/\/rockkofertas.com.es\/index.php\/producto\/b0ft13778d\/"},"modified":"2025-11-17T23:15:33","modified_gmt":"2025-11-17T23:15:33","slug":"b0ft13778d","status":"publish","type":"product","link":"https:\/\/rockkofertas.com.es\/index.php\/producto\/b0ft13778d\/","title":{"rendered":"B0FT13778D"},"content":{"rendered":"<p>&#8211; \ud83c\udfae CONSOLA PORTATIL RETRO R36S M\u00c1S DE 20.000 JUEGOS RETRO EN UN SOLO DISPOSITIVO \u2013 Revive la experiencia de las consolas cl\u00e1sicas con miles de t\u00edtulos preinstalados. Juegos de aventuras, lucha, plataformas, carreras, deportes y m\u00e1s, listos para disfrutar sin configuraciones complicadas.<br \/>\n&#8211; \ud83d\udcfa PANTALLA IPS DE 3,5&#8243; EN ALTA DEFINICI\u00d3N \u2013 Gr\u00e1ficos n\u00edtidos y colores vivos que realzan la experiencia retro. La pantalla est\u00e1 dise\u00f1ada para ofrecer comodidad visual y una experiencia inmersiva en cualquier lugar.<br \/>\n&#8211; \ud83d\udd0b BATER\u00cdA RECARGABLE DE LARGA DURACI\u00d3N \u2013 Con capacidad de 3200 mAh, permite jugar de 6 a 8 horas seguidas. Ideal para viajes, escapadas, momentos de ocio en casa o para llevar siempre contigo.<br \/>\n&#8211; \ud83c\udf10 FUNCI\u00d3N MULTIJUGADOR Y CONEXI\u00d3N WIFI \u2013 Juega con amigos gracias a la conectividad inal\u00e1mbrica, disfruta de partidas multijugador y ampl\u00eda la experiencia retro compartiendo la diversi\u00f3n.<br \/>\n&#8211; \ud83c\udf81 REGALO PERFECTO PARA AMANTES DE LOS VIDEOJUEGOS \u2013 Compacta, ligera y cargada de nostalgia, esta consola port\u00e1til es el detalle ideal para cualquier ocasi\u00f3n. Perfecta para quienes buscan revivir los juegos cl\u00e1sicos o descubrirlos por primera vez.<\/p>\n","protected":false},"excerpt":{"rendered":"<p>Consola Portatil Retro R36S con 20.000 Juegos Arcade Preinstalados &#8211; Emulador de Consolas de los 80, 90 y 2000: PSP, PS1, GameB, SuperN, MegaD, NeoG, Nint 64, GBC, etc. &#8211; Pantalla Alta Resoluci\u00f3n IPS<br \/>#Publicidad <span class=\"read-more\"><a class=\"more-link btn btn-transparent\" href=\"https:\/\/rockkofertas.com.es\/index.php\/producto\/b0ft13778d\/\">Leer m\u00e1s&#8230;<\/a><\/span><\/p>\n","protected":false},"featured_media":7094,"comment_status":"open","ping_status":"closed","template":"","meta":[],"product_cat":[15],"product_tag":[],"class_list":{"0":"post-7095","1":"product","2":"type-product","3":"status-publish","4":"has-post-thumbnail","6":"product_cat-sin-categorizar","8":"first","9":"instock","10":"shipping-taxable","11":"product-type-external"},"_links":{"self":[{"href":"https:\/\/rockkofertas.com.es\/index.php\/wp-json\/wp\/v2\/product\/7095","targetHints":{"allow":["GET"]}}],"collection":[{"href":"https:\/\/rockkofertas.com.es\/index.php\/wp-json\/wp\/v2\/product"}],"about":[{"href":"https:\/\/rockkofertas.com.es\/index.php\/wp-json\/wp\/v2\/types\/product"}],"replies":[{"embeddable":true,"href":"https:\/\/rockkofertas.com.es\/index.php\/wp-json\/wp\/v2\/comments?post=7095"}],"wp:featuredmedia":[{"embeddable":true,"href":"https:\/\/rockkofertas.com.es\/index.php\/wp-json\/wp\/v2\/media\/7094"}],"wp:attachment":[{"href":"https:\/\/rockkofertas.com.es\/index.php\/wp-json\/wp\/v2\/media?parent=7095"}],"wp:term":[{"taxonomy":"product_cat","embeddable":true,"href":"https:\/\/rockkofertas.com.es\/index.php\/wp-json\/wp\/v2\/product_cat?post=7095"},{"taxonomy":"product_tag","embeddable":true,"href":"https:\/\/rockkofertas.com.es\/index.php\/wp-json\/wp\/v2\/product_tag?post=7095"}],"curies":[{"name":"wp","href":"https:\/\/api.w.org\/{rel}","templated":true}]}}