{"id":7087,"date":"2025-11-17T19:42:41","date_gmt":"2025-11-17T19:42:41","guid":{"rendered":"https:\/\/rockkofertas.com.es\/index.php\/producto\/b0bpcblrhb\/"},"modified":"2025-11-17T19:42:41","modified_gmt":"2025-11-17T19:42:41","slug":"b0bpcblrhb","status":"publish","type":"product","link":"https:\/\/rockkofertas.com.es\/index.php\/producto\/b0bpcblrhb\/","title":{"rendered":"B0BPCBLRHB"},"content":{"rendered":"<p>&#8211; El primer modelo construible LEGO Harry Potter de Dobby el Elfo Dom\u00e9stico &#8211; los fans pueden construir y exponer una recreaci\u00f3n del m\u00e1s querido personaje del Mundo M\u00e1gico<br \/>\n&#8211; La figura de Dobby el Elfo Dom\u00e9stico tiene una cabeza m\u00f3vil, orejas, brazos y dedos para que los ni\u00f1os puedan componer diferentes posturas y ajustar los dedos de Dobby para que sujete los accesorios hechos con piezas<br \/>\n&#8211; Incluye divertidos accesorios Harry Potter que los ni\u00f1os pueden usar para revivir momentos cl\u00e1sicos de la pel\u00edcula &#8211; La tarta pudding flotante de la T\u00eda Petunia y un modelo detallado del diario de Tom Riddle con el calcet\u00edn de Harry Potter<br \/>\n&#8211; La figura de Dobby viene con un soporte hecho de piezas con la placa nominativa para que el encantador personaje pueda exponerse como accesorio de decoraci\u00f3n de Harry Potter para la habitaci\u00f3n hasta la pr\u00f3xima aventura de juego m\u00e1gica<br \/>\n&#8211; Esta figura de juguete LEGO Dobby el Elfo Dom\u00e9stico es un regalo m\u00e1gico de Harry Potter para ni\u00f1as y ni\u00f1os de 8 en adelante y coleccionistas de recuerdos de Harry Potter<br \/>\n&#8211; Es un capricho m\u00e1gico para cualquier ocasi\u00f3n o como regalo Reyes o de cumplea\u00f1os de Harry Potter para fans de 8 a\u00f1os o m\u00e1s; combina este set con otros de la amplia colecci\u00f3n LEGO Harry Potter para mayor diversi\u00f3n<\/p>\n","protected":false},"excerpt":{"rendered":"<p>LEGO Harry Potter Dobby el Elfo Dom\u00e9stico, Figura Articulada del Personaje Coleccionable, Regalo para Ni\u00f1as, Ni\u00f1os, Adolescentes y Fans de 8 A\u00f1os o M\u00e1s, Juguete y Decoraci\u00f3n para la Habitaci\u00f3n 76421<br \/>#Publicidad <span class=\"read-more\"><a class=\"more-link btn btn-transparent\" href=\"https:\/\/rockkofertas.com.es\/index.php\/producto\/b0bpcblrhb\/\">Leer m\u00e1s&#8230;<\/a><\/span><\/p>\n","protected":false},"featured_media":7086,"comment_status":"open","ping_status":"closed","template":"","meta":[],"product_cat":[15],"product_tag":[],"class_list":{"0":"post-7087","1":"product","2":"type-product","3":"status-publish","4":"has-post-thumbnail","6":"product_cat-sin-categorizar","8":"first","9":"instock","10":"shipping-taxable","11":"product-type-external"},"_links":{"self":[{"href":"https:\/\/rockkofertas.com.es\/index.php\/wp-json\/wp\/v2\/product\/7087","targetHints":{"allow":["GET"]}}],"collection":[{"href":"https:\/\/rockkofertas.com.es\/index.php\/wp-json\/wp\/v2\/product"}],"about":[{"href":"https:\/\/rockkofertas.com.es\/index.php\/wp-json\/wp\/v2\/types\/product"}],"replies":[{"embeddable":true,"href":"https:\/\/rockkofertas.com.es\/index.php\/wp-json\/wp\/v2\/comments?post=7087"}],"wp:featuredmedia":[{"embeddable":true,"href":"https:\/\/rockkofertas.com.es\/index.php\/wp-json\/wp\/v2\/media\/7086"}],"wp:attachment":[{"href":"https:\/\/rockkofertas.com.es\/index.php\/wp-json\/wp\/v2\/media?parent=7087"}],"wp:term":[{"taxonomy":"product_cat","embeddable":true,"href":"https:\/\/rockkofertas.com.es\/index.php\/wp-json\/wp\/v2\/product_cat?post=7087"},{"taxonomy":"product_tag","embeddable":true,"href":"https:\/\/rockkofertas.com.es\/index.php\/wp-json\/wp\/v2\/product_tag?post=7087"}],"curies":[{"name":"wp","href":"https:\/\/api.w.org\/{rel}","templated":true}]}}