{"id":7085,"date":"2025-11-17T18:45:29","date_gmt":"2025-11-17T18:45:29","guid":{"rendered":"https:\/\/rockkofertas.com.es\/index.php\/producto\/b0dsh985vk-2\/"},"modified":"2025-11-17T18:45:29","modified_gmt":"2025-11-17T18:45:29","slug":"b0dsh985vk-2","status":"publish","type":"product","link":"https:\/\/rockkofertas.com.es\/index.php\/producto\/b0dsh985vk-2\/","title":{"rendered":"B0DSH985VK"},"content":{"rendered":"<p>&#8211; [C\u00e1mara Instant\u00e1nea Sin Tinta para Ni\u00f1os] Esta TIATUA camara fotos infantil instantanea utiliza tecnolog\u00eda t\u00e9rmica avanzada para imprimir fotos en blanco y negro de alta calidad sin t\u00f3ner ni tinta. Con un dise\u00f1o ligero, interfaz intuitiva y 3 rollos de papel fotogr\u00e1fico m\u00e1s rotuladores de colores incluidos, los ni\u00f1os podr\u00e1n personalizar sus fotos dibujando sobre ellas.<br \/>\n&#8211; \u200c[Fotos en HD y V\u00eddeo 1080P]\u200c \u00a1Captura al instante momentos especiales y conserva los recuerdos a tu alcance! Esta c\u00e1mara instant\u00e1nea para ni\u00f1os, equipada con una lente HD y una pantalla grande de 2.4 pulgadas, permite a los ni\u00f1os hacer fotos y grabar v\u00eddeos en cualquier lugar y momento, ayud\u00e1ndoles a guardar sus experiencias m\u00e1s memorables.<br \/>\n&#8211; \u200c[C\u00e1mara Instant\u00e1nea Multifunci\u00f3n] Esta c\u00e1mara digital para ni\u00f1os genera fotos en cuesti\u00f3n de segundos con un solo clic. Incluye funciones como grabaci\u00f3n de v\u00eddeo, fotograf\u00eda en time-lapse, disparo continuo, flash, reproducci\u00f3n de MP3 y m\u00e1s. Una variedad de filtros y marcos de fotos adorables potencian la creatividad y la imaginaci\u00f3n de los m\u00e1s peque\u00f1os.<br \/>\n&#8211; [Port\u00e1til y Recargable] Esta c\u00e1mara infantil cuenta con una bater\u00eda recargable de 1300mAh que ofrece horas de uso continuo. Incluye una tarjeta de 32GB capaz de almacenar miles de fotos, ideal para capturar recuerdos desde salidas familiares hasta quedadas con amigos. Los archivos se transfieren f\u00e1cilmente mediante un lector de tarjetas, facilitando el compartir y guardar tus momentos de forma pr\u00e1ctica.<br \/>\n&#8211; [Un Regalo M\u00e1gico para Peque\u00f1os Artistas] Esta c\u00e1mara instant\u00e1nea infantil es el lienzo perfecto para futuros creadores. Con pinceladas digitales como filtros vibrantes, pegatinas divertidas y herramientas de edici\u00f3n intuitivas, despierta tormentas de imaginaci\u00f3n. Ideal como regalo estrella en Navidad, Reyes, cumplea\u00f1os o cualquier d\u00eda que quieras convertir en extraordinario, dise\u00f1ada para ni\u00f1as y ni\u00f1os de 3 a 12 a\u00f1os que sue\u00f1an con capturar magia en cada instante.<\/p>\n","protected":false},"excerpt":{"rendered":"<p>TIATUA Camara Fotos Infantil Instantanea, 2,4 Pulgada 1080P C\u00e1mara de Fotos Instant\u00e1nea con Tarjeta de 32 GB y Papel Fotogr\u00e1fico, Regalo para Ni\u00f1os de 3 a 12 A\u00f1os<br \/>#Publicidad <span class=\"read-more\"><a class=\"more-link btn btn-transparent\" href=\"https:\/\/rockkofertas.com.es\/index.php\/producto\/b0dsh985vk-2\/\">Leer m\u00e1s&#8230;<\/a><\/span><\/p>\n","protected":false},"featured_media":7084,"comment_status":"open","ping_status":"closed","template":"","meta":[],"product_cat":[15],"product_tag":[],"class_list":{"0":"post-7085","1":"product","2":"type-product","3":"status-publish","4":"has-post-thumbnail","6":"product_cat-sin-categorizar","8":"first","9":"instock","10":"shipping-taxable","11":"product-type-external"},"_links":{"self":[{"href":"https:\/\/rockkofertas.com.es\/index.php\/wp-json\/wp\/v2\/product\/7085","targetHints":{"allow":["GET"]}}],"collection":[{"href":"https:\/\/rockkofertas.com.es\/index.php\/wp-json\/wp\/v2\/product"}],"about":[{"href":"https:\/\/rockkofertas.com.es\/index.php\/wp-json\/wp\/v2\/types\/product"}],"replies":[{"embeddable":true,"href":"https:\/\/rockkofertas.com.es\/index.php\/wp-json\/wp\/v2\/comments?post=7085"}],"wp:featuredmedia":[{"embeddable":true,"href":"https:\/\/rockkofertas.com.es\/index.php\/wp-json\/wp\/v2\/media\/7084"}],"wp:attachment":[{"href":"https:\/\/rockkofertas.com.es\/index.php\/wp-json\/wp\/v2\/media?parent=7085"}],"wp:term":[{"taxonomy":"product_cat","embeddable":true,"href":"https:\/\/rockkofertas.com.es\/index.php\/wp-json\/wp\/v2\/product_cat?post=7085"},{"taxonomy":"product_tag","embeddable":true,"href":"https:\/\/rockkofertas.com.es\/index.php\/wp-json\/wp\/v2\/product_tag?post=7085"}],"curies":[{"name":"wp","href":"https:\/\/api.w.org\/{rel}","templated":true}]}}