{"id":7079,"date":"2025-11-17T12:50:47","date_gmt":"2025-11-17T12:50:47","guid":{"rendered":"https:\/\/rockkofertas.com.es\/index.php\/producto\/b0fr4ldjnb\/"},"modified":"2025-11-17T12:50:47","modified_gmt":"2025-11-17T12:50:47","slug":"b0fr4ldjnb","status":"publish","type":"product","link":"https:\/\/rockkofertas.com.es\/index.php\/producto\/b0fr4ldjnb\/","title":{"rendered":"B0FR4LDJNB"},"content":{"rendered":"<p>&#8211; \ud83d\udd0b\u3010GRADO MILITAR Y BATER\u00cdA DE 1000 MAH\u3011 DEKELIFE reloj inteligente hombre combina robustez y alta tecnolog\u00eda: resistente al agua hasta 5 ATM, a golpes y ara\u00f1azos para garantizar un uso diario sin impactos. Equipado con una bater\u00eda de 1000 mAh, solo necesita 3H de carga para ofrecer hasta 30 d\u00edas de uso y 100 d\u00edas de autonom\u00eda. Adem\u00e1s, cuenta con una luz LED lateral que puede funcionar como linterna cuando necesitas iluminaci\u00f3n para correr, montar en bicicleta de noche o acampar en plena naturaleza.<br \/>\n&#8211; \ud83d\udcaa\u3010CONTROL DE SALUD 24\/7\u3011 DEKELIFE smartwatch hombre puede medir la frecuencia card\u00edaca, la SpO2, el estr\u00e9s y el sue\u00f1o las 24H del d\u00eda. Las advertencias independientes de frecuencia card\u00edaca est\u00e1tica\/din\u00e1mica y los ciclos de medici\u00f3n flexibles garantizan seguridad, mientras que los ejercicios de respiraci\u00f3n y el an\u00e1lisis del sue\u00f1o pueden mejorar el bienestar. Pulsera Actividad deportivo incorpora 9 modos deportivos y m\u00e1s de 110 en APP. Captura cada movimiento y se sincroniza con Google Fit .<br \/>\n&#8211; \ud83d\udcde\u3010LLAMADAS BLUETOOTH Y VERSATILIDAD\u3011 Smartwatch hombre con llamadas te permite no perderte ninguna llamada: el altavoz Bluetooth resistente al agua permite conversaciones n\u00edtidas y puedes a\u00f1adir 10 contactos favoritos. Reloj inteligentes hombre tambi\u00e9n env\u00eda notificaciones de WhatsApp, Instagram, SMS, etc. Ya sea que est\u00e9s en el trabajo, en una reuni\u00f3n, conduciendo, haciendo ejercicio, puedes sincronizar las notificaciones en tu tel\u00e9fono en cualquier momento y lugar, liberando tus manos.<br \/>\n&#8211; \ud83d\udc4d\u3010DISE\u00d1O PERSONALIZADO\u3011 DEKELIFE reloj inteligente hombre cuenta con una gran pantalla AMOLED de 1,91 pulgadas y 360&#215;360 p\u00edxeles, que ofrece una experiencia t\u00e1ctil fluida y un disfrute visual v\u00edvido. Smartwatch cuenta con 6 esferas preinstaladas y 177 opciones en la aplicaci\u00f3n, y tambi\u00e9n permite personalizar y subir fotos como fondo de pantalla. Pulsera actividad incluye dos correas de silicona, lo que ofrece m\u00e1s opciones para diferentes ocasiones.<br \/>\n&#8211; \ud83c\udfc6\u3010COMPATIBILIDAD Y UTILIDADES\u3011 2025 Nuevo relojes inteligentes hombre ofrece herramientas pr\u00e1cticas como pron\u00f3stico del tiempo, calculadora, calendario y reproductor de m\u00fasica. La funci\u00f3n \u00abAgitar para disparar\u00bb activa la c\u00e1mara del tel\u00e9fono. Funciones adicionales como linterna, control de m\u00fasica, navegaci\u00f3n por voz y seguimiento del tel\u00e9fono lo convierten en un producto vers\u00e1til. Smart watch es compatible con Android 5.1+ e iOS 9.0+. \u00a1Un compa\u00f1ero ideal para el deporte y el trabajo!<\/p>\n","protected":false},"excerpt":{"rendered":"<p>2025 Reloj Inteligente Hombre con LED Linterna, 1000mAh\/5ATM Impermeable\/1.91&#8243; AMOLED Militar Smartwatch con Llamadas, 113 Modos Deportivos\/24H Puls\u00f3metro\/Sue\u00f1o\/Pod\u00f3metro Pulsera Actividad Android iOS<br \/>#Publicidad <span class=\"read-more\"><a class=\"more-link btn btn-transparent\" href=\"https:\/\/rockkofertas.com.es\/index.php\/producto\/b0fr4ldjnb\/\">Leer m\u00e1s&#8230;<\/a><\/span><\/p>\n","protected":false},"featured_media":7078,"comment_status":"open","ping_status":"closed","template":"","meta":[],"product_cat":[15],"product_tag":[],"class_list":{"0":"post-7079","1":"product","2":"type-product","3":"status-publish","4":"has-post-thumbnail","6":"product_cat-sin-categorizar","8":"first","9":"instock","10":"shipping-taxable","11":"product-type-external"},"_links":{"self":[{"href":"https:\/\/rockkofertas.com.es\/index.php\/wp-json\/wp\/v2\/product\/7079","targetHints":{"allow":["GET"]}}],"collection":[{"href":"https:\/\/rockkofertas.com.es\/index.php\/wp-json\/wp\/v2\/product"}],"about":[{"href":"https:\/\/rockkofertas.com.es\/index.php\/wp-json\/wp\/v2\/types\/product"}],"replies":[{"embeddable":true,"href":"https:\/\/rockkofertas.com.es\/index.php\/wp-json\/wp\/v2\/comments?post=7079"}],"wp:featuredmedia":[{"embeddable":true,"href":"https:\/\/rockkofertas.com.es\/index.php\/wp-json\/wp\/v2\/media\/7078"}],"wp:attachment":[{"href":"https:\/\/rockkofertas.com.es\/index.php\/wp-json\/wp\/v2\/media?parent=7079"}],"wp:term":[{"taxonomy":"product_cat","embeddable":true,"href":"https:\/\/rockkofertas.com.es\/index.php\/wp-json\/wp\/v2\/product_cat?post=7079"},{"taxonomy":"product_tag","embeddable":true,"href":"https:\/\/rockkofertas.com.es\/index.php\/wp-json\/wp\/v2\/product_tag?post=7079"}],"curies":[{"name":"wp","href":"https:\/\/api.w.org\/{rel}","templated":true}]}}