{"id":7071,"date":"2025-11-17T00:00:46","date_gmt":"2025-11-17T00:00:46","guid":{"rendered":"https:\/\/rockkofertas.com.es\/index.php\/producto\/b0fjfpkzbh\/"},"modified":"2025-11-17T00:00:46","modified_gmt":"2025-11-17T00:00:46","slug":"b0fjfpkzbh","status":"publish","type":"product","link":"https:\/\/rockkofertas.com.es\/index.php\/producto\/b0fjfpkzbh\/","title":{"rendered":"B0FJFPKZBH"},"content":{"rendered":"<p>&#8211; Pantalla HD: Este reloj inteligente cuenta con una pantalla HD a color de 1,39 pulgadas, que se ve claramente incluso bajo la luz solar directa, ofreciendo una experiencia visual inmersiva. Este smartwatch cuenta con una elegante y moderna caja de metal, ideal para diversas ocasiones, como deportes, la oficina o salidas.<br \/>\n&#8211; Monitoreo de Salud 24\/7: Este pulsera actividad cuenta con monitor de frecuencia card\u00edaca, saturaci\u00f3n de ox\u00edgeno en sangre SpO2, sue\u00f1o profundidad, duraci\u00f3n y calidad y recordatorios de salud femenina. Los recordatorios inteligentes del smart watch te ayudan a desarrollar h\u00e1bitos diarios m\u00e1s saludables.<br \/>\n&#8211; M\u00faltiples Modos Deportivos: Este reloj deportivo admite m\u00e1s de 100 modos deportivos, como caminar, correr, ciclismo, saltar a la comba, etc., que permiten un seguimiento preciso de tu rendimiento deportivo y resultados \u00f3ptimos en el entrenamiento. Este reloj digital combina funcionalidad y estilo moderno, lo que lo convierte en la opci\u00f3n ideal para fitness o deportes.<br \/>\n&#8211; Notificaciones Inteligentes: El reloj inteligente hombre recibe recordatorios en tiempo real de llamadas entrantes, mensajes de texto, correos electr\u00f3nicos y otras aplicaciones, para que no te pierdas ninguna informaci\u00f3n importante. El reloj hombre tambi\u00e9n est\u00e1 equipado con asistente de voz, micr\u00f3fono y altavoz HD para una interacci\u00f3n fluida.<br \/>\n&#8211; Bater\u00eda de Larga Duraci\u00f3n, Resistencia al Agua IP68: Este reloj inteligente mujer est\u00e1 dise\u00f1ado para tu estilo de vida activo, con hasta 7 d\u00edas de duraci\u00f3n de bater\u00eda con uso normal y hasta 20 d\u00edas de autonom\u00eda en espera. Este reloj mujer cuenta con certificaci\u00f3n IP68, resistencia al agua y al polvo. No te preocupes si haces ejercicio, te duchas o te sorprende la lluvia.<\/p>\n","protected":false},"excerpt":{"rendered":"<p>Reloj Inteligente Hombre Mujer, 1.39&#8243;HD Smartwatch con Llamadas Bluetooth, 112+ Deportivos Modos Reloj Deportivo con Puls\u00f3metro Ox\u00edmetro Pod\u00f3metro, IP68 Impermeable Pulsera Actividad para Android IOS<br \/>\n#Publicidad <span class=\"read-more\"><a class=\"more-link btn btn-transparent\" href=\"https:\/\/rockkofertas.com.es\/index.php\/producto\/b0fjfpkzbh\/\">Leer m\u00e1s&#8230;<\/a><\/span><\/p>\n","protected":false},"featured_media":7070,"comment_status":"open","ping_status":"closed","template":"","meta":[],"product_cat":[15],"product_tag":[],"class_list":{"0":"post-7071","1":"product","2":"type-product","3":"status-publish","4":"has-post-thumbnail","6":"product_cat-sin-categorizar","8":"first","9":"instock","10":"shipping-taxable","11":"product-type-external"},"_links":{"self":[{"href":"https:\/\/rockkofertas.com.es\/index.php\/wp-json\/wp\/v2\/product\/7071","targetHints":{"allow":["GET"]}}],"collection":[{"href":"https:\/\/rockkofertas.com.es\/index.php\/wp-json\/wp\/v2\/product"}],"about":[{"href":"https:\/\/rockkofertas.com.es\/index.php\/wp-json\/wp\/v2\/types\/product"}],"replies":[{"embeddable":true,"href":"https:\/\/rockkofertas.com.es\/index.php\/wp-json\/wp\/v2\/comments?post=7071"}],"wp:featuredmedia":[{"embeddable":true,"href":"https:\/\/rockkofertas.com.es\/index.php\/wp-json\/wp\/v2\/media\/7070"}],"wp:attachment":[{"href":"https:\/\/rockkofertas.com.es\/index.php\/wp-json\/wp\/v2\/media?parent=7071"}],"wp:term":[{"taxonomy":"product_cat","embeddable":true,"href":"https:\/\/rockkofertas.com.es\/index.php\/wp-json\/wp\/v2\/product_cat?post=7071"},{"taxonomy":"product_tag","embeddable":true,"href":"https:\/\/rockkofertas.com.es\/index.php\/wp-json\/wp\/v2\/product_tag?post=7071"}],"curies":[{"name":"wp","href":"https:\/\/api.w.org\/{rel}","templated":true}]}}