{"id":7069,"date":"2025-11-16T21:12:16","date_gmt":"2025-11-16T21:12:16","guid":{"rendered":"https:\/\/rockkofertas.com.es\/index.php\/producto\/b0fg2xh44y-2\/"},"modified":"2025-11-16T21:12:16","modified_gmt":"2025-11-16T21:12:16","slug":"b0fg2xh44y-2","status":"publish","type":"product","link":"https:\/\/rockkofertas.com.es\/index.php\/producto\/b0fg2xh44y-2\/","title":{"rendered":"B0FG2XH44Y"},"content":{"rendered":"<p>&#8211; \u301055Kpa\/600W fuerte succi\u00f3n\u3011V10 EVO aspiradora sin cable cuenta con un motor de alta velocidad que alcanza las 120,000 RPM y una potencia de succi\u00f3n de 600W, lo que permite una limpieza diaria eficiente. Ofrece cuatro modos ajustables: ECO, EST\u00c1NDAR, TURBO y AUTO, adecuados para suelos duros, moquetas y pelo de mascotas.<br \/>\n&#8211; \u3010Hasta 70 minutos de autonom\u00eda con bater\u00eda extra\u00edble\u3011El aspirador sin cable V10 EVO cuenta con una bater\u00eda de iones de litio de alta capacidad (8*2500 mAh), que ofrece hasta 70 minutos de autonom\u00eda en modo AUTO. Una sola carga es suficiente para la limpieza completa de la vivienda sin interrupciones. La bater\u00eda extra\u00edble permite opciones de carga flexibles.<br \/>\n&#8211; \u3010Cubo de basura doble de 1.8L\u3011El dise\u00f1o de doble dep\u00f3sito de 1.8L separa los residuos s\u00f3lidos del aire para ayudar a reducir la obstrucci\u00f3n del filtro HEPA y la p\u00e9rdida de succi\u00f3n. El sistema de filtraci\u00f3n cicl\u00f3nica de 5 capas ayuda a minimizar la frecuencia de limpieza del filtro HEPA por parte de los usuarios. Adecuado para hogares con mascotas o ni\u00f1os.<br \/>\n&#8211; \u3010Manguera extensible de 1 metro\u3011Adem\u00e1s de la boquilla plana 2 en 1 y el cepillo para rendijas, esta aspiradora incluye especialmente una manguera extensible de 1 metro que alcanza f\u00e1cilmente rincones inaccesibles para cepillos tradicionales. Permite una limpieza profunda en \u00e1reas de dif\u00edcil acceso como espacios entre muebles, rieles de ventanas, techos y esquinas altas, facilitando una limpieza integral sin necesidad de mover frecuentemente la unidad principal, lo que hace el proceso m\u00e1s eficiente y menos demandante.<br \/>\n&#8211; \u3010Cepillo de piso en forma de V con luz verde\u3011La barra de cepillo est\u00e1 dise\u00f1ada en forma de V para reducir el enredo de cabello. Su estructura \u00fanica ayuda a dirigir los residuos hacia la entrada de succi\u00f3n, mejorando el rendimiento de recolecci\u00f3n. La luz verde en el cepillo hace que el polvo sea m\u00e1s visible en condiciones de poca luz para una limpieza exhaustiva.<\/p>\n","protected":false},"excerpt":{"rendered":"<p>Ivormentico V10 EVO Aspiradora sin Cable, 55Kpa\/600W\/70Mins Aspiradoras Escoba con Modo Autom\u00e1tico, Dep\u00f3sito Doble de 1.8L, Cepillo Antienredos, Ideal para Pelo de Mascotas\/Alfombras\/Suelos Duros<br \/>#Publicidad <span class=\"read-more\"><a class=\"more-link btn btn-transparent\" href=\"https:\/\/rockkofertas.com.es\/index.php\/producto\/b0fg2xh44y-2\/\">Leer m\u00e1s&#8230;<\/a><\/span><\/p>\n","protected":false},"featured_media":7068,"comment_status":"open","ping_status":"closed","template":"","meta":[],"product_cat":[15],"product_tag":[],"class_list":{"0":"post-7069","1":"product","2":"type-product","3":"status-publish","4":"has-post-thumbnail","6":"product_cat-sin-categorizar","8":"first","9":"instock","10":"shipping-taxable","11":"product-type-external"},"_links":{"self":[{"href":"https:\/\/rockkofertas.com.es\/index.php\/wp-json\/wp\/v2\/product\/7069","targetHints":{"allow":["GET"]}}],"collection":[{"href":"https:\/\/rockkofertas.com.es\/index.php\/wp-json\/wp\/v2\/product"}],"about":[{"href":"https:\/\/rockkofertas.com.es\/index.php\/wp-json\/wp\/v2\/types\/product"}],"replies":[{"embeddable":true,"href":"https:\/\/rockkofertas.com.es\/index.php\/wp-json\/wp\/v2\/comments?post=7069"}],"wp:featuredmedia":[{"embeddable":true,"href":"https:\/\/rockkofertas.com.es\/index.php\/wp-json\/wp\/v2\/media\/7068"}],"wp:attachment":[{"href":"https:\/\/rockkofertas.com.es\/index.php\/wp-json\/wp\/v2\/media?parent=7069"}],"wp:term":[{"taxonomy":"product_cat","embeddable":true,"href":"https:\/\/rockkofertas.com.es\/index.php\/wp-json\/wp\/v2\/product_cat?post=7069"},{"taxonomy":"product_tag","embeddable":true,"href":"https:\/\/rockkofertas.com.es\/index.php\/wp-json\/wp\/v2\/product_tag?post=7069"}],"curies":[{"name":"wp","href":"https:\/\/api.w.org\/{rel}","templated":true}]}}