{"id":7067,"date":"2025-11-16T20:18:23","date_gmt":"2025-11-16T20:18:23","guid":{"rendered":"https:\/\/rockkofertas.com.es\/index.php\/producto\/b0ft29br3m\/"},"modified":"2025-11-16T20:18:23","modified_gmt":"2025-11-16T20:18:23","slug":"b0ft29br3m","status":"publish","type":"product","link":"https:\/\/rockkofertas.com.es\/index.php\/producto\/b0ft29br3m\/","title":{"rendered":"B0FT29BR3M"},"content":{"rendered":"<p>&#8211; \u3010Nutritivo y Reparador\u3011Este suero para pesta\u00f1as proporciona una nutrici\u00f3n profunda a las pesta\u00f1as finas y d\u00e9biles. No solo ayuda a prevenir la ca\u00edda de pesta\u00f1as y a crecer fuertes y sanas, sino que tambi\u00e9n ayuda a reparar e hidratar las pesta\u00f1as da\u00f1adas y a nutrirlas. Reduce el da\u00f1o que el r\u00edmel y las pesta\u00f1as postizas pueden causar.<br \/>\n&#8211; \u3010Suero para Pesta\u00f1as M\u00e1s Largas y Densas\u3011 Nuestro suero para el crecimiento de pesta\u00f1as ayuda a revitalizar los fol\u00edculos pilosos, nutre eficazmente las c\u00e9lulas nuevas y activa el gen de la queratina, promoviendo el crecimiento de las pesta\u00f1as y reduciendo su ca\u00edda. Haci\u00e9ndolas m\u00e1s gruesas, largas, fuertes y brillantes. Tambi\u00e9n fortalece y acondiciona las pesta\u00f1as d\u00e9biles, da\u00f1adas y quebradizas, alargando y dando volumen a tus pesta\u00f1as.<br \/>\n&#8211; \u3010Vers\u00e1til para todo tipo de pesta\u00f1as\u3011: Ya sea que tengas pesta\u00f1as naturalmente escasas o simplemente quieras aumentar su volumen, nuestro s\u00e9rum para el crecimiento de pesta\u00f1as es adecuado para todo tipo de pesta\u00f1as. Aprovecha la versatilidad de nuestro s\u00e9rum para pesta\u00f1as y deja que la belleza \u00fanica de tus pesta\u00f1as brille.<br \/>\n&#8211; \u3010Ingredientes Naturales e Hidratantes\u3011- El suero para pesta\u00f1as promueve la circulaci\u00f3n sangu\u00ednea alrededor de los fol\u00edculos, favoreciendo el crecimiento de nuevas pesta\u00f1as. Las l\u00edneas de pesta\u00f1as irregulares se rellenan con este s\u00e9rum para que luzcan abundantes y saludables. Fortalece la estructura del cabello para darles m\u00e1s fuerza y \u200b\u200bvolumen.<br \/>\n&#8211; \u3010F\u00e1cil de aplicar\u3011: Simplemente apl\u00edcalo dos veces al d\u00eda sobre la piel limpia, como un delineador l\u00edquido, en la base de las pesta\u00f1as o las cejas. El s\u00e9rum para pesta\u00f1as tiene una consistencia transparente y ligera, totalmente imperceptible. Apl\u00edcalo por la ma\u00f1ana y por la noche para un efecto completo.<\/p>\n","protected":false},"excerpt":{"rendered":"<p>Voluminizador Largas y Gruesas, 5ML Serum Pesta\u00f1as Crecimiento, Tratamiento Fortalecedor y Alargador para pesta\u00f1asPotente para el Alargamiento y Engrosamiento de Pesta\u00f1as -White<br \/>#Publicidad <span class=\"read-more\"><a class=\"more-link btn btn-transparent\" href=\"https:\/\/rockkofertas.com.es\/index.php\/producto\/b0ft29br3m\/\">Leer m\u00e1s&#8230;<\/a><\/span><\/p>\n","protected":false},"featured_media":7066,"comment_status":"open","ping_status":"closed","template":"","meta":[],"product_cat":[15],"product_tag":[],"class_list":{"0":"post-7067","1":"product","2":"type-product","3":"status-publish","4":"has-post-thumbnail","6":"product_cat-sin-categorizar","8":"first","9":"instock","10":"shipping-taxable","11":"product-type-external"},"_links":{"self":[{"href":"https:\/\/rockkofertas.com.es\/index.php\/wp-json\/wp\/v2\/product\/7067","targetHints":{"allow":["GET"]}}],"collection":[{"href":"https:\/\/rockkofertas.com.es\/index.php\/wp-json\/wp\/v2\/product"}],"about":[{"href":"https:\/\/rockkofertas.com.es\/index.php\/wp-json\/wp\/v2\/types\/product"}],"replies":[{"embeddable":true,"href":"https:\/\/rockkofertas.com.es\/index.php\/wp-json\/wp\/v2\/comments?post=7067"}],"wp:featuredmedia":[{"embeddable":true,"href":"https:\/\/rockkofertas.com.es\/index.php\/wp-json\/wp\/v2\/media\/7066"}],"wp:attachment":[{"href":"https:\/\/rockkofertas.com.es\/index.php\/wp-json\/wp\/v2\/media?parent=7067"}],"wp:term":[{"taxonomy":"product_cat","embeddable":true,"href":"https:\/\/rockkofertas.com.es\/index.php\/wp-json\/wp\/v2\/product_cat?post=7067"},{"taxonomy":"product_tag","embeddable":true,"href":"https:\/\/rockkofertas.com.es\/index.php\/wp-json\/wp\/v2\/product_tag?post=7067"}],"curies":[{"name":"wp","href":"https:\/\/api.w.org\/{rel}","templated":true}]}}