{"id":7063,"date":"2025-11-16T16:00:46","date_gmt":"2025-11-16T16:00:46","guid":{"rendered":"https:\/\/rockkofertas.com.es\/index.php\/producto\/b0d53qg5h9\/"},"modified":"2025-11-16T16:00:46","modified_gmt":"2025-11-16T16:00:46","slug":"b0d53qg5h9","status":"publish","type":"product","link":"https:\/\/rockkofertas.com.es\/index.php\/producto\/b0d53qg5h9\/","title":{"rendered":"B0D53QG5H9"},"content":{"rendered":"<p>&#8211; \ud83d\udeb4\u200dSEGURO Y RESISTENTE A LOS IMPACTOS: Los cascos para ni\u00f1os KORIMEFA cuentan con las certificaciones EN, CPSC y ASTM, proporcionando una excelente protecci\u00f3n para deportes al aire libre como patinaje sobre hielo, ciclismo, monopat\u00edn y patinaje en l\u00ednea. Resistente a golpes e impactos. Est\u00e1 fabricado con espuma ABS y EPS resistente y duradera que absorbe los golpes y protege la cabeza en caso de impacto.<br \/>\n&#8211; \ud83d\udeb4\u200dSISTEMA DE VENTILACI\u00d3N: Gracias al dise\u00f1o de las 11 ventilaciones, al dise\u00f1o aerodin\u00e1mico especial y a la espuma transpirable, este casco reduce la sudoraci\u00f3n y te mantiene fresco incluso durante la pr\u00e1ctica deportiva. Este casco es perfecto para el skate y el ciclismo.<br \/>\n&#8211; \ud83d\udeb4\u200dAJUSTABLE: El casco deportivo KORIMEFA tiene dos correas y hebillas ajustables que pueden adaptarse a ni\u00f1os de todas las formas y tama\u00f1os y crecer con ellos. 3 ALMOHADILLAS REMOVIBLES, LAVABLES Y REUTILIZABLES (2 grosores de almohadillas de 5mm y 10mm est\u00e1n disponibles, a\u00f1\u00e1delas seg\u00fan sea necesario cuando uses el casco). 3 almohadillas extra\u00edbles, lavables y reutilizables (se proporcionan 2 grosores de almohadillas de 5 mm y 10 mm para elegir, por favor, a\u00f1\u00e1dalas seg\u00fan sea necesario cuando lo utilice) Aproximadamente 1,9 cm de espuma r\u00edgida EPS ultraligera de alta densidad que absorbe los impactos y garantiza no s\u00f3lo la comodidad, sino tambi\u00e9n la total seguridad del ni\u00f1o.<br \/>\n&#8211; \ud83d\udeb4\u200dTALLAS DISPONIBLES: Mida la circunferencia de la cabeza desde el centro de la frente para asegurarse de que se ha seleccionado la talla\/ajuste correctos. Casco talla S 48-54 cm, edad recomendada 3-8 a\u00f1os. Talla de casco M 55-59 cm, edad recomendada 8-13 a\u00f1os. ATENCI\u00d3N: Antes de comprar, le recomendamos que mida cuidadosamente la CIRCUMFERENCIA C\u00c1RDICA de su hijo, ya que los ni\u00f1os de diferentes edades tienen diferentes formas corporales y circunferencias craneales. La edad recomendada puede NO ser adecuada para todos los ni\u00f1os.<br \/>\n&#8211; \ud83d\udeb4\u200dDEPORTES ADECUADOS: Como accesorio ideal para el monopat\u00edn, este casco de monopat\u00edn tambi\u00e9n es adecuado para una amplia gama de actividades al aire libre como el patinaje sobre ruedas, el patinaje en l\u00ednea, el scooter, el ciclismo, el longboard y el monopat\u00edn de dos ruedas. SERVICIO AL CLIENTE: Siempre adoptamos una actitud responsable hacia nuestros productos. Si encuentra alg\u00fan problema despu\u00e9s de la compra o durante el uso, puede ponerse en contacto con nosotros en cualquier momento, y le proporcionaremos una soluci\u00f3n adecuada lo antes posible.<\/p>\n","protected":false},"excerpt":{"rendered":"<p>KORIMEFA Casco Bicicleta para Ni\u00f1os Casco Infantil Ajustable para Monopat\u00edn Patinaje BMX Esquiar, Casco para multibles Deportes ni\u00f1o ni\u00f1a de Edad de 3-13 a\u00f1os (Verde Oliva, Small)<br \/>\n#Publicidad <span class=\"read-more\"><a class=\"more-link btn btn-transparent\" href=\"https:\/\/rockkofertas.com.es\/index.php\/producto\/b0d53qg5h9\/\">Leer m\u00e1s&#8230;<\/a><\/span><\/p>\n","protected":false},"featured_media":7062,"comment_status":"open","ping_status":"closed","template":"","meta":[],"product_cat":[15],"product_tag":[],"class_list":{"0":"post-7063","1":"product","2":"type-product","3":"status-publish","4":"has-post-thumbnail","6":"product_cat-sin-categorizar","8":"first","9":"instock","10":"shipping-taxable","11":"product-type-external"},"_links":{"self":[{"href":"https:\/\/rockkofertas.com.es\/index.php\/wp-json\/wp\/v2\/product\/7063","targetHints":{"allow":["GET"]}}],"collection":[{"href":"https:\/\/rockkofertas.com.es\/index.php\/wp-json\/wp\/v2\/product"}],"about":[{"href":"https:\/\/rockkofertas.com.es\/index.php\/wp-json\/wp\/v2\/types\/product"}],"replies":[{"embeddable":true,"href":"https:\/\/rockkofertas.com.es\/index.php\/wp-json\/wp\/v2\/comments?post=7063"}],"wp:featuredmedia":[{"embeddable":true,"href":"https:\/\/rockkofertas.com.es\/index.php\/wp-json\/wp\/v2\/media\/7062"}],"wp:attachment":[{"href":"https:\/\/rockkofertas.com.es\/index.php\/wp-json\/wp\/v2\/media?parent=7063"}],"wp:term":[{"taxonomy":"product_cat","embeddable":true,"href":"https:\/\/rockkofertas.com.es\/index.php\/wp-json\/wp\/v2\/product_cat?post=7063"},{"taxonomy":"product_tag","embeddable":true,"href":"https:\/\/rockkofertas.com.es\/index.php\/wp-json\/wp\/v2\/product_tag?post=7063"}],"curies":[{"name":"wp","href":"https:\/\/api.w.org\/{rel}","templated":true}]}}