{"id":7061,"date":"2025-11-16T12:11:16","date_gmt":"2025-11-16T12:11:16","guid":{"rendered":"https:\/\/rockkofertas.com.es\/index.php\/producto\/b0fn8gk19m\/"},"modified":"2025-11-16T12:11:16","modified_gmt":"2025-11-16T12:11:16","slug":"b0fn8gk19m","status":"publish","type":"product","link":"https:\/\/rockkofertas.com.es\/index.php\/producto\/b0fn8gk19m\/","title":{"rendered":"B0FN8GK19M"},"content":{"rendered":"<p>&#8211; Limpieza Profunda de Alta Eficiencia de 360\u00b0: nuestro limpiador ultrasonico emplea tecnolog\u00eda ultras\u00f3nica avanzada de alta frecuencia de 50,000 Hz para generar millones de microburbujas que llegan a cada rinc\u00f3n, limpiando profundamente de manera efectiva todo tipo de aparatos dentales, como retenedores, dentaduras postizas, aparatos ortop\u00e9dicos, protectores bucales, cabezales de cepillos de dientes, joyas y m\u00e1s.<br \/>\n&#8211; Tecnolog\u00eda Avanzada de Luz ultravioleta: Con 4 luces ultravioleta integradas, este limpieza dental ultrasonidos ofrece una limpieza m\u00e1s profunda de sus aparatos dentales, garantizando una higiene bucal completa y manteniendo una higiene \u00f3ptima. Las luces UV del interior del limpiador retenedor dental se apagar\u00e1n autom\u00e1ticamente cuando se abra la tapa para proteger sus ojos.<br \/>\n&#8211; Duradero y Silencioso: Fabricado con ABS de primera calidad en su carcasa exterior y con una c\u00e1mara interior de acero inoxidable SUS 304, este m\u00e1quina limpiadora de retenedores es duradero y seguro. Dise\u00f1ado con un nivel de ruido inferior a 45 dB y 6 almohadillas de silicona que absorben los golpes y eliminan los ruidos, este limpiador de retenedor dental funciona excepcionalmente bien durante su uso nocturno.<br \/>\n&#8211; Limpiador de Fundas de Dientes con 4 Modos: Este limpiador ultras\u00f3nico de retenedores presenta 4 modos distintos, control de bot\u00f3n de un toque y pantalla de tiempo digital 3 minutos\/5 minutos\/8 minutos\/10 minutos (180 s\/300 s\/480 s\/600 s). puede elegir el modo correspondiente seg\u00fan los elementos a limpiar.<br \/>\n&#8211; Compacto y Port\u00e1til Ultrasonidos Limpieza Dental: Este retainer cleaner es ligero y compacto, lo que lo hace f\u00e1cil de guardar en neceseres, maletines o bolsos de viaje. Con un tanque de acero inoxidable de 250 ml, este limpiador ferula dental es apto para diversos aparatos dentales y joyas, ideal como una opci\u00f3n de limpieza fiable tanto para el hogar como para viajes.<\/p>\n","protected":false},"excerpt":{"rendered":"<p>LVYOUIF Limpiador Ultrasonidos Dental 50000Hz Ultrasonidos Limpieza con L\u00e1mpara UV y 4 Modos, 250ml Ultrasonic Retainer Cleaner Dental Pod para Dentaduras Postizas, Retenedores, Joyas, Blanco<br \/>#Publicidad <span class=\"read-more\"><a class=\"more-link btn btn-transparent\" href=\"https:\/\/rockkofertas.com.es\/index.php\/producto\/b0fn8gk19m\/\">Leer m\u00e1s&#8230;<\/a><\/span><\/p>\n","protected":false},"featured_media":7060,"comment_status":"open","ping_status":"closed","template":"","meta":[],"product_cat":[15],"product_tag":[],"class_list":{"0":"post-7061","1":"product","2":"type-product","3":"status-publish","4":"has-post-thumbnail","6":"product_cat-sin-categorizar","8":"first","9":"instock","10":"shipping-taxable","11":"product-type-external"},"_links":{"self":[{"href":"https:\/\/rockkofertas.com.es\/index.php\/wp-json\/wp\/v2\/product\/7061","targetHints":{"allow":["GET"]}}],"collection":[{"href":"https:\/\/rockkofertas.com.es\/index.php\/wp-json\/wp\/v2\/product"}],"about":[{"href":"https:\/\/rockkofertas.com.es\/index.php\/wp-json\/wp\/v2\/types\/product"}],"replies":[{"embeddable":true,"href":"https:\/\/rockkofertas.com.es\/index.php\/wp-json\/wp\/v2\/comments?post=7061"}],"wp:featuredmedia":[{"embeddable":true,"href":"https:\/\/rockkofertas.com.es\/index.php\/wp-json\/wp\/v2\/media\/7060"}],"wp:attachment":[{"href":"https:\/\/rockkofertas.com.es\/index.php\/wp-json\/wp\/v2\/media?parent=7061"}],"wp:term":[{"taxonomy":"product_cat","embeddable":true,"href":"https:\/\/rockkofertas.com.es\/index.php\/wp-json\/wp\/v2\/product_cat?post=7061"},{"taxonomy":"product_tag","embeddable":true,"href":"https:\/\/rockkofertas.com.es\/index.php\/wp-json\/wp\/v2\/product_tag?post=7061"}],"curies":[{"name":"wp","href":"https:\/\/api.w.org\/{rel}","templated":true}]}}